{"id":13810,"date":"2024-04-20T20:34:14","date_gmt":"2024-04-20T18:34:14","guid":{"rendered":"https:\/\/stone-heap.com\/?page_id=13810"},"modified":"2024-05-07T20:22:05","modified_gmt":"2024-05-07T18:22:05","slug":"hsb-projektseite","status":"publish","type":"page","link":"http:\/\/stone-heap.com\/en\/hsb-projektseite\/","title":{"rendered":"HSB &#8211; Projektseite"},"content":{"rendered":"<div data-elementor-type=\"wp-page\" data-elementor-id=\"13810\" class=\"elementor elementor-13810\" data-elementor-post-type=\"page\">\n\t\t\t\t\t\t<section class=\"elementor-section elementor-top-section elementor-element elementor-element-c6853de elementor-section-boxed elementor-section-height-default elementor-section-height-default\" data-id=\"c6853de\" data-element_type=\"section\" data-e-type=\"section\">\n\t\t\t\t\t\t<div class=\"elementor-container elementor-column-gap-default\">\n\t\t\t\t\t<div class=\"elementor-column elementor-col-100 elementor-top-column elementor-element elementor-element-7137290\" data-id=\"7137290\" data-element_type=\"column\" data-e-type=\"column\">\n\t\t\t<div class=\"elementor-widget-wrap elementor-element-populated\">\n\t\t\t\t\t\t<div class=\"elementor-element elementor-element-3aa3a31 elementor-widget elementor-widget-heading\" data-id=\"3aa3a31\" data-element_type=\"widget\" data-e-type=\"widget\" data-widget_type=\"heading.default\">\n\t\t\t\t<div class=\"elementor-widget-container\">\n\t\t\t\t\t<h1 class=\"elementor-heading-title elementor-size-default\">Harz narrow-gauge railway<\/h1>\t\t\t\t<\/div>\n\t\t\t\t<\/div>\n\t\t\t\t\t<\/div>\n\t\t<\/div>\n\t\t\t\t\t<\/div>\n\t\t<\/section>\n\t\t\t\t<section class=\"elementor-section elementor-top-section elementor-element elementor-element-1cdb2fd elementor-section-boxed elementor-section-height-default elementor-section-height-default\" data-id=\"1cdb2fd\" data-element_type=\"section\" data-e-type=\"section\">\n\t\t\t\t\t\t<div class=\"elementor-container elementor-column-gap-default\">\n\t\t\t\t\t<div class=\"elementor-column elementor-col-100 elementor-top-column elementor-element elementor-element-c937200\" data-id=\"c937200\" data-element_type=\"column\" data-e-type=\"column\">\n\t\t\t<div class=\"elementor-widget-wrap elementor-element-populated\">\n\t\t\t\t\t\t<div class=\"elementor-element elementor-element-ad331d1 elementor-widget elementor-widget-text-editor\" data-id=\"ad331d1\" data-element_type=\"widget\" data-e-type=\"widget\" data-widget_type=\"text-editor.default\">\n\t\t\t\t<div class=\"elementor-widget-container\">\n\t\t\t\t\t\t\t\t\t<p><strong>To the client:<\/strong> Die Harzer Schmalspurbahnen (HSB) sind ein Eisenbahnunternehmen in Deutschland, dass im Harzgebirge in Sachsen-Anhalt und Niedersachsen t\u00e4tig ist. Die HSB betreibt eine Vielzahl von Schmalspurstrecken, die haupts\u00e4chlich f\u00fcr den Tourismus genutzt werden. Die bekannteste Strecke ist die Harzquerbahn, die von Wernigerode nach Nordhausen f\u00fchrt. Die Harzer Schmalspurbahnen bieten historische Dampfzugfahrten sowie moderne Dieselz\u00fcge an und verbinden verschiedene malerische Orte im Harz miteinander. Die Z\u00fcge sind bei Touristen sehr beliebt und tragen zur Attraktivit\u00e4t der Region bei. Dar\u00fcber hinaus ist die HSB auch f\u00fcr den G\u00fcterverkehr im Harzgebiet zust\u00e4ndig.<\/p><p><strong>About the project:\u00a0<\/strong>F\u00fcr den Souvenirshop der HSB haben wir zwei Artikel entwickelt. Die Dampflok mit der Nummer 99 236 und passend dazu Reisezugwagen. Beide Artikel wurden mit Aufklebern versehen, sodass bestimmte Details originalgetreu wiedergegeben werden konnten. Die Baus\u00e4tze mit bedruckter Schachtel werden an 8 Standorten verkauft und auch online angeboten. Mit einer beiliegenden Bauanleitungen kann man die Modelle Step by Step aufbauen.<\/p><p style=\"text-align: center;\"><a href=\"https:\/\/www.hsb-wr.de\/\" rel=\"nofollow noopener\" target=\"_blank\"><strong>To the website<\/strong><\/a><\/p>\t\t\t\t\t\t\t\t<\/div>\n\t\t\t\t<\/div>\n\t\t\t\t\t<\/div>\n\t\t<\/div>\n\t\t\t\t\t<\/div>\n\t\t<\/section>\n\t\t\t\t<section class=\"elementor-section elementor-top-section elementor-element elementor-element-cb89606 elementor-section-boxed elementor-section-height-default elementor-section-height-default\" data-id=\"cb89606\" data-element_type=\"section\" data-e-type=\"section\">\n\t\t\t\t\t\t<div class=\"elementor-container elementor-column-gap-default\">\n\t\t\t\t\t<div class=\"elementor-column elementor-col-50 elementor-top-column elementor-element elementor-element-70f64cb\" data-id=\"70f64cb\" data-element_type=\"column\" data-e-type=\"column\">\n\t\t\t<div class=\"elementor-widget-wrap elementor-element-populated\">\n\t\t\t\t\t\t<div class=\"elementor-element elementor-element-5b2825d elementor--h-position-center elementor--v-position-middle elementor-widget elementor-widget-slides\" data-id=\"5b2825d\" data-element_type=\"widget\" data-e-type=\"widget\" data-settings=\"{&quot;navigation&quot;:&quot;none&quot;,&quot;autoplay&quot;:&quot;yes&quot;,&quot;pause_on_hover&quot;:&quot;yes&quot;,&quot;pause_on_interaction&quot;:&quot;yes&quot;,&quot;autoplay_speed&quot;:5000,&quot;infinite&quot;:&quot;yes&quot;,&quot;transition&quot;:&quot;slide&quot;,&quot;transition_speed&quot;:500}\" data-widget_type=\"slides.default\">\n\t\t\t\t<div class=\"elementor-widget-container\">\n\t\t\t\t\t\t\t\t\t<div class=\"elementor-swiper\">\n\t\t\t\t\t<div class=\"elementor-slides-wrapper elementor-main-swiper swiper\" role=\"region\" aria-roledescription=\"carousel\" aria-label=\"Slides\" dir=\"ltr\" data-animation=\"fadeInUp\">\n\t\t\t\t<div class=\"swiper-wrapper elementor-slides\">\n\t\t\t\t\t\t\t\t\t\t<div class=\"elementor-repeater-item-855ace2 swiper-slide\" role=\"group\" aria-roledescription=\"slide\"><div class=\"swiper-slide-bg elementor-ken-burns elementor-ken-burns--in\" role=\"img\" aria-label=\"HSB Dampflok 99 236 www.Stone-Heap.com\"><\/div><div class=\"swiper-slide-inner\" ><div class=\"swiper-slide-contents\"><\/div><\/div><\/div><div class=\"elementor-repeater-item-d98e20a swiper-slide\" role=\"group\" aria-roledescription=\"slide\"><div class=\"swiper-slide-bg elementor-ken-burns elementor-ken-burns--in\" role=\"img\" aria-label=\"HSB Dampflok 99 236 www.Stone-Heap.com\"><\/div><div class=\"swiper-slide-inner\" ><div class=\"swiper-slide-contents\"><\/div><\/div><\/div><div class=\"elementor-repeater-item-4352d91 swiper-slide\" role=\"group\" aria-roledescription=\"slide\"><div class=\"swiper-slide-bg elementor-ken-burns elementor-ken-burns--in\" role=\"img\" aria-label=\"HSB Dampflok 99 236 www.Stone-Heap.com\"><\/div><div class=\"swiper-slide-inner\" ><div class=\"swiper-slide-contents\"><\/div><\/div><\/div>\t\t\t\t<\/div>\n\t\t\t\t\t\t\t\t\t\t\t\t\t\t\t\t\t\t\t\t\t<\/div>\n\t\t\t\t<\/div>\n\t\t\t\t\t\t\t\t<\/div>\n\t\t\t\t<\/div>\n\t\t\t\t<div class=\"elementor-element elementor-element-11812f1 elementor-widget elementor-widget-text-editor\" data-id=\"11812f1\" data-element_type=\"widget\" data-e-type=\"widget\" data-widget_type=\"text-editor.default\">\n\t\t\t\t<div class=\"elementor-widget-container\">\n\t\t\t\t\t\t\t\t\t<h4 style=\"text-align: center;\"><b>HSB steam locomotive 99 236\u00a0<\/b><\/h4><p style=\"text-align: center;\">Number of stones: 636<br \/>Level of difficulty: Medium<br \/>Age recommendation: 14+<br \/>27 cm long 6 cm wide<br \/>Incl. sticker<\/p>\t\t\t\t\t\t\t\t<\/div>\n\t\t\t\t<\/div>\n\t\t\t\t<div class=\"elementor-element elementor-element-bc155e2 elementor-align-center elementor-widget elementor-widget-button\" data-id=\"bc155e2\" data-element_type=\"widget\" data-e-type=\"widget\" data-widget_type=\"button.default\">\n\t\t\t\t<div class=\"elementor-widget-container\">\n\t\t\t\t\t\t\t\t\t<div class=\"elementor-button-wrapper\">\n\t\t\t\t\t<a class=\"elementor-button elementor-button-link elementor-size-sm\" href=\"https:\/\/www.hsb-wr.de\/Shop\/Fuer-den-grossen-Eisenbahnfreund\/Lok-99-236-aus-Noppensteinen.html\" rel=\"nofollow noopener\" target=\"_blank\">\n\t\t\t\t\t\t<span class=\"elementor-button-content-wrapper\">\n\t\t\t\t\t\t\t\t\t<span class=\"elementor-button-text\">To the product<\/span>\n\t\t\t\t\t<\/span>\n\t\t\t\t\t<\/a>\n\t\t\t\t<\/div>\n\t\t\t\t\t\t\t\t<\/div>\n\t\t\t\t<\/div>\n\t\t\t\t\t<\/div>\n\t\t<\/div>\n\t\t\t\t<div class=\"elementor-column elementor-col-50 elementor-top-column elementor-element elementor-element-d4c206a\" data-id=\"d4c206a\" data-element_type=\"column\" data-e-type=\"column\">\n\t\t\t<div class=\"elementor-widget-wrap elementor-element-populated\">\n\t\t\t\t\t\t<div class=\"elementor-element elementor-element-af8ed57 elementor--h-position-center elementor--v-position-middle elementor-widget elementor-widget-slides\" data-id=\"af8ed57\" data-element_type=\"widget\" data-e-type=\"widget\" data-settings=\"{&quot;navigation&quot;:&quot;none&quot;,&quot;autoplay&quot;:&quot;yes&quot;,&quot;pause_on_hover&quot;:&quot;yes&quot;,&quot;pause_on_interaction&quot;:&quot;yes&quot;,&quot;autoplay_speed&quot;:5000,&quot;infinite&quot;:&quot;yes&quot;,&quot;transition&quot;:&quot;slide&quot;,&quot;transition_speed&quot;:500}\" data-widget_type=\"slides.default\">\n\t\t\t\t<div class=\"elementor-widget-container\">\n\t\t\t\t\t\t\t\t\t<div class=\"elementor-swiper\">\n\t\t\t\t\t<div class=\"elementor-slides-wrapper elementor-main-swiper swiper\" role=\"region\" aria-roledescription=\"carousel\" aria-label=\"Slides\" dir=\"ltr\" data-animation=\"fadeInUp\">\n\t\t\t\t<div class=\"swiper-wrapper elementor-slides\">\n\t\t\t\t\t\t\t\t\t\t<div class=\"elementor-repeater-item-855ace2 swiper-slide\" role=\"group\" aria-roledescription=\"slide\"><div class=\"swiper-slide-bg elementor-ken-burns elementor-ken-burns--in\" role=\"img\" aria-label=\"HSB Reisezugwagen Set www.Stone-Heap.com\"><\/div><div class=\"swiper-slide-inner\" ><div class=\"swiper-slide-contents\"><\/div><\/div><\/div><div class=\"elementor-repeater-item-d98e20a swiper-slide\" role=\"group\" aria-roledescription=\"slide\"><div class=\"swiper-slide-bg elementor-ken-burns elementor-ken-burns--in\" role=\"img\" aria-label=\"Schwammerturm Leoben www.stone-heap.com\"><\/div><div class=\"swiper-slide-inner\" ><div class=\"swiper-slide-contents\"><\/div><\/div><\/div><div class=\"elementor-repeater-item-4352d91 swiper-slide\" role=\"group\" aria-roledescription=\"slide\"><div class=\"swiper-slide-bg elementor-ken-burns elementor-ken-burns--in\" role=\"img\" aria-label=\"Schwammerturm Leoben www.stone-heap.com\"><\/div><div class=\"swiper-slide-inner\" ><div class=\"swiper-slide-contents\"><\/div><\/div><\/div>\t\t\t\t<\/div>\n\t\t\t\t\t\t\t\t\t\t\t\t\t\t\t\t\t\t\t\t\t<\/div>\n\t\t\t\t<\/div>\n\t\t\t\t\t\t\t\t<\/div>\n\t\t\t\t<\/div>\n\t\t\t\t<div class=\"elementor-element elementor-element-26cf56d elementor-widget elementor-widget-text-editor\" data-id=\"26cf56d\" data-element_type=\"widget\" data-e-type=\"widget\" data-widget_type=\"text-editor.default\">\n\t\t\t\t<div class=\"elementor-widget-container\">\n\t\t\t\t\t\t\t\t\t<h4 style=\"text-align: center;\"><strong>Passenger coach set<\/strong><\/h4><p style=\"text-align: center;\">Number of stones: 1193<br \/>Level of difficulty: Medium<br \/>Age recommendation: 14+<br \/>73 cm long 5 cm wide<br \/>Incl. sticker<\/p>\t\t\t\t\t\t\t\t<\/div>\n\t\t\t\t<\/div>\n\t\t\t\t<div class=\"elementor-element elementor-element-31332b6 elementor-align-center elementor-widget elementor-widget-button\" data-id=\"31332b6\" data-element_type=\"widget\" data-e-type=\"widget\" data-widget_type=\"button.default\">\n\t\t\t\t<div class=\"elementor-widget-container\">\n\t\t\t\t\t\t\t\t\t<div class=\"elementor-button-wrapper\">\n\t\t\t\t\t<a class=\"elementor-button elementor-button-link elementor-size-sm\" href=\"https:\/\/www.hsb-wr.de\/Shop\/Fuer-den-grossen-Eisenbahnfreund\/Reisezugwagen-Set-aus-Noppensteinen.html\" rel=\"nofollow noopener\" target=\"_blank\">\n\t\t\t\t\t\t<span class=\"elementor-button-content-wrapper\">\n\t\t\t\t\t\t\t\t\t<span class=\"elementor-button-text\">To the product<\/span>\n\t\t\t\t\t<\/span>\n\t\t\t\t\t<\/a>\n\t\t\t\t<\/div>\n\t\t\t\t\t\t\t\t<\/div>\n\t\t\t\t<\/div>\n\t\t\t\t\t<\/div>\n\t\t<\/div>\n\t\t\t\t\t<\/div>\n\t\t<\/section>\n\t\t\t\t<section class=\"elementor-section elementor-top-section elementor-element elementor-element-5c488fc elementor-section-boxed elementor-section-height-default elementor-section-height-default\" data-id=\"5c488fc\" data-element_type=\"section\" data-e-type=\"section\">\n\t\t\t\t\t\t<div class=\"elementor-container elementor-column-gap-default\">\n\t\t\t\t\t<div class=\"elementor-column elementor-col-100 elementor-top-column elementor-element elementor-element-f3d1e9d\" data-id=\"f3d1e9d\" data-element_type=\"column\" data-e-type=\"column\">\n\t\t\t<div class=\"elementor-widget-wrap elementor-element-populated\">\n\t\t\t\t\t\t<div class=\"elementor-element elementor-element-b7555b4 elementor-widget elementor-widget-google_maps\" data-id=\"b7555b4\" data-element_type=\"widget\" data-e-type=\"widget\" data-widget_type=\"google_maps.default\">\n\t\t\t\t<div class=\"elementor-widget-container\">\n\t\t\t\t\t\t\t<div class=\"elementor-custom-embed\">\n\t\t\t<iframe loading=\"lazy\"\n\t\t\t\t\tsrc=\"https:\/\/maps.google.com\/maps?q=Harzer%20Schmalspurbahnen%20GmbH%2C%20Verwaltung%2C%20Friedrichstra%C3%9Fe%20151%2C%2038855%20Wernigerode%2C%20Deutschland&#038;t=m&#038;z=8&#038;output=embed&#038;iwloc=near\"\n\t\t\t\t\ttitle=\"Harzer Schmalspurbahnen GmbH, Verwaltung, Friedrichstra\u00dfe 151, 38855 Wernigerode, Deutschland\"\n\t\t\t\t\taria-label=\"Harzer Schmalspurbahnen GmbH, Verwaltung, Friedrichstra\u00dfe 151, 38855 Wernigerode, Deutschland\"\n\t\t\t><\/iframe>\n\t\t<\/div>\n\t\t\t\t\t\t<\/div>\n\t\t\t\t<\/div>\n\t\t\t\t\t<\/div>\n\t\t<\/div>\n\t\t\t\t\t<\/div>\n\t\t<\/section>\n\t\t\t\t<\/div>","protected":false},"excerpt":{"rendered":"<p>Harzer Schmalspurbahnen Zum Kunden: Die Harzer Schmalspurbahnen (HSB) sind ein Eisenbahnunternehmen in Deutschland, dass im Harzgebirge in Sachsen-Anhalt und Niedersachsen t\u00e4tig ist. Die HSB betreibt eine Vielzahl von Schmalspurstrecken, die haupts\u00e4chlich f\u00fcr den Tourismus genutzt werden. Die bekannteste Strecke ist die Harzquerbahn, die von Wernigerode nach Nordhausen f\u00fchrt. Die Harzer Schmalspurbahnen bieten historische Dampfzugfahrten sowie [&hellip;]<\/p>","protected":false},"author":1,"featured_media":0,"parent":0,"menu_order":0,"comment_status":"closed","ping_status":"closed","template":"elementor_header_footer","meta":{"footnotes":""},"class_list":["post-13810","page","type-page","status-publish","hentry"],"jetpack_sharing_enabled":true,"_links":{"self":[{"href":"http:\/\/stone-heap.com\/en\/wp-json\/wp\/v2\/pages\/13810","targetHints":{"allow":["GET"]}}],"collection":[{"href":"http:\/\/stone-heap.com\/en\/wp-json\/wp\/v2\/pages"}],"about":[{"href":"http:\/\/stone-heap.com\/en\/wp-json\/wp\/v2\/types\/page"}],"author":[{"embeddable":true,"href":"http:\/\/stone-heap.com\/en\/wp-json\/wp\/v2\/users\/1"}],"replies":[{"embeddable":true,"href":"http:\/\/stone-heap.com\/en\/wp-json\/wp\/v2\/comments?post=13810"}],"version-history":[{"count":0,"href":"http:\/\/stone-heap.com\/en\/wp-json\/wp\/v2\/pages\/13810\/revisions"}],"wp:attachment":[{"href":"http:\/\/stone-heap.com\/en\/wp-json\/wp\/v2\/media?parent=13810"}],"curies":[{"name":"wp","href":"https:\/\/api.w.org\/{rel}","templated":true}]}}