{"id":13844,"date":"2024-04-18T17:44:59","date_gmt":"2024-04-18T15:44:59","guid":{"rendered":"https:\/\/stone-heap.com\/?page_id=13844"},"modified":"2024-05-07T20:52:38","modified_gmt":"2024-05-07T18:52:38","slug":"budamar-group-projektseite","status":"publish","type":"page","link":"http:\/\/stone-heap.com\/en\/budamar-group-projektseite\/","title":{"rendered":"BUDAMAR GROUP\u200b &#8211; Projektseite"},"content":{"rendered":"<div data-elementor-type=\"wp-page\" data-elementor-id=\"13844\" class=\"elementor elementor-13844\" data-elementor-post-type=\"page\">\n\t\t\t\t\t\t<section class=\"elementor-section elementor-top-section elementor-element elementor-element-c6853de elementor-section-boxed elementor-section-height-default elementor-section-height-default\" data-id=\"c6853de\" data-element_type=\"section\" data-e-type=\"section\">\n\t\t\t\t\t\t<div class=\"elementor-container elementor-column-gap-default\">\n\t\t\t\t\t<div class=\"elementor-column elementor-col-100 elementor-top-column elementor-element elementor-element-7137290\" data-id=\"7137290\" data-element_type=\"column\" data-e-type=\"column\">\n\t\t\t<div class=\"elementor-widget-wrap elementor-element-populated\">\n\t\t\t\t\t\t<div class=\"elementor-element elementor-element-3aa3a31 elementor-widget elementor-widget-heading\" data-id=\"3aa3a31\" data-element_type=\"widget\" data-e-type=\"widget\" data-widget_type=\"heading.default\">\n\t\t\t\t<div class=\"elementor-widget-container\">\n\t\t\t\t\t<h1 class=\"elementor-heading-title elementor-size-default\">BUDAMAR GROUP<\/h1>\t\t\t\t<\/div>\n\t\t\t\t<\/div>\n\t\t\t\t\t<\/div>\n\t\t<\/div>\n\t\t\t\t\t<\/div>\n\t\t<\/section>\n\t\t\t\t<section class=\"elementor-section elementor-top-section elementor-element elementor-element-1cdb2fd elementor-section-boxed elementor-section-height-default elementor-section-height-default\" data-id=\"1cdb2fd\" data-element_type=\"section\" data-e-type=\"section\">\n\t\t\t\t\t\t<div class=\"elementor-container elementor-column-gap-default\">\n\t\t\t\t\t<div class=\"elementor-column elementor-col-100 elementor-top-column elementor-element elementor-element-c937200\" data-id=\"c937200\" data-element_type=\"column\" data-e-type=\"column\">\n\t\t\t<div class=\"elementor-widget-wrap elementor-element-populated\">\n\t\t\t\t\t\t<div class=\"elementor-element elementor-element-ad331d1 elementor-widget elementor-widget-text-editor\" data-id=\"ad331d1\" data-element_type=\"widget\" data-e-type=\"widget\" data-widget_type=\"text-editor.default\">\n\t\t\t\t<div class=\"elementor-widget-container\">\n\t\t\t\t\t\t\t\t\t<p><strong>To the client: <\/strong>Die Firma BUDAMAR GROUP, besch\u00e4ftigt sich seit ihrer Gr\u00fcndung im Jahr 2002 mit internationaler Spedition und Logistik. Durch die Zufriedenstellung der immer anspruchsvolleren und komplexeren Bed\u00fcrfnisse deren Kunden ist es ihnen gelungen, eine herausragende Position auf dem Markt einzunehmen. BUDAMAR geh\u00f6rt zu den st\u00e4rksten Speditionsfirmen in der Slowakischen Republik. Um diese Position und den hohen Standard der angebotenen Dienstleistungen zu erhalten, arbeiten Sie nach den Anforderungen der internationalen Norm ISO 9001:2015.<\/p><p><strong>About the project:<\/strong> F\u00fcr die Firma BUDAMAR, haben wir eine Klemmbaustein Lok entworfen. Die BR 193 im BUDAMAR Style, wurde in 5 verschiedenen Ausf\u00fchrungen umgesetzt. Durch die gro\u00dffl\u00e4chige Beklebung der Lokomotive, konnte jedes aktive Motiv umsetzt werden. Diese Sets wurden an gro\u00dfe Firmenkunden verteilt.<\/p><p style=\"text-align: center;\"><a href=\"https:\/\/www.budamar.sk\/en\" rel=\"nofollow noopener\" target=\"_blank\"><strong>To the website<\/strong><\/a><\/p>\t\t\t\t\t\t\t\t<\/div>\n\t\t\t\t<\/div>\n\t\t\t\t\t<\/div>\n\t\t<\/div>\n\t\t\t\t\t<\/div>\n\t\t<\/section>\n\t\t\t\t<section class=\"elementor-section elementor-top-section elementor-element elementor-element-8c84c97 elementor-section-boxed elementor-section-height-default elementor-section-height-default\" data-id=\"8c84c97\" data-element_type=\"section\" data-e-type=\"section\">\n\t\t\t\t\t\t<div class=\"elementor-container elementor-column-gap-default\">\n\t\t\t\t\t<div class=\"elementor-column elementor-col-100 elementor-top-column elementor-element elementor-element-99ea758\" data-id=\"99ea758\" data-element_type=\"column\" data-e-type=\"column\">\n\t\t\t<div class=\"elementor-widget-wrap elementor-element-populated\">\n\t\t\t\t\t\t<div class=\"elementor-element elementor-element-1ea910b elementor--h-position-center elementor--v-position-middle elementor-widget elementor-widget-slides\" data-id=\"1ea910b\" data-element_type=\"widget\" data-e-type=\"widget\" data-settings=\"{&quot;navigation&quot;:&quot;none&quot;,&quot;transition&quot;:&quot;fade&quot;,&quot;autoplay&quot;:&quot;yes&quot;,&quot;autoplay_speed&quot;:5000,&quot;infinite&quot;:&quot;yes&quot;,&quot;transition_speed&quot;:500}\" data-widget_type=\"slides.default\">\n\t\t\t\t<div class=\"elementor-widget-container\">\n\t\t\t\t\t\t\t\t\t<div class=\"elementor-swiper\">\n\t\t\t\t\t<div class=\"elementor-slides-wrapper elementor-main-swiper swiper\" role=\"region\" aria-roledescription=\"carousel\" aria-label=\"Slides\" dir=\"ltr\" data-animation=\"zoomIn\">\n\t\t\t\t<div class=\"swiper-wrapper elementor-slides\">\n\t\t\t\t\t\t\t\t\t\t<div class=\"elementor-repeater-item-1ca1a4f swiper-slide\" role=\"group\" aria-roledescription=\"slide\"><div class=\"swiper-slide-bg elementor-ken-burns elementor-ken-burns--in\" role=\"img\" aria-label=\"Budamar Lok www.stone-heap.com\"><\/div><div class=\"swiper-slide-inner\" ><div class=\"swiper-slide-contents\"><div class=\"elementor-slide-heading\">Siemens Vectron<\/div><\/div><\/div><\/div><div class=\"elementor-repeater-item-dfeb7bd swiper-slide\" role=\"group\" aria-roledescription=\"slide\"><div class=\"swiper-slide-bg elementor-ken-burns elementor-ken-burns--out\" role=\"img\" aria-label=\"Budamar Lok www.stone-heap.com\"><\/div><div class=\"swiper-slide-inner\" ><div class=\"swiper-slide-contents\"><div class=\"elementor-slide-heading\">1.536 Steine<\/div><\/div><\/div><\/div><div class=\"elementor-repeater-item-4d77b7e swiper-slide\" role=\"group\" aria-roledescription=\"slide\"><div class=\"swiper-slide-bg elementor-ken-burns elementor-ken-burns--in\" role=\"img\" aria-label=\"Budamar Lok www.stone-heap.com\"><\/div><div class=\"swiper-slide-inner\" ><div class=\"swiper-slide-contents\"><div class=\"elementor-slide-heading\">45cm lang x 7cm breit x 12cm hoch<\/div><\/div><\/div><\/div><div class=\"elementor-repeater-item-28d481b swiper-slide\" role=\"group\" aria-roledescription=\"slide\"><div class=\"swiper-slide-bg elementor-ken-burns elementor-ken-burns--out\" role=\"img\" aria-label=\"Budamar Lok www.stone-heap.com\"><\/div><div class=\"swiper-slide-inner\" ><div class=\"swiper-slide-contents\"><div class=\"elementor-slide-heading\">5 verschiedene Aufkleber <\/div><\/div><\/div><\/div>\t\t\t\t<\/div>\n\t\t\t\t\t\t\t\t\t\t\t\t\t\t\t\t\t\t\t\t\t<\/div>\n\t\t\t\t<\/div>\n\t\t\t\t\t\t\t\t<\/div>\n\t\t\t\t<\/div>\n\t\t\t\t\t<\/div>\n\t\t<\/div>\n\t\t\t\t\t<\/div>\n\t\t<\/section>\n\t\t\t\t<section class=\"elementor-section elementor-top-section elementor-element elementor-element-5c488fc elementor-section-boxed elementor-section-height-default elementor-section-height-default\" data-id=\"5c488fc\" data-element_type=\"section\" data-e-type=\"section\">\n\t\t\t\t\t\t<div class=\"elementor-container elementor-column-gap-default\">\n\t\t\t\t\t<div class=\"elementor-column elementor-col-100 elementor-top-column elementor-element elementor-element-f3d1e9d\" data-id=\"f3d1e9d\" data-element_type=\"column\" data-e-type=\"column\">\n\t\t\t<div class=\"elementor-widget-wrap elementor-element-populated\">\n\t\t\t\t\t\t<div class=\"elementor-element elementor-element-b7555b4 elementor-widget elementor-widget-google_maps\" data-id=\"b7555b4\" data-element_type=\"widget\" data-e-type=\"widget\" data-widget_type=\"google_maps.default\">\n\t\t\t\t<div class=\"elementor-widget-container\">\n\t\t\t\t\t\t\t<div class=\"elementor-custom-embed\">\n\t\t\t<iframe loading=\"lazy\"\n\t\t\t\t\tsrc=\"https:\/\/maps.google.com\/maps?q=Budamar%20logistic&#038;t=m&#038;z=12&#038;output=embed&#038;iwloc=near\"\n\t\t\t\t\ttitle=\"Budamar logistic\"\n\t\t\t\t\taria-label=\"Budamar logistic\"\n\t\t\t><\/iframe>\n\t\t<\/div>\n\t\t\t\t\t\t<\/div>\n\t\t\t\t<\/div>\n\t\t\t\t\t<\/div>\n\t\t<\/div>\n\t\t\t\t\t<\/div>\n\t\t<\/section>\n\t\t\t\t<\/div>","protected":false},"excerpt":{"rendered":"<p>BUDAMAR GROUP Zum Kunden: Die Firma BUDAMAR GROUP, besch\u00e4ftigt sich seit ihrer Gr\u00fcndung im Jahr 2002 mit internationaler Spedition und Logistik. Durch die Zufriedenstellung der immer anspruchsvolleren und komplexeren Bed\u00fcrfnisse deren Kunden ist es ihnen gelungen, eine herausragende Position auf dem Markt einzunehmen. BUDAMAR geh\u00f6rt zu den st\u00e4rksten Speditionsfirmen in der Slowakischen Republik. Um diese [&hellip;]<\/p>","protected":false},"author":1,"featured_media":0,"parent":0,"menu_order":0,"comment_status":"closed","ping_status":"closed","template":"elementor_header_footer","meta":{"footnotes":""},"class_list":["post-13844","page","type-page","status-publish","hentry"],"jetpack_sharing_enabled":true,"_links":{"self":[{"href":"http:\/\/stone-heap.com\/en\/wp-json\/wp\/v2\/pages\/13844","targetHints":{"allow":["GET"]}}],"collection":[{"href":"http:\/\/stone-heap.com\/en\/wp-json\/wp\/v2\/pages"}],"about":[{"href":"http:\/\/stone-heap.com\/en\/wp-json\/wp\/v2\/types\/page"}],"author":[{"embeddable":true,"href":"http:\/\/stone-heap.com\/en\/wp-json\/wp\/v2\/users\/1"}],"replies":[{"embeddable":true,"href":"http:\/\/stone-heap.com\/en\/wp-json\/wp\/v2\/comments?post=13844"}],"version-history":[{"count":0,"href":"http:\/\/stone-heap.com\/en\/wp-json\/wp\/v2\/pages\/13844\/revisions"}],"wp:attachment":[{"href":"http:\/\/stone-heap.com\/en\/wp-json\/wp\/v2\/media?parent=13844"}],"curies":[{"name":"wp","href":"https:\/\/api.w.org\/{rel}","templated":true}]}}