{"id":10157,"date":"2023-09-20T17:30:58","date_gmt":"2023-09-20T15:30:58","guid":{"rendered":"https:\/\/stone-heap.com\/?post_type=product&#038;p=10157"},"modified":"2025-08-02T21:44:15","modified_gmt":"2025-08-02T19:44:15","slug":"db-et-403-lufthansa-airport-express-grossraumwagen","status":"publish","type":"product","link":"http:\/\/stone-heap.com\/en\/shop\/pdf-bauanleitungen\/produkt\/db-et-403-lufthansa-airport-express-grossraumwagen\/","title":{"rendered":"DB ET 403 Lufthansa Airport Express &#8211; Gro\u00dfraumwagen"},"content":{"rendered":"<p>The item offered here is a digital assembly instruction in PDF file format. <strong>There are no construction elements included in the offer! <\/strong>The image is a digitally created image and is only intended to represent the finished product.<\/p>\n<p>Anzahl der ben\u00f6tigten Steine: 577<br \/>\nLevel of difficulty: Easy<br \/>\nAge recommendation: 10+<br \/>\nDesigned by: <a href=\"https:\/\/stone-heap.com\/en\/ueber-uns\/\">Mario<\/a><\/p>\n<p>Die Baureihe 403 war ein Triebzug der Deutschen Bundesbahn, der in nur drei Exemplaren gebaut wurde. Als erster deutscher Hochgeschwindigkeitszug in Triebzug-Bauform ist er ein fr\u00fcher Vorl\u00e4ufer des Intercity-Express und galt in den 1970er Jahren als Paradezug der Deutschen Bundesbahn.<\/p>\n<p>Jede Einheit bestand aus zwei angetriebenen Endwagen und zwei angetriebenen Zwischenwagen. Die Zwischenwagen wurden dabei als Baureihe 404 bezeichnet. Einer der beiden war ein Gro\u00dfraumwagen (Baureihe 404.0), der andere war als Halbspeisewagen mit 24 Sitzpl\u00e4tzen ausgef\u00fchrt (Baureihe 404.1).<\/p>\n<p>Auf Bestreben des Verkehrsministeriums kamen die Triebz\u00fcge ab dem 28. M\u00e4rz 1982 im Auftrag und in Lackierung der deutschen Fluggesellschaft Lufthansa als Lufthansa-Airport-Express zum Einsatz. Daf\u00fcr wurden die Z\u00fcge ab Herbst 1981 bei LHB in Salzgitter umgebaut. In jedem Wagen wurde Platz f\u00fcr eine Bordk\u00fcche geschaffen, Sitze und Teppiche wurden in dem damaligen Standard und Farben der Flugzeuge erneuert. Der Au\u00dfenanstrich erfolgte in den Farben der Lufthansa.<\/p>\n<p>Wegen der charakteristischen Frontgestaltung bekam der Zug die Spitznamen Donald Duck und Wei\u00dfer Hai.<\/p>\n<p>Der Gro\u00dfraumwagen ist f\u00fcr R40 geeignet.<\/p>\n<p>&nbsp;<\/p>\n<p><strong>Save 10% on your first purchase at Webrick with code \"Stoneheap\".<\/strong><\/p>\n<div class=\"steine-button\" style=\"width: 250px; padding: 10px; border: 0px solid #105F8B; border-radius: 25px; height: 45px; background-color: #105f8b;\"><a style=\"color: #fff; text-align: center; font-weight: 900;\" href=\"https:\/\/www.webrick.com\/wp_collection\/share\/OQnuIgfvTgAMMgNhPupP8EOOlcjULf0b\/#aid=stoneheap\" rel=\"nofollow noopener\" target=\"_blank\"> Order parts EXTERNALLY now<\/a><\/div>\n<p>&nbsp;<\/p>","protected":false},"excerpt":{"rendered":"<p>Bei dem hier angebotenen Artikel handelt es sich um eine digitale Aufbauanleitung im PDF-Dateiformat. Es sind keine Bauelemente im Angebot enthalten! Bei der Abbildung handelt es sich um ein digital erstelltes Bild und soll lediglich das fertige Produkt darstellen. Anzahl der ben\u00f6tigten Steine: 577 Schwierigkeitsgrad: leicht Altersempfehlung: 10+ Designt by: Mario Die Baureihe 403 war [&hellip;]<\/p>","protected":false},"featured_media":10131,"comment_status":"open","ping_status":"closed","template":"","meta":[],"product_brand":[],"product_cat":[43,65,114],"product_tag":[20,50,87],"class_list":{"0":"post-10157","1":"product","2":"type-product","3":"status-publish","4":"has-post-thumbnail","6":"product_cat-pdf-bauanleitungen","7":"product_cat-pdf-bauanleitungen-easy","8":"product_cat-personenwagen","9":"product_tag-6-noppen","10":"product_tag-pdf-bauanleitung","11":"product_tag-personenwagen","13":"first","14":"instock","15":"downloadable","16":"virtual","17":"sold-individually","18":"taxable","19":"purchasable","20":"product-type-simple"},"jetpack_sharing_enabled":true,"_links":{"self":[{"href":"http:\/\/stone-heap.com\/en\/wp-json\/wp\/v2\/product\/10157","targetHints":{"allow":["GET"]}}],"collection":[{"href":"http:\/\/stone-heap.com\/en\/wp-json\/wp\/v2\/product"}],"about":[{"href":"http:\/\/stone-heap.com\/en\/wp-json\/wp\/v2\/types\/product"}],"replies":[{"embeddable":true,"href":"http:\/\/stone-heap.com\/en\/wp-json\/wp\/v2\/comments?post=10157"}],"version-history":[{"count":1,"href":"http:\/\/stone-heap.com\/en\/wp-json\/wp\/v2\/product\/10157\/revisions"}],"predecessor-version":[{"id":17223,"href":"http:\/\/stone-heap.com\/en\/wp-json\/wp\/v2\/product\/10157\/revisions\/17223"}],"wp:featuredmedia":[{"embeddable":true,"href":"http:\/\/stone-heap.com\/en\/wp-json\/wp\/v2\/media\/10131"}],"wp:attachment":[{"href":"http:\/\/stone-heap.com\/en\/wp-json\/wp\/v2\/media?parent=10157"}],"wp:term":[{"taxonomy":"product_brand","embeddable":true,"href":"http:\/\/stone-heap.com\/en\/wp-json\/wp\/v2\/product_brand?post=10157"},{"taxonomy":"product_cat","embeddable":true,"href":"http:\/\/stone-heap.com\/en\/wp-json\/wp\/v2\/product_cat?post=10157"},{"taxonomy":"product_tag","embeddable":true,"href":"http:\/\/stone-heap.com\/en\/wp-json\/wp\/v2\/product_tag?post=10157"}],"curies":[{"name":"wp","href":"https:\/\/api.w.org\/{rel}","templated":true}]}}