{"id":11778,"date":"2023-11-09T17:30:23","date_gmt":"2023-11-09T16:30:23","guid":{"rendered":"https:\/\/stone-heap.com\/?post_type=product&#038;p=11778"},"modified":"2025-08-02T21:44:12","modified_gmt":"2025-08-02T19:44:12","slug":"dr-br-50-40","status":"publish","type":"product","link":"http:\/\/stone-heap.com\/en\/shop\/pdf-bauanleitungen\/produkt\/dr-br-50-40\/","title":{"rendered":"DR BR 50.40"},"content":{"rendered":"<p>The item offered here is a digital assembly instruction in PDF file format. <b>There are no construction elements included in the offer! <\/b>The image is a digitally created image and is only intended to represent the finished product.<\/p>\n<p>Anzahl der Steine: 1,386<br \/>\nLevel of difficulty: Hard<br \/>\nAge recommendation: 18+<br \/>\nDesigned by: <a href=\"https:\/\/stone-heap.com\/en\/ueber-uns\/\">Andi<\/a><\/p>\n<p>In addition to the parts list, you will need the following wheels in the colour red:<\/p>\n<p>10x <a href=\"https:\/\/stone-heap.com\/en\/shop\/zubehoer\/zugraeder-zubehoer\/produkt\/s-rad-9\/\">S-wheels 17,6mm<\/a><br \/>\n6x <a href=\"https:\/\/stone-heap.com\/en\/shop\/pdf-bauanleitungen\/produkt\/2x-ml-raeder-272mm-blind\/\">ML-R\u00e4der 27,2 mm ohne Spurkranz <\/a><\/p>\n<p>Anders als die restlichen bei uns verf\u00fcgbaren 50er, ist die 50.40 weder eine Einheits- noch Rekolokomotive. Um den Leistungsbereich zwischen den 50\/52ern und der Baureihe 44 abzudecken, wurden sie ab 1956 als Neubaulokomotiven beschafft. Au\u00dferdem sollten sie die Kriegslokomotive der Baureihe 42 ersetzten. Sie sind in Bezug auf Kessel, F\u00fchrerhaus, Sch\u00fcrze und Tender baugleich zu den ebenfalls Neubaulokomotiven der Baureihe 23 (bzw. 35). Es wurden letztendlich 88 Einheiten gebaut, mit der 50 4088 wurde die Letzte Regelspurdampflokomotive Deutschlands am 30.12.1960 abgeliefert.<\/p>\n<p>Das Modell ist mit DR Laternen und 3-Licht Spitzensignal ausger\u00fcstet und mit einem T28 Neubautender gekuppelt.<\/p>\n<p>Bis auf die zwei Plate Round with hole (85861) in trans clear ist das Modell vollst\u00e4ndig aus Lego bau bar. Alternativ k\u00f6nnen auch schwarze 85861 verbaut werden in denen je eine Plate Round 4073 in trans clear eingesteckt wird.<\/p>\n<p>Motorisiert wird es mithilfe eines L-Motors und mit dem Powerfunktions- System. Mit dem in der Anleitung abgebildeten Kuppelabstand kann das Modell auf R72 problemlos fahren. Um auf kleineren Radien fahren zu k\u00f6nnen muss der 1&#215;4 Liftarm thin zwischen Lok und Tender gegen einen 1&#215;5 Liftarm thin (32017) getauscht werden.<\/p>\n<p>You can purchase a steam generator here: <a href=\"https:\/\/joooooy.com\/products\/1pcs-fogger?_pos=1&amp;_sid=20125db98&amp;_ss=r\" target=\"_blank\" rel=\"nofollow noopener\">www.joooooy.com<\/a><\/p>\n<p><strong><br \/>\nSave 10% on your first purchase at Webrick with code \"Stoneheap\".<\/strong><\/p>\n<div class=\"steine-button\" style=\"width: 250px; padding: 10px; border: 0px solid #105F8B; border-radius: 25px; height: 45px; background-color: #105f8b;\"><a style=\"color: #fff; text-align: center; font-weight: 900;\" href=\"https:\/\/www.webrick.com\/wp_collection\/share\/hxGhkc0i4cd08oz1OdQMz26JKEdVtZoW\/#aid=stoneheap\" rel=\"nofollow noopener\" target=\"_blank\"> Order parts EXTERNALLY now<\/a><\/div>\n<p>&nbsp;<\/p>","protected":false},"excerpt":{"rendered":"<p>Bei dem hier angebotenen Artikel handelt es sich um eine digitale Aufbauanleitung im PDF-Dateiformat. Es sind keine Bauelemente im Angebot enthalten! Bei der Abbildung handelt es sich um ein digital erstelltes Bild und soll lediglich das fertige Produkt darstellen. Anzahl der Steine: 1,386 Schwierigkeitsgrad: Sehr Schwer Altersempfehlung: 18+ Designt by: Andi Zus\u00e4tzlich zur Teileliste ben\u00f6tigt [&hellip;]<\/p>","protected":false},"featured_media":11781,"comment_status":"open","ping_status":"closed","template":"","meta":[],"product_brand":[],"product_cat":[43,66,69],"product_tag":[16,30,50],"class_list":{"0":"post-11778","1":"product","2":"type-product","3":"status-publish","4":"has-post-thumbnail","6":"product_cat-pdf-bauanleitungen","7":"product_cat-pdf-bauanleitungen-pro","8":"product_cat-dampfloks","9":"product_tag-8-noppen","10":"product_tag-dampflok","11":"product_tag-pdf-bauanleitung","13":"first","14":"instock","15":"downloadable","16":"virtual","17":"sold-individually","18":"taxable","19":"purchasable","20":"product-type-simple"},"jetpack_sharing_enabled":true,"_links":{"self":[{"href":"http:\/\/stone-heap.com\/en\/wp-json\/wp\/v2\/product\/11778","targetHints":{"allow":["GET"]}}],"collection":[{"href":"http:\/\/stone-heap.com\/en\/wp-json\/wp\/v2\/product"}],"about":[{"href":"http:\/\/stone-heap.com\/en\/wp-json\/wp\/v2\/types\/product"}],"replies":[{"embeddable":true,"href":"http:\/\/stone-heap.com\/en\/wp-json\/wp\/v2\/comments?post=11778"}],"version-history":[{"count":1,"href":"http:\/\/stone-heap.com\/en\/wp-json\/wp\/v2\/product\/11778\/revisions"}],"predecessor-version":[{"id":17209,"href":"http:\/\/stone-heap.com\/en\/wp-json\/wp\/v2\/product\/11778\/revisions\/17209"}],"wp:featuredmedia":[{"embeddable":true,"href":"http:\/\/stone-heap.com\/en\/wp-json\/wp\/v2\/media\/11781"}],"wp:attachment":[{"href":"http:\/\/stone-heap.com\/en\/wp-json\/wp\/v2\/media?parent=11778"}],"wp:term":[{"taxonomy":"product_brand","embeddable":true,"href":"http:\/\/stone-heap.com\/en\/wp-json\/wp\/v2\/product_brand?post=11778"},{"taxonomy":"product_cat","embeddable":true,"href":"http:\/\/stone-heap.com\/en\/wp-json\/wp\/v2\/product_cat?post=11778"},{"taxonomy":"product_tag","embeddable":true,"href":"http:\/\/stone-heap.com\/en\/wp-json\/wp\/v2\/product_tag?post=11778"}],"curies":[{"name":"wp","href":"https:\/\/api.w.org\/{rel}","templated":true}]}}