{"id":12797,"date":"2024-03-02T21:07:40","date_gmt":"2024-03-02T20:07:40","guid":{"rendered":"https:\/\/stone-heap.com\/?post_type=product&#038;p=12797"},"modified":"2025-10-17T16:14:05","modified_gmt":"2025-10-17T14:14:05","slug":"tierquartier-tierrettung","status":"publish","type":"product","link":"http:\/\/stone-heap.com\/en\/shop\/komplettsets\/produkt\/tierquartier-tierrettung\/","title":{"rendered":"Animal quarters - Animal rescue"},"content":{"rendered":"<p>Number of stones: 122<br \/>\nLevel of difficulty: Easy<br \/>\nAge recommendation: 8+<br \/>\nLength: 14 cm<br \/>\nDesigner: <a href=\"https:\/\/derklassiker.at\/\" rel=\"nofollow noopener\" target=\"_blank\">derKlassiker<\/a><br \/>\nLicensing partner: <a href=\"https:\/\/www.tierquartier.at\/\" rel=\"nofollow noopener\" target=\"_blank\">Tierquartier<\/a><\/p>\n<p>This beautiful car from Tierquartier will make every eye light up. Just like the original, there are 3 doors which can be easily opened or closed. The roof can also be removed so that various minifigures can be placed inside. The car can be given its original look with the corresponding stickers. Also included are 2 employees from the animal centre as well as a dog and a cat.<\/p>","protected":false},"excerpt":{"rendered":"<p>Anzahl der Steine: 122 Schwierigkeitsgrad: Leicht Altersempfehlung: 8+ L\u00e4nge: 14 cm Designer: derKlassiker Lizenzpartner: Tierquartier Dieses wundersch\u00f6ne Auto vom Tierquartier l\u00e4sst jede Augen zum Strahlen bringen. Wie im Original sind 3 T\u00fcren vorhanden, welche man ganz einfach \u00f6ffnen oder schlie\u00dfen kann. Au\u00dferdem kann man das Dach abnehmen, sodass man diverse Minifiguren hineinsetzen kann. Mit den [&hellip;]<\/p>","protected":false},"featured_media":12799,"comment_status":"open","ping_status":"closed","template":"","meta":[],"product_brand":[],"product_cat":[44,128],"product_tag":[120,423],"class_list":{"0":"post-12797","1":"product","2":"type-product","3":"status-publish","4":"has-post-thumbnail","6":"product_cat-komplettsets","7":"product_cat-derklassiker","8":"product_tag-komplettsets","9":"product_tag-tierquartier","10":"product_shipping_class-set-versand-neu","12":"first","13":"outofstock","14":"taxable","15":"shipping-taxable","16":"purchasable","17":"product-type-simple"},"jetpack_sharing_enabled":true,"_links":{"self":[{"href":"http:\/\/stone-heap.com\/en\/wp-json\/wp\/v2\/product\/12797","targetHints":{"allow":["GET"]}}],"collection":[{"href":"http:\/\/stone-heap.com\/en\/wp-json\/wp\/v2\/product"}],"about":[{"href":"http:\/\/stone-heap.com\/en\/wp-json\/wp\/v2\/types\/product"}],"replies":[{"embeddable":true,"href":"http:\/\/stone-heap.com\/en\/wp-json\/wp\/v2\/comments?post=12797"}],"version-history":[{"count":1,"href":"http:\/\/stone-heap.com\/en\/wp-json\/wp\/v2\/product\/12797\/revisions"}],"predecessor-version":[{"id":16128,"href":"http:\/\/stone-heap.com\/en\/wp-json\/wp\/v2\/product\/12797\/revisions\/16128"}],"wp:featuredmedia":[{"embeddable":true,"href":"http:\/\/stone-heap.com\/en\/wp-json\/wp\/v2\/media\/12799"}],"wp:attachment":[{"href":"http:\/\/stone-heap.com\/en\/wp-json\/wp\/v2\/media?parent=12797"}],"wp:term":[{"taxonomy":"product_brand","embeddable":true,"href":"http:\/\/stone-heap.com\/en\/wp-json\/wp\/v2\/product_brand?post=12797"},{"taxonomy":"product_cat","embeddable":true,"href":"http:\/\/stone-heap.com\/en\/wp-json\/wp\/v2\/product_cat?post=12797"},{"taxonomy":"product_tag","embeddable":true,"href":"http:\/\/stone-heap.com\/en\/wp-json\/wp\/v2\/product_tag?post=12797"}],"curies":[{"name":"wp","href":"https:\/\/api.w.org\/{rel}","templated":true}]}}