{"id":13564,"date":"2024-04-09T21:44:51","date_gmt":"2024-04-09T19:44:51","guid":{"rendered":"https:\/\/stone-heap.com\/?post_type=product&#038;p=13564"},"modified":"2025-09-30T19:52:48","modified_gmt":"2025-09-30T17:52:48","slug":"2x-l-rad-304mm","status":"publish","type":"product","link":"http:\/\/stone-heap.com\/en\/shop\/zubehoer\/produkt\/2x-l-rad-304mm\/","title":{"rendered":"2x L-wheel 30,4mm"},"content":{"rendered":"<p>Our wheels are printed with an SLA printer. This enables a high standard of printing.<\/p>\n<p>Our wheels are supplied with the matching O-rings.<\/p>\n<p>Not suitable for children under 3 years due to small parts that can be swallowed! Choking hazard, please do not leave your child unattended while playing as components or parts can be swallowed or inhaled!<\/p>","protected":false},"excerpt":{"rendered":"<p>Unsere R\u00e4der werden mit einem SLA Drucker gedruckt. Dies erm\u00f6glicht einen hohen Druckstandart. Unsere R\u00e4der werden mit den passenden O-Ringen geliefert. Nicht geeignet f\u00fcr Kinder unter 3 Jahren aufgrund verschluckbarer Kleinteile! Erstickungsgefahr, bitte lassen Sie Ihr Kind beim spielen nicht unbeaufsichtigt, da Bauteile oder Teile davon verschluckt oder eingeatmet werden k\u00f6nnen!<\/p>","protected":false},"featured_media":13568,"comment_status":"open","ping_status":"closed","template":"","meta":[],"product_brand":[],"product_cat":[98,101,449,43],"product_tag":[125,124,123],"class_list":{"0":"post-13564","1":"product","2":"type-product","3":"status-publish","4":"has-post-thumbnail","6":"product_cat-zubehoer","7":"product_cat-zugraeder-zubehoer","8":"product_cat-rot","9":"product_cat-pdf-bauanleitungen","10":"product_tag-3d-druck","11":"product_tag-raeder","12":"product_tag-zubehoer","13":"product_shipping_class-kleinartikel-versand","15":"first","16":"outofstock","17":"taxable","18":"shipping-taxable","19":"purchasable","20":"product-type-simple"},"jetpack_sharing_enabled":true,"_links":{"self":[{"href":"http:\/\/stone-heap.com\/en\/wp-json\/wp\/v2\/product\/13564","targetHints":{"allow":["GET"]}}],"collection":[{"href":"http:\/\/stone-heap.com\/en\/wp-json\/wp\/v2\/product"}],"about":[{"href":"http:\/\/stone-heap.com\/en\/wp-json\/wp\/v2\/types\/product"}],"replies":[{"embeddable":true,"href":"http:\/\/stone-heap.com\/en\/wp-json\/wp\/v2\/comments?post=13564"}],"version-history":[{"count":1,"href":"http:\/\/stone-heap.com\/en\/wp-json\/wp\/v2\/product\/13564\/revisions"}],"predecessor-version":[{"id":15891,"href":"http:\/\/stone-heap.com\/en\/wp-json\/wp\/v2\/product\/13564\/revisions\/15891"}],"wp:featuredmedia":[{"embeddable":true,"href":"http:\/\/stone-heap.com\/en\/wp-json\/wp\/v2\/media\/13568"}],"wp:attachment":[{"href":"http:\/\/stone-heap.com\/en\/wp-json\/wp\/v2\/media?parent=13564"}],"wp:term":[{"taxonomy":"product_brand","embeddable":true,"href":"http:\/\/stone-heap.com\/en\/wp-json\/wp\/v2\/product_brand?post=13564"},{"taxonomy":"product_cat","embeddable":true,"href":"http:\/\/stone-heap.com\/en\/wp-json\/wp\/v2\/product_cat?post=13564"},{"taxonomy":"product_tag","embeddable":true,"href":"http:\/\/stone-heap.com\/en\/wp-json\/wp\/v2\/product_tag?post=13564"}],"curies":[{"name":"wp","href":"https:\/\/api.w.org\/{rel}","templated":true}]}}