{"id":15517,"date":"2024-12-01T23:01:23","date_gmt":"2024-12-01T22:01:23","guid":{"rendered":"https:\/\/stone-heap.com\/?post_type=product&#038;p=15517"},"modified":"2025-08-02T21:43:37","modified_gmt":"2025-08-02T19:43:37","slug":"kinderbuch-schwuppi-die-schwebebahn","status":"publish","type":"product","link":"http:\/\/stone-heap.com\/en\/shop\/komplettsets\/produkt\/kinderbuch-schwuppi-die-schwebebahn\/","title":{"rendered":"Children's book - Schwuppi the monorail"},"content":{"rendered":"<p>Das Buch erz\u00e4hlt in kindlicher Sprache vom Schwebebahnwagen Schwuppi, der gro\u00dfe Zweifel an sich hat und sich als Au\u00dfenseiter f\u00fchlt: Er hat n\u00e4mlich seine R\u00e4der auf dem Dach und sieht ganz anders aus als die Stra\u00dfenbahnen, die ebenfalls in Spanien auf ihren Transport in alle Welt warten. Einzig ein kleiner Vogel freundet sich mit Schwuppi an und glaubt an eine besondere Aufgabe seines speziellen Freundes. Eine abenteuerliche Reise nach Wuppertal beginnt, an deren gl\u00fccklichen Ende Schwuppi als neuer Schwebebahnwagen seine Bestimmung findet. Eine Geschichte \u00fcber den Glauben an sich selbst, Vielf\u00e4ltigkeit und Freundschaft.<\/p>\n<p>Gebunde Ausgabe mit 68 Seiten<br \/>\nSprache: Deutsch<\/p>\n<p>Leseprobe findest du <a href=\"https:\/\/schwuppidieschwebebahn.de\/wp-content\/uploads\/2022\/11\/Leseprobe.pdf\" rel=\"nofollow noopener\" target=\"_blank\">hier.<\/a><br \/>\nWeitere Schwuppi Artikel findet ihr <a href=\"https:\/\/schwuppidieschwebebahn.de\/\" rel=\"nofollow noopener\" target=\"_blank\">here<\/a>.<\/p>","protected":false},"excerpt":{"rendered":"<p>Das Buch erz\u00e4hlt in kindlicher Sprache vom Schwebebahnwagen Schwuppi, der gro\u00dfe Zweifel an sich hat und sich als Au\u00dfenseiter f\u00fchlt: Er hat n\u00e4mlich seine R\u00e4der auf dem Dach und sieht ganz anders aus als die Stra\u00dfenbahnen, die ebenfalls in Spanien auf ihren Transport in alle Welt warten. Einzig ein kleiner Vogel freundet sich mit Schwuppi [&hellip;]<\/p>","protected":false},"featured_media":15519,"comment_status":"open","ping_status":"closed","template":"","meta":[],"product_brand":[],"product_cat":[44,140],"product_tag":[512],"class_list":{"0":"post-15517","1":"product","2":"type-product","3":"status-publish","4":"has-post-thumbnail","6":"product_cat-komplettsets","7":"product_cat-stone-heap","8":"product_tag-buch","9":"product_shipping_class-kleinartikel-versand","11":"first","12":"instock","13":"taxable","14":"shipping-taxable","15":"purchasable","16":"product-type-simple"},"jetpack_sharing_enabled":true,"_links":{"self":[{"href":"http:\/\/stone-heap.com\/en\/wp-json\/wp\/v2\/product\/15517","targetHints":{"allow":["GET"]}}],"collection":[{"href":"http:\/\/stone-heap.com\/en\/wp-json\/wp\/v2\/product"}],"about":[{"href":"http:\/\/stone-heap.com\/en\/wp-json\/wp\/v2\/types\/product"}],"replies":[{"embeddable":true,"href":"http:\/\/stone-heap.com\/en\/wp-json\/wp\/v2\/comments?post=15517"}],"version-history":[{"count":2,"href":"http:\/\/stone-heap.com\/en\/wp-json\/wp\/v2\/product\/15517\/revisions"}],"predecessor-version":[{"id":15804,"href":"http:\/\/stone-heap.com\/en\/wp-json\/wp\/v2\/product\/15517\/revisions\/15804"}],"wp:featuredmedia":[{"embeddable":true,"href":"http:\/\/stone-heap.com\/en\/wp-json\/wp\/v2\/media\/15519"}],"wp:attachment":[{"href":"http:\/\/stone-heap.com\/en\/wp-json\/wp\/v2\/media?parent=15517"}],"wp:term":[{"taxonomy":"product_brand","embeddable":true,"href":"http:\/\/stone-heap.com\/en\/wp-json\/wp\/v2\/product_brand?post=15517"},{"taxonomy":"product_cat","embeddable":true,"href":"http:\/\/stone-heap.com\/en\/wp-json\/wp\/v2\/product_cat?post=15517"},{"taxonomy":"product_tag","embeddable":true,"href":"http:\/\/stone-heap.com\/en\/wp-json\/wp\/v2\/product_tag?post=15517"}],"curies":[{"name":"wp","href":"https:\/\/api.w.org\/{rel}","templated":true}]}}