{"id":17097,"date":"2025-08-01T16:07:52","date_gmt":"2025-08-01T14:07:52","guid":{"rendered":"https:\/\/stone-heap.com\/?post_type=product&#038;p=17097"},"modified":"2025-10-12T14:36:37","modified_gmt":"2025-10-12T12:36:37","slug":"wiener-lokalbahnen-badnerbahn-tw500","status":"publish","type":"product","link":"http:\/\/stone-heap.com\/en\/shop\/komplettsets\/produkt\/wiener-lokalbahnen-badnerbahn-tw500\/","title":{"rendered":"Wiener Lokalbahnen &#8211; Badnerbahn TW500"},"content":{"rendered":"<p>Anzahl der Steine: 1237<br \/>\nLevel of difficulty: Medium<br \/>\nAge recommendation: 8+<br \/>\nL\u00e4nge: 50 cm<br \/>\nDesigner: <a href=\"https:\/\/derklassiker.at\/\" rel=\"nofollow noopener\" target=\"_blank\">derKlassiker<\/a><br \/>\nLicensing partner: <a href=\"https:\/\/www.wlb.at\/\" rel=\"nofollow noopener\" target=\"_blank\">Wiener Lokalbahn<\/a><\/p>\n<p>Tauche ein in die Welt der Wiener Lokalbahnen mit dem detailreichen Modell der TW500-Stra\u00dfenbahn! Die charakteristische blau-wei\u00dfe Lackierung und das klassische Design machen diesen Triebwagen zu einer echten Legende im Nahverkehr zwischen Wien und Baden.<\/p>\n<p>Mit fein ausgearbeiteten Elementen wie originalgetreuen Frontleuchten, realistischen Einstiegen und einem funktionalen Stromabnehmer ist dieses Set ein Muss f\u00fcr alle Klemmbaustein-Fans. Das Modell passt auf g\u00e4ngige LEGO Schienen und l\u00e4sst sich durch weitere Wagen beliebig erweitern.<\/p>","protected":false},"excerpt":{"rendered":"<p>Anzahl der Steine: 1237 Schwierigkeitsgrad: mittel Altersempfehlung: 8+ L\u00e4nge: 50 cm Designer: derKlassiker Lizenzpartner: Wiener Lokalbahn Tauche ein in die Welt der Wiener Lokalbahnen mit dem detailreichen Modell der TW500-Stra\u00dfenbahn! Die charakteristische blau-wei\u00dfe Lackierung und das klassische Design machen diesen Triebwagen zu einer echten Legende im Nahverkehr zwischen Wien und Baden. Mit fein ausgearbeiteten Elementen [&hellip;]<\/p>","protected":false},"featured_media":17101,"comment_status":"open","ping_status":"closed","template":"","meta":[],"product_brand":[],"product_cat":[44,128],"product_tag":[120,127,253],"class_list":{"0":"post-17097","1":"product","2":"type-product","3":"status-publish","4":"has-post-thumbnail","6":"product_cat-komplettsets","7":"product_cat-derklassiker","8":"product_tag-komplettsets","9":"product_tag-strassenbahn","10":"product_tag-wiener-lokalbahnen","11":"product_shipping_class-set-versand-neu","13":"first","14":"outofstock","15":"taxable","16":"shipping-taxable","17":"purchasable","18":"product-type-simple"},"jetpack_sharing_enabled":true,"_links":{"self":[{"href":"http:\/\/stone-heap.com\/en\/wp-json\/wp\/v2\/product\/17097","targetHints":{"allow":["GET"]}}],"collection":[{"href":"http:\/\/stone-heap.com\/en\/wp-json\/wp\/v2\/product"}],"about":[{"href":"http:\/\/stone-heap.com\/en\/wp-json\/wp\/v2\/types\/product"}],"replies":[{"embeddable":true,"href":"http:\/\/stone-heap.com\/en\/wp-json\/wp\/v2\/comments?post=17097"}],"version-history":[{"count":4,"href":"http:\/\/stone-heap.com\/en\/wp-json\/wp\/v2\/product\/17097\/revisions"}],"predecessor-version":[{"id":17103,"href":"http:\/\/stone-heap.com\/en\/wp-json\/wp\/v2\/product\/17097\/revisions\/17103"}],"wp:featuredmedia":[{"embeddable":true,"href":"http:\/\/stone-heap.com\/en\/wp-json\/wp\/v2\/media\/17101"}],"wp:attachment":[{"href":"http:\/\/stone-heap.com\/en\/wp-json\/wp\/v2\/media?parent=17097"}],"wp:term":[{"taxonomy":"product_brand","embeddable":true,"href":"http:\/\/stone-heap.com\/en\/wp-json\/wp\/v2\/product_brand?post=17097"},{"taxonomy":"product_cat","embeddable":true,"href":"http:\/\/stone-heap.com\/en\/wp-json\/wp\/v2\/product_cat?post=17097"},{"taxonomy":"product_tag","embeddable":true,"href":"http:\/\/stone-heap.com\/en\/wp-json\/wp\/v2\/product_tag?post=17097"}],"curies":[{"name":"wp","href":"https:\/\/api.w.org\/{rel}","templated":true}]}}