{"id":17258,"date":"2025-08-08T15:49:08","date_gmt":"2025-08-08T13:49:08","guid":{"rendered":"https:\/\/stone-heap.com\/?post_type=product&#038;p=17258"},"modified":"2026-03-25T15:38:50","modified_gmt":"2026-03-25T14:38:50","slug":"dreiwegweiche-r104","status":"publish","type":"product","link":"http:\/\/stone-heap.com\/en\/shop\/zubehoer\/produkt\/dreiwegweiche-r104\/","title":{"rendered":"Three-way switch R104"},"content":{"rendered":"<p data-start=\"144\" data-end=\"406\">Erweitere dein Eisenbahn-Layout mit unserer hochwertigen Dreiwegweiche im R104-Radius.<br data-start=\"238\" data-end=\"241\" \/>Gefertigt im Spritzgussverfahren f\u00fcr maximale Passgenauigkeit und lange Haltbarkeit, sorgt sie f\u00fcr einen reibungslosen Fahrbetrieb und flexible Gleisf\u00fchrungen.<\/p>\n<p data-start=\"408\" data-end=\"427\">Lieferumfang:<br \/>\n1x Dreiwegweiche (R104)<\/p>\n<p data-start=\"457\" data-end=\"474\">Highlights:<br \/>\nPr\u00e4ziser Spritzguss \u2013 exakte Passform und hohe Stabilit\u00e4t<br \/>\nKompatibel mit unseren Eisenbahnmodellen und g\u00e4ngigen Herstellern<br \/>\nIdeal f\u00fcr komplexe Weichenstellungen und realistische Gleisf\u00fchrungen<\/p>\n<p data-start=\"690\" data-end=\"854\">Mit dieser Dreiwegweiche bringst du mehr Vielfalt und Spielspa\u00df auf deine Schienenstrecke und Klemmbaustein Eisenbahnprojekte.<\/p>","protected":false},"excerpt":{"rendered":"<p>Erweitere dein Eisenbahn-Layout mit unserer hochwertigen Dreiwegweiche im R104-Radius.Gefertigt im Spritzgussverfahren f\u00fcr maximale Passgenauigkeit und lange Haltbarkeit, sorgt sie f\u00fcr einen reibungslosen Fahrbetrieb und flexible Gleisf\u00fchrungen. Lieferumfang: 1x Dreiwegweiche (R104) Highlights: Pr\u00e4ziser Spritzguss \u2013 exakte Passform und hohe Stabilit\u00e4t Kompatibel mit unseren Eisenbahnmodellen und g\u00e4ngigen Herstellern Ideal f\u00fcr komplexe Weichenstellungen und realistische Gleisf\u00fchrungen Mit dieser [&hellip;]<\/p>","protected":false},"featured_media":17261,"comment_status":"open","ping_status":"closed","template":"","meta":[],"product_brand":[],"product_cat":[98,539],"product_tag":[540,123],"class_list":{"0":"post-17258","1":"product","2":"type-product","3":"status-publish","4":"has-post-thumbnail","6":"product_cat-zubehoer","7":"product_cat-gleise","8":"product_tag-gleise","9":"product_tag-zubehoer","10":"product_shipping_class-set-versand-neu","12":"first","13":"instock","14":"taxable","15":"shipping-taxable","16":"product-type-simple"},"jetpack_sharing_enabled":true,"_links":{"self":[{"href":"http:\/\/stone-heap.com\/en\/wp-json\/wp\/v2\/product\/17258","targetHints":{"allow":["GET"]}}],"collection":[{"href":"http:\/\/stone-heap.com\/en\/wp-json\/wp\/v2\/product"}],"about":[{"href":"http:\/\/stone-heap.com\/en\/wp-json\/wp\/v2\/types\/product"}],"replies":[{"embeddable":true,"href":"http:\/\/stone-heap.com\/en\/wp-json\/wp\/v2\/comments?post=17258"}],"version-history":[{"count":3,"href":"http:\/\/stone-heap.com\/en\/wp-json\/wp\/v2\/product\/17258\/revisions"}],"predecessor-version":[{"id":17263,"href":"http:\/\/stone-heap.com\/en\/wp-json\/wp\/v2\/product\/17258\/revisions\/17263"}],"wp:featuredmedia":[{"embeddable":true,"href":"http:\/\/stone-heap.com\/en\/wp-json\/wp\/v2\/media\/17261"}],"wp:attachment":[{"href":"http:\/\/stone-heap.com\/en\/wp-json\/wp\/v2\/media?parent=17258"}],"wp:term":[{"taxonomy":"product_brand","embeddable":true,"href":"http:\/\/stone-heap.com\/en\/wp-json\/wp\/v2\/product_brand?post=17258"},{"taxonomy":"product_cat","embeddable":true,"href":"http:\/\/stone-heap.com\/en\/wp-json\/wp\/v2\/product_cat?post=17258"},{"taxonomy":"product_tag","embeddable":true,"href":"http:\/\/stone-heap.com\/en\/wp-json\/wp\/v2\/product_tag?post=17258"}],"curies":[{"name":"wp","href":"https:\/\/api.w.org\/{rel}","templated":true}]}}