{"id":17320,"date":"2025-08-08T18:44:41","date_gmt":"2025-08-08T16:44:41","guid":{"rendered":"https:\/\/stone-heap.com\/?post_type=product&#038;p=17320"},"modified":"2026-03-23T23:49:19","modified_gmt":"2026-03-23T22:49:19","slug":"l-motor","status":"publish","type":"product","link":"http:\/\/stone-heap.com\/en\/shop\/zubehoer\/produkt\/l-motor\/","title":{"rendered":"L-Motor"},"content":{"rendered":"<p data-start=\"173\" data-end=\"425\">R\u00fcste deine Modelle mit unserem L-Motor aus \u2013 perfekt f\u00fcr kleinere Z\u00fcge, leichte Fahrzeuge und gem\u00fctliche Fahrten. Er bietet eine gleichm\u00e4\u00dfige, ruhige Kraft\u00fcbertragung und ist ideal, wenn keine hohe Zugkraft oder Geschwindigkeit ben\u00f6tigt wird.<\/p>\n<p data-start=\"427\" data-end=\"446\">Lieferumfang:<strong data-start=\"427\" data-end=\"444\"><br \/>\n<\/strong>1\u00d7 L-Motor<\/p>\n<p data-start=\"427\" data-end=\"446\">Technische Daten:<br \/>\nRPM: 370 U\/min<br \/>\nTorque: 1,6 Kg*cm<\/p>\n<p>Highlights:<br \/>\nOptimal f\u00fcr kleinere Z\u00fcge und gem\u00fctliche Fahrten \u2013 gleichm\u00e4\u00dfige Leistung \u00fcber lange Strecken<br \/>\nKompatibel mit g\u00e4ngigen Akkuboxen und Power-Systemen verschiedener Hersteller<br \/>\nLaufruhig &amp; effizient<br \/>\nPerfekt in Kombination mit Fernbedienungssystemen nutzbar<\/p>\n<p data-start=\"984\" data-end=\"1122\">Der L-Motor ist ideal f\u00fcr pr\u00e4zise, zuverl\u00e4ssige Bewegungen und sanftes Fahrverhalten. Wenn du jedoch mehr Power und Geschwindigkeit f\u00fcr gro\u00dfe Z\u00fcge oder anspruchsvolle Modelle suchst, ist der <a href=\"https:\/\/stone-heap.com\/en\/shop\/zubehoer\/produkt\/red-l-motor\/\">RED L-Motor<\/a> die bessere Wahl.<\/p>","protected":false},"excerpt":{"rendered":"<p>R\u00fcste deine Modelle mit unserem L-Motor aus \u2013 perfekt f\u00fcr kleinere Z\u00fcge, leichte Fahrzeuge und gem\u00fctliche Fahrten. Er bietet eine gleichm\u00e4\u00dfige, ruhige Kraft\u00fcbertragung und ist ideal, wenn keine hohe Zugkraft oder Geschwindigkeit ben\u00f6tigt wird. Lieferumfang: 1\u00d7 L-Motor Technische Daten: RPM: 370 U\/min Torque: 1,6 Kg*cm Highlights: Optimal f\u00fcr kleinere Z\u00fcge und gem\u00fctliche Fahrten \u2013 gleichm\u00e4\u00dfige [&hellip;]<\/p>","protected":false},"featured_media":17322,"comment_status":"open","ping_status":"closed","template":"","meta":[],"product_brand":[],"product_cat":[98,541],"product_tag":[542,123],"class_list":{"0":"post-17320","1":"product","2":"type-product","3":"status-publish","4":"has-post-thumbnail","6":"product_cat-zubehoer","7":"product_cat-motorisierung","8":"product_tag-motor","9":"product_tag-zubehoer","10":"product_shipping_class-set-versand-neu","12":"first","13":"instock","14":"taxable","15":"shipping-taxable","16":"purchasable","17":"product-type-simple"},"jetpack_sharing_enabled":true,"_links":{"self":[{"href":"http:\/\/stone-heap.com\/en\/wp-json\/wp\/v2\/product\/17320","targetHints":{"allow":["GET"]}}],"collection":[{"href":"http:\/\/stone-heap.com\/en\/wp-json\/wp\/v2\/product"}],"about":[{"href":"http:\/\/stone-heap.com\/en\/wp-json\/wp\/v2\/types\/product"}],"replies":[{"embeddable":true,"href":"http:\/\/stone-heap.com\/en\/wp-json\/wp\/v2\/comments?post=17320"}],"version-history":[{"count":8,"href":"http:\/\/stone-heap.com\/en\/wp-json\/wp\/v2\/product\/17320\/revisions"}],"predecessor-version":[{"id":18992,"href":"http:\/\/stone-heap.com\/en\/wp-json\/wp\/v2\/product\/17320\/revisions\/18992"}],"wp:featuredmedia":[{"embeddable":true,"href":"http:\/\/stone-heap.com\/en\/wp-json\/wp\/v2\/media\/17322"}],"wp:attachment":[{"href":"http:\/\/stone-heap.com\/en\/wp-json\/wp\/v2\/media?parent=17320"}],"wp:term":[{"taxonomy":"product_brand","embeddable":true,"href":"http:\/\/stone-heap.com\/en\/wp-json\/wp\/v2\/product_brand?post=17320"},{"taxonomy":"product_cat","embeddable":true,"href":"http:\/\/stone-heap.com\/en\/wp-json\/wp\/v2\/product_cat?post=17320"},{"taxonomy":"product_tag","embeddable":true,"href":"http:\/\/stone-heap.com\/en\/wp-json\/wp\/v2\/product_tag?post=17320"}],"curies":[{"name":"wp","href":"https:\/\/api.w.org\/{rel}","templated":true}]}}