{"id":17763,"date":"2025-09-15T10:14:48","date_gmt":"2025-09-15T08:14:48","guid":{"rendered":"https:\/\/stone-heap.com\/?post_type=product&#038;p=17763"},"modified":"2026-05-05T02:37:07","modified_gmt":"2026-05-05T00:37:07","slug":"br-401-ice-1-triebkopf","status":"publish","type":"product","link":"http:\/\/stone-heap.com\/en\/shop\/komplettsets\/produkt\/br-401-ice-1-triebkopf\/","title":{"rendered":"BR 401 ICE 1 power car"},"content":{"rendered":"<p><strong>The item offered here is a complete set including clamping blocks, printed instructions, and a fully printed box!<\/strong><\/p>\n<p>Anzahl der Steine: 1.256<br \/>\nLevel of difficulty: Medium<br \/>\nModellgr\u00f6\u00dfe: 45,5 cm x 7 cm x 13 cm<br \/>\nAge recommendation: 14+<br \/>\nMindestradius: R40<br \/>\nMotorisierungsart: min 1x <a href=\"https:\/\/stone-heap.com\/en\/shop\/zubehoer\/produkt\/buggymotor\/\">Buggy Motor<\/a><\/p>\n<p>Der legend\u00e4re ICE\u202f1 jetzt als detailgetreues Klemmbausteinmodell! Dieses Set bringt den ber\u00fchmten Hochgeschwindigkeitszug der Deutschen Bahn originalgetreu auf deine Schienen \u2013 mit zahlreichen hochwertigen Bedruckungen, ganz ohne Sticker. Der markante Look des Triebwagens wurde in Form und Design sorgf\u00e4ltig umgesetzt und sorgt f\u00fcr ein authentisches Bau- und Spielerlebnis. Besonders praktisch: Der ICE\u202f1 ist mit bis zu zwei Buggymotoren motorisierbar (separat erh\u00e4ltlich) und kann so auch in Fahrt \u00fcberzeugen. Ein Highlight f\u00fcr alle Eisenbahnfans, Technikbegeisterte und Sammler. Egal ob als Vitrine-Modell oder Teil deiner Anlage.<\/p>","protected":false},"excerpt":{"rendered":"<p>Bei dem hier angebotenen Artikel handelt es sich um ein Komplettset inklusive Klemmbausteine, bedruckte Anleitung und voll bedruckte Schachtel! Anzahl der Steine: 1.256 Schwierigkeitsgrad: mittel Modellgr\u00f6\u00dfe: 45,5 cm x 7 cm x 13 cm Altersempfehlung: 14+ Mindestradius: R40 Motorisierungsart: min 1x Buggy Motor Der legend\u00e4re ICE\u202f1 jetzt als detailgetreues Klemmbausteinmodell! Dieses Set bringt den ber\u00fchmten [&hellip;]<\/p>","protected":false},"featured_media":18399,"comment_status":"open","ping_status":"closed","template":"","meta":[],"product_brand":[],"product_cat":[44,140,555],"product_tag":[550,21],"class_list":{"0":"post-17763","1":"product","2":"type-product","3":"status-publish","4":"has-post-thumbnail","6":"product_cat-komplettsets","7":"product_cat-stone-heap","8":"product_cat-eisenbahn","9":"product_tag-eisenbahn","10":"product_tag-elektrolok","11":"product_shipping_class-set-versand-neu","13":"first","14":"instock","15":"taxable","16":"shipping-taxable","17":"purchasable","18":"product-type-simple"},"jetpack_sharing_enabled":true,"_links":{"self":[{"href":"http:\/\/stone-heap.com\/en\/wp-json\/wp\/v2\/product\/17763","targetHints":{"allow":["GET"]}}],"collection":[{"href":"http:\/\/stone-heap.com\/en\/wp-json\/wp\/v2\/product"}],"about":[{"href":"http:\/\/stone-heap.com\/en\/wp-json\/wp\/v2\/types\/product"}],"replies":[{"embeddable":true,"href":"http:\/\/stone-heap.com\/en\/wp-json\/wp\/v2\/comments?post=17763"}],"version-history":[{"count":4,"href":"http:\/\/stone-heap.com\/en\/wp-json\/wp\/v2\/product\/17763\/revisions"}],"predecessor-version":[{"id":20502,"href":"http:\/\/stone-heap.com\/en\/wp-json\/wp\/v2\/product\/17763\/revisions\/20502"}],"wp:featuredmedia":[{"embeddable":true,"href":"http:\/\/stone-heap.com\/en\/wp-json\/wp\/v2\/media\/18399"}],"wp:attachment":[{"href":"http:\/\/stone-heap.com\/en\/wp-json\/wp\/v2\/media?parent=17763"}],"wp:term":[{"taxonomy":"product_brand","embeddable":true,"href":"http:\/\/stone-heap.com\/en\/wp-json\/wp\/v2\/product_brand?post=17763"},{"taxonomy":"product_cat","embeddable":true,"href":"http:\/\/stone-heap.com\/en\/wp-json\/wp\/v2\/product_cat?post=17763"},{"taxonomy":"product_tag","embeddable":true,"href":"http:\/\/stone-heap.com\/en\/wp-json\/wp\/v2\/product_tag?post=17763"}],"curies":[{"name":"wp","href":"https:\/\/api.w.org\/{rel}","templated":true}]}}