{"id":17869,"date":"2025-09-18T11:50:24","date_gmt":"2025-09-18T09:50:24","guid":{"rendered":"https:\/\/stone-heap.com\/?post_type=product&#038;p=17869"},"modified":"2026-05-03T18:40:38","modified_gmt":"2026-05-03T16:40:38","slug":"alter-hafenschlepper","status":"publish","type":"product","link":"http:\/\/stone-heap.com\/en\/shop\/komplettsets\/produkt\/alter-hafenschlepper\/","title":{"rendered":"Old harbor tugboat"},"content":{"rendered":"<p>The article offered here is a complete set <strong>Including clamp bricks, printed instructions and fully printed box!<\/strong><\/p>\n<p>Anzahl der Steine: 694<br \/>\nLevel of difficulty: Medium<br \/>\nModellgr\u00f6\u00dfe: 31 cm x 12 cm x 15 cm<br \/>\nAge recommendation: 12+<\/p>\n<p>Mit der \u201eSeem\u00f6we\u201c holst du dir einen echten Klassiker der Hafenwelt als Klemmbausteinmodell nach Hause. Der detailreiche Schlepper \u00fcberzeugt durch ausschlie\u00dflich bedruckte Teile \u2013 ganz ohne Sticker \u2013 und bringt mit seinen liebevoll gestalteten M\u00f6wen-Prints ein St\u00fcck Hafenatmosph\u00e4re auf dein Bauprojekt.<\/p>","protected":false},"excerpt":{"rendered":"<p>Bei dem hier angebotenen Artikel handelt es sich um ein Komplettset inklusive Klemmbausteine, bedruckte Anleitung und voll bedruckte Schachtel! Anzahl der Steine: 694 Schwierigkeitsgrad: mittel Modellgr\u00f6\u00dfe: 31 cm x 12 cm x 15 cm Altersempfehlung: 12+ Mit der \u201eSeem\u00f6we\u201c holst du dir einen echten Klassiker der Hafenwelt als Klemmbausteinmodell nach Hause. Der detailreiche Schlepper \u00fcberzeugt [&hellip;]<\/p>","protected":false},"featured_media":18521,"comment_status":"open","ping_status":"closed","template":"","meta":[],"product_brand":[],"product_cat":[44,140,556],"product_tag":[527],"class_list":{"0":"post-17869","1":"product","2":"type-product","3":"status-publish","4":"has-post-thumbnail","6":"product_cat-komplettsets","7":"product_cat-stone-heap","8":"product_cat-hafen","9":"product_tag-hafen","10":"product_shipping_class-set-versand-neu","12":"first","13":"instock","14":"taxable","15":"shipping-taxable","16":"purchasable","17":"product-type-simple"},"jetpack_sharing_enabled":true,"_links":{"self":[{"href":"http:\/\/stone-heap.com\/en\/wp-json\/wp\/v2\/product\/17869","targetHints":{"allow":["GET"]}}],"collection":[{"href":"http:\/\/stone-heap.com\/en\/wp-json\/wp\/v2\/product"}],"about":[{"href":"http:\/\/stone-heap.com\/en\/wp-json\/wp\/v2\/types\/product"}],"replies":[{"embeddable":true,"href":"http:\/\/stone-heap.com\/en\/wp-json\/wp\/v2\/comments?post=17869"}],"version-history":[{"count":1,"href":"http:\/\/stone-heap.com\/en\/wp-json\/wp\/v2\/product\/17869\/revisions"}],"predecessor-version":[{"id":17885,"href":"http:\/\/stone-heap.com\/en\/wp-json\/wp\/v2\/product\/17869\/revisions\/17885"}],"wp:featuredmedia":[{"embeddable":true,"href":"http:\/\/stone-heap.com\/en\/wp-json\/wp\/v2\/media\/18521"}],"wp:attachment":[{"href":"http:\/\/stone-heap.com\/en\/wp-json\/wp\/v2\/media?parent=17869"}],"wp:term":[{"taxonomy":"product_brand","embeddable":true,"href":"http:\/\/stone-heap.com\/en\/wp-json\/wp\/v2\/product_brand?post=17869"},{"taxonomy":"product_cat","embeddable":true,"href":"http:\/\/stone-heap.com\/en\/wp-json\/wp\/v2\/product_cat?post=17869"},{"taxonomy":"product_tag","embeddable":true,"href":"http:\/\/stone-heap.com\/en\/wp-json\/wp\/v2\/product_tag?post=17869"}],"curies":[{"name":"wp","href":"https:\/\/api.w.org\/{rel}","templated":true}]}}