{"id":17914,"date":"2025-09-18T13:56:08","date_gmt":"2025-09-18T11:56:08","guid":{"rendered":"https:\/\/stone-heap.com\/?post_type=product&#038;p=17914"},"modified":"2026-04-22T16:53:17","modified_gmt":"2026-04-22T14:53:17","slug":"grosser-bagger","status":"publish","type":"product","link":"http:\/\/stone-heap.com\/en\/shop\/komplettsets\/produkt\/grosser-bagger\/","title":{"rendered":"Large excavator"},"content":{"rendered":"<p><strong>The item offered here is a complete set including clamping blocks, printed instructions, and a fully printed box!<\/strong><\/p>\n<p>Anzahl der Steine: 566<br \/>\nLevel of difficulty: Medium<br \/>\nModellgr\u00f6\u00dfe: 25 cm x 9 cm x 16 cm<br \/>\nAge recommendation: 12+<\/p>\n<p>Der gro\u00dfe Bagger bringt schweres Ger\u00e4t auf deine Klemmbaustein-Baustelle! Mit 100 % bedruckten Teilen \u2013 ganz ohne Sticker \u2013 \u00fcberzeugt das Modell durch h\u00f6chste Detailtreue und langlebige Qualit\u00e4t.<br \/>\nDer m\u00e4chtige Baggeraufbau ist 360\u00b0 drehbar, w\u00e4hrend Arm und Schaufel frei beweglich sind und dir volle Funktionalit\u00e4t beim Graben und Verladen erm\u00f6glichen. Damit wird jede Baustellenszene lebendig und realistisch.<\/p>","protected":false},"excerpt":{"rendered":"<p>Bei dem hier angebotenen Artikel handelt es sich um ein Komplettset inklusive Klemmbausteine, bedruckte Anleitung und voll bedruckte Schachtel! Anzahl der Steine: 566 Schwierigkeitsgrad: mittel Modellgr\u00f6\u00dfe: 25 cm x 9 cm x 16 cm Altersempfehlung: 12+ Der gro\u00dfe Bagger bringt schweres Ger\u00e4t auf deine Klemmbaustein-Baustelle! Mit 100 % bedruckten Teilen \u2013 ganz ohne Sticker \u2013 [&hellip;]<\/p>","protected":false},"featured_media":18513,"comment_status":"open","ping_status":"closed","template":"","meta":[],"product_brand":[],"product_cat":[44,140,557],"product_tag":[544],"class_list":{"0":"post-17914","1":"product","2":"type-product","3":"status-publish","4":"has-post-thumbnail","6":"product_cat-komplettsets","7":"product_cat-stone-heap","8":"product_cat-baustelle","9":"product_tag-baustelle","10":"product_shipping_class-set-versand-neu","12":"first","13":"instock","14":"taxable","15":"shipping-taxable","16":"purchasable","17":"product-type-simple"},"jetpack_sharing_enabled":true,"_links":{"self":[{"href":"http:\/\/stone-heap.com\/en\/wp-json\/wp\/v2\/product\/17914","targetHints":{"allow":["GET"]}}],"collection":[{"href":"http:\/\/stone-heap.com\/en\/wp-json\/wp\/v2\/product"}],"about":[{"href":"http:\/\/stone-heap.com\/en\/wp-json\/wp\/v2\/types\/product"}],"replies":[{"embeddable":true,"href":"http:\/\/stone-heap.com\/en\/wp-json\/wp\/v2\/comments?post=17914"}],"version-history":[{"count":3,"href":"http:\/\/stone-heap.com\/en\/wp-json\/wp\/v2\/product\/17914\/revisions"}],"predecessor-version":[{"id":21147,"href":"http:\/\/stone-heap.com\/en\/wp-json\/wp\/v2\/product\/17914\/revisions\/21147"}],"wp:featuredmedia":[{"embeddable":true,"href":"http:\/\/stone-heap.com\/en\/wp-json\/wp\/v2\/media\/18513"}],"wp:attachment":[{"href":"http:\/\/stone-heap.com\/en\/wp-json\/wp\/v2\/media?parent=17914"}],"wp:term":[{"taxonomy":"product_brand","embeddable":true,"href":"http:\/\/stone-heap.com\/en\/wp-json\/wp\/v2\/product_brand?post=17914"},{"taxonomy":"product_cat","embeddable":true,"href":"http:\/\/stone-heap.com\/en\/wp-json\/wp\/v2\/product_cat?post=17914"},{"taxonomy":"product_tag","embeddable":true,"href":"http:\/\/stone-heap.com\/en\/wp-json\/wp\/v2\/product_tag?post=17914"}],"curies":[{"name":"wp","href":"https:\/\/api.w.org\/{rel}","templated":true}]}}