{"id":17922,"date":"2025-09-18T14:45:29","date_gmt":"2025-09-18T12:45:29","guid":{"rendered":"https:\/\/stone-heap.com\/?post_type=product&#038;p=17922"},"modified":"2026-03-05T10:47:10","modified_gmt":"2026-03-05T09:47:10","slug":"muldenkipper","status":"publish","type":"product","link":"http:\/\/stone-heap.com\/en\/shop\/komplettsets\/produkt\/muldenkipper\/","title":{"rendered":"dump truck"},"content":{"rendered":"<p><strong>The item offered here is a complete set including clamping blocks, printed instructions, and a fully printed box!<\/strong><\/p>\n<p>Anzahl der Steine: 414<br \/>\nLevel of difficulty: Medium<br \/>\nModellgr\u00f6\u00dfe: 24 cm x 7 cm x 9 cm<br \/>\nAge recommendation: 14+<\/p>\n<p>Dieser Klemmbaustein-Muldenkipper ist ein wahres Arbeitstier f\u00fcr deine Baustellenszenerie! Mit 100 % bedruckten Teilen \u2013 ganz ohne Sticker \u2013 \u00fcberzeugt er durch eine detailreiche und langlebige Gestaltung. Die Ladefl\u00e4che ist heb- und senkbar, die Heckklappe l\u00e4sst sich \u00f6ffnen und schlie\u00dfen und sorgt so f\u00fcr realistische Entladefunktionen. Dank des integrierten Knickgelenks meistert der Muldenkipper auch enge Kurven problemlos und bleibt immer flexibel im Einsatz.<\/p>\n<p>&nbsp;<\/p>","protected":false},"excerpt":{"rendered":"<p>Bei dem hier angebotenen Artikel handelt es sich um ein Komplettset inklusive Klemmbausteine, bedruckte Anleitung und voll bedruckte Schachtel! Anzahl der Steine: 414 Schwierigkeitsgrad: mittel Modellgr\u00f6\u00dfe: 24 cm x 7 cm x 9 cm Altersempfehlung: 14+ Dieser Klemmbaustein-Muldenkipper ist ein wahres Arbeitstier f\u00fcr deine Baustellenszenerie! Mit 100 % bedruckten Teilen \u2013 ganz ohne Sticker \u2013 [&hellip;]<\/p>","protected":false},"featured_media":18512,"comment_status":"open","ping_status":"closed","template":"","meta":[],"product_brand":[],"product_cat":[44,140,557],"product_tag":[544],"class_list":{"0":"post-17922","1":"product","2":"type-product","3":"status-publish","4":"has-post-thumbnail","6":"product_cat-komplettsets","7":"product_cat-stone-heap","8":"product_cat-baustelle","9":"product_tag-baustelle","10":"product_shipping_class-set-versand-neu","12":"first","13":"instock","14":"taxable","15":"shipping-taxable","16":"purchasable","17":"product-type-simple"},"jetpack_sharing_enabled":true,"_links":{"self":[{"href":"http:\/\/stone-heap.com\/en\/wp-json\/wp\/v2\/product\/17922","targetHints":{"allow":["GET"]}}],"collection":[{"href":"http:\/\/stone-heap.com\/en\/wp-json\/wp\/v2\/product"}],"about":[{"href":"http:\/\/stone-heap.com\/en\/wp-json\/wp\/v2\/types\/product"}],"replies":[{"embeddable":true,"href":"http:\/\/stone-heap.com\/en\/wp-json\/wp\/v2\/comments?post=17922"}],"version-history":[{"count":2,"href":"http:\/\/stone-heap.com\/en\/wp-json\/wp\/v2\/product\/17922\/revisions"}],"predecessor-version":[{"id":21806,"href":"http:\/\/stone-heap.com\/en\/wp-json\/wp\/v2\/product\/17922\/revisions\/21806"}],"wp:featuredmedia":[{"embeddable":true,"href":"http:\/\/stone-heap.com\/en\/wp-json\/wp\/v2\/media\/18512"}],"wp:attachment":[{"href":"http:\/\/stone-heap.com\/en\/wp-json\/wp\/v2\/media?parent=17922"}],"wp:term":[{"taxonomy":"product_brand","embeddable":true,"href":"http:\/\/stone-heap.com\/en\/wp-json\/wp\/v2\/product_brand?post=17922"},{"taxonomy":"product_cat","embeddable":true,"href":"http:\/\/stone-heap.com\/en\/wp-json\/wp\/v2\/product_cat?post=17922"},{"taxonomy":"product_tag","embeddable":true,"href":"http:\/\/stone-heap.com\/en\/wp-json\/wp\/v2\/product_tag?post=17922"}],"curies":[{"name":"wp","href":"https:\/\/api.w.org\/{rel}","templated":true}]}}