{"id":19208,"date":"2025-11-21T23:46:33","date_gmt":"2025-11-21T22:46:33","guid":{"rendered":"https:\/\/stone-heap.com\/?post_type=product&#038;p=19208"},"modified":"2026-03-20T10:56:49","modified_gmt":"2026-03-20T09:56:49","slug":"containerschiff-verlaengerung","status":"publish","type":"product","link":"http:\/\/stone-heap.com\/en\/shop\/komplettsets\/produkt\/containerschiff-verlaengerung\/","title":{"rendered":"Container ship extension"},"content":{"rendered":"<p>The article offered here is a complete set <strong>Including clamp bricks, printed instructions and fully printed box!<\/strong><\/p>\n<p>Number of stones:  575<br \/>\nLevel of difficulty: Medium<br \/>\nModellgr\u00f6\u00dfe: 33 cm x 8,5 cm x 16,5 cm<br \/>\nAge recommendation: 12+<\/p>\n<p data-start=\"56\" data-end=\"281\">Mit diesem Erweiterungsset verl\u00e4ngerst du dein Containerschiff <a href=\"https:\/\/stone-heap.com\/en\/shop\/komplettsets\/produkt\/containerschiff\/\">SH-4010<\/a> ganz nach Bedarf. Jedes Mittelteil bietet Platz f\u00fcr bis zu 8 Container im <a href=\"https:\/\/stone-heap.com\/en\/shop\/komplettsets\/produkt\/20-fuss-container-db-cargo-db-schenker\/\">20-Fu\u00df-Ma\u00df<\/a> oder 4 Container im 40-Fu\u00df-Ma\u00df und macht dein Modell noch imposanter.<\/p>\n<p data-start=\"283\" data-end=\"578\">Besonders praktisch: Die Verl\u00e4ngerung ist sowohl mit hochwertig bedruckten Logos erh\u00e4ltlich als auch wahlweise mit neutralen, unbedruckten Elementen, die bereits im Set enthalten sind. So entscheidest du selbst, ob dein Schiff realistisch mit Reederei-Optik oder flexibel neutral erweitert wird.<\/p>","protected":false},"excerpt":{"rendered":"<p>Bei dem hier angebotenen Artikel handelt es sich um ein Komplettset inklusive Klemmbausteine, bedruckte Anleitung und voll bedruckte Schachtel! Anzahl der Steine: 575 Schwierigkeitsgrad: mittel Modellgr\u00f6\u00dfe: 33 cm x 8,5 cm x 16,5 cm Altersempfehlung: 12+ Mit diesem Erweiterungsset verl\u00e4ngerst du dein Containerschiff SH-4010 ganz nach Bedarf. Jedes Mittelteil bietet Platz f\u00fcr bis zu 8 [&hellip;]<\/p>","protected":false},"featured_media":18522,"comment_status":"open","ping_status":"closed","template":"","meta":[],"product_brand":[],"product_cat":[44,140,556],"product_tag":[527],"class_list":{"0":"post-19208","1":"product","2":"type-product","3":"status-publish","4":"has-post-thumbnail","6":"product_cat-komplettsets","7":"product_cat-stone-heap","8":"product_cat-hafen","9":"product_tag-hafen","10":"product_shipping_class-set-versand-neu","12":"first","13":"instock","14":"taxable","15":"shipping-taxable","16":"purchasable","17":"product-type-simple"},"jetpack_sharing_enabled":true,"_links":{"self":[{"href":"http:\/\/stone-heap.com\/en\/wp-json\/wp\/v2\/product\/19208","targetHints":{"allow":["GET"]}}],"collection":[{"href":"http:\/\/stone-heap.com\/en\/wp-json\/wp\/v2\/product"}],"about":[{"href":"http:\/\/stone-heap.com\/en\/wp-json\/wp\/v2\/types\/product"}],"replies":[{"embeddable":true,"href":"http:\/\/stone-heap.com\/en\/wp-json\/wp\/v2\/comments?post=19208"}],"version-history":[{"count":1,"href":"http:\/\/stone-heap.com\/en\/wp-json\/wp\/v2\/product\/19208\/revisions"}],"predecessor-version":[{"id":19212,"href":"http:\/\/stone-heap.com\/en\/wp-json\/wp\/v2\/product\/19208\/revisions\/19212"}],"wp:featuredmedia":[{"embeddable":true,"href":"http:\/\/stone-heap.com\/en\/wp-json\/wp\/v2\/media\/18522"}],"wp:attachment":[{"href":"http:\/\/stone-heap.com\/en\/wp-json\/wp\/v2\/media?parent=19208"}],"wp:term":[{"taxonomy":"product_brand","embeddable":true,"href":"http:\/\/stone-heap.com\/en\/wp-json\/wp\/v2\/product_brand?post=19208"},{"taxonomy":"product_cat","embeddable":true,"href":"http:\/\/stone-heap.com\/en\/wp-json\/wp\/v2\/product_cat?post=19208"},{"taxonomy":"product_tag","embeddable":true,"href":"http:\/\/stone-heap.com\/en\/wp-json\/wp\/v2\/product_tag?post=19208"}],"curies":[{"name":"wp","href":"https:\/\/api.w.org\/{rel}","templated":true}]}}