{"id":2943,"date":"2021-09-28T12:40:12","date_gmt":"2021-09-28T10:40:12","guid":{"rendered":"http:\/\/stone-heap-instructions.at\/?post_type=product&#038;p=2943"},"modified":"2023-06-20T23:34:20","modified_gmt":"2023-06-20T21:34:20","slug":"drg-br-01","status":"publish","type":"product","link":"http:\/\/stone-heap.com\/en\/shop\/pdf-bauanleitungen-pro\/dampfloks\/produkt\/drg-br-01\/","title":{"rendered":"DRG BR 01"},"content":{"rendered":"<p>The item offered here is a digital assembly instruction in PDF file format. <strong>There are no construction elements included in the offer! <\/strong>The image is a digitally created image and is only intended to represent the finished product.<\/p>\n<p>Number of stones: 1,435<br \/>\nLevel of difficulty: Hard<br \/>\nAge recommendation: 18+<br \/>\nDesigned by: <a href=\"\/en\/ueber-uns\/\">Fabian<\/a><\/p>\n<p>In addition to the parts list, you will need the following wheels in the colour red:<\/p>\n<p>4x <a href=\"https:\/\/stone-heap.com\/en\/shop\/zubehoer\/zugraeder-zubehoer\/produkt\/s-rad-9\/\">S-wheels 17,6mm<\/a><br \/>\n2x <a href=\"https:\/\/stone-heap.com\/en\/shop\/zubehoer\/zugraeder-zubehoer\/produkt\/2x-m-rad\/\">M-wheels 24mm<\/a><br \/>\n4x <a href=\"https:\/\/stone-heap.com\/en\/shop\/pdf-bauanleitungen\/produkt\/2x-xl-rad-368mm\/\">XL-wheels 36.8mm<\/a><br \/>\n2x<a href=\"https:\/\/stone-heap.com\/en\/shop\/pdf-bauanleitungen\/produkt\/2x-xl-rad-blind-368mm\/\"> XL-wheels 36.8mm\nwithout flange<\/a><\/p>\n<p>Before the class 01 gained its reputation as \"the\" German express locomotive, the companies Borsig (01 001-008) and AEG (01 009-010) delivered a total of ten pre-production locomotives to the Deutsche Reichsbahn Gesellschaft (DRG). The first of these was 01 008, which is still in existence today and was handed over to the DRG on January 10, 1926. However, the locomotives were still ahead of their time at that time, because many lines and also depots were not yet prepared for an axle load of 20 tons. As a result, the routes on which the locomotives could be used were still very limited in the first few years of operation. This meant that testing of the new locomotives took a long time.<\/p>\n<p>The model is, as far as possible, a perfect representation of the real prototype which should not be missing on any layout. In the design process, the optics were in the foreground this time, which is why this locomotive is also something for the experienced farmer \/ in. The filigree construction can be a little difficult to build in some places, but what do you do for a perfect model.<\/p>\n<p>Due to the realistic proportions of the well-known steam locomotive, especially in the undercarriage area, the model also needs a realistic radius (at least R72).<\/p>\n<p>The model can be motorized by means of L-motor. The battery box is located in the tender, the infrared receiver in the cab: for details see the cab. In addition, a steam module can be installed in the front area of the boiler, which you can purchase here for small money: <a href=\"https:\/\/joooooy.com\/products\/1pcs-fogger?_pos=1&amp;_sid=20125db98&amp;_ss=r\" rel=\"nofollow noopener\" target=\"_blank\">www.joooooy.com<\/a><\/p>\n<p><strong>Save 10% on your first purchase at Webrick with code \"Stoneheap\".<\/strong><\/p>\n<div class=\"steine-button\" style=\"width: 250px; padding: 10px; border: 0px solid #105F8B; border-radius: 25px; height: 45px; background-color: #105f8b;\"><a style=\"color: #fff; text-align: center; font-weight: 900;\" href=\"https:\/\/www.webrick.com\/wp_collection\/share\/eJsDXlsijeuSyoGA1SMVImuBFE7cCfIa\/#aid=stoneheap\" rel=\"nofollow noopener\" target=\"_blank\"> Order parts EXTERNALLY now<\/a><\/div>","protected":false},"excerpt":{"rendered":"<p>Bei dem hier angebotenen Artikel handelt es sich um eine digitale Aufbauanleitung im PDF-Dateiformat. Es sind keine Bauelemente im Angebot enthalten! Bei der Abbildung handelt es sich um digital erstelltes Bild\u00a0und soll lediglich\u00a0das fertige Produkt\u00a0darstellen. Anzahl der\u00a0 Steine: 1,435 Schwierigkeitsgrad: Schwer Altersempfehlung: 18+ Designt by: Fabian Zus\u00e4tzlich zur Teileliste ben\u00f6tigt ihr folgende R\u00e4de in der [&hellip;]<\/p>","protected":false},"featured_media":3824,"comment_status":"open","ping_status":"closed","template":"","meta":[],"product_brand":[],"product_cat":[66,69,43],"product_tag":[16,30,50],"class_list":{"0":"post-2943","1":"product","2":"type-product","3":"status-publish","4":"has-post-thumbnail","6":"product_cat-pdf-bauanleitungen-pro","7":"product_cat-dampfloks","8":"product_cat-pdf-bauanleitungen","9":"product_tag-8-noppen","10":"product_tag-dampflok","11":"product_tag-pdf-bauanleitung","13":"first","14":"instock","15":"downloadable","16":"virtual","17":"sold-individually","18":"taxable","19":"purchasable","20":"product-type-simple"},"jetpack_sharing_enabled":true,"_links":{"self":[{"href":"http:\/\/stone-heap.com\/en\/wp-json\/wp\/v2\/product\/2943","targetHints":{"allow":["GET"]}}],"collection":[{"href":"http:\/\/stone-heap.com\/en\/wp-json\/wp\/v2\/product"}],"about":[{"href":"http:\/\/stone-heap.com\/en\/wp-json\/wp\/v2\/types\/product"}],"replies":[{"embeddable":true,"href":"http:\/\/stone-heap.com\/en\/wp-json\/wp\/v2\/comments?post=2943"}],"version-history":[{"count":0,"href":"http:\/\/stone-heap.com\/en\/wp-json\/wp\/v2\/product\/2943\/revisions"}],"wp:featuredmedia":[{"embeddable":true,"href":"http:\/\/stone-heap.com\/en\/wp-json\/wp\/v2\/media\/3824"}],"wp:attachment":[{"href":"http:\/\/stone-heap.com\/en\/wp-json\/wp\/v2\/media?parent=2943"}],"wp:term":[{"taxonomy":"product_brand","embeddable":true,"href":"http:\/\/stone-heap.com\/en\/wp-json\/wp\/v2\/product_brand?post=2943"},{"taxonomy":"product_cat","embeddable":true,"href":"http:\/\/stone-heap.com\/en\/wp-json\/wp\/v2\/product_cat?post=2943"},{"taxonomy":"product_tag","embeddable":true,"href":"http:\/\/stone-heap.com\/en\/wp-json\/wp\/v2\/product_tag?post=2943"}],"curies":[{"name":"wp","href":"https:\/\/api.w.org\/{rel}","templated":true}]}}