{"id":4161,"date":"2022-01-01T19:13:09","date_gmt":"2022-01-01T18:13:09","guid":{"rendered":"https:\/\/stone-heap.com\/?post_type=product&#038;p=4161"},"modified":"2025-08-02T21:41:39","modified_gmt":"2025-08-02T19:41:39","slug":"wiener-linien-strassenbahn-alt-3","status":"publish","type":"product","link":"http:\/\/stone-heap.com\/en\/shop\/komplettsets\/produkt\/wiener-linien-strassenbahn-alt-3\/","title":{"rendered":"Wiener Linien - Tram Old 3"},"content":{"rendered":"<p>Number of stones: 241<br \/>\nLevel of difficulty: Easy<br \/>\nAge recommendation: 8+<br \/>\nLength: 25 cm<br \/>\nDesigner: <a href=\"https:\/\/derklassiker.at\/\" rel=\"nofollow noopener\" target=\"_blank\">derKlassiker<\/a><br \/>\nLicensing partner: <a href=\"https:\/\/www.wienerlinien.at\/\" rel=\"nofollow noopener\" target=\"_blank\">Wiener Linien<\/a><\/p>\n<p>Das Stra\u00dfenbahn Alt 3 Set ist nun schon die dritte Auflage der beliebten Stra\u00dfenbahn Alt. Das Set beinhaltet alle Teile um daraus entweder einen Triebwagen oder den dazugeh\u00f6rigen Waggon zu bauen. Als Aufkleber sind die Linien 10 und die Linie 71 welche zum Zentralfriedhof f\u00e4hrt enthalten. Weiters auch der Aufkleber &#8222;Sonderwagen&#8220;. Ebenso enthalten sind die Warteanzeigeaufkleber f\u00fcr das Optional erh\u00e4ltliche &#8222;Wartehaus 2 Set 1903&#8220;. Das Fahrerhaus ist mit Geschwindigkeitsregler ausgestattet und es gibt Sitze wo die Minifiguren Platz nehmen k\u00f6nnen. Das Dach l\u00e4sst sich gro\u00dffl\u00e4chig als Ganzes entfernen um die Minifiguren reinzusetzen. Es k\u00f6nnen mehrere Waggone aneinander geh\u00e4ngt werden um die reale L\u00e4nge des Komplettzuges wie fr\u00fcher nachzubilden. Das Set ist so \u00fcberarbeitet worden das nun neben dem Motoreinbau auch noch ein Lichteinbau f\u00fcr Vorne und Hinten m\u00f6glich ist. In der Anleitung ist der Motoreinbau und Lichteinbau beschrieben. Der Motor und die Lichtmodule sind separat zu kaufen.<\/p>","protected":false},"excerpt":{"rendered":"<p>Anzahl der Steine: 241 Schwierigkeitsgrad: Leicht Altersempfehlung: 8+ L\u00e4nge: 25 cm Designer: derKlassiker Lizenzpartner: Wiener Linien Das Stra\u00dfenbahn Alt 3 Set ist nun schon die dritte Auflage der beliebten Stra\u00dfenbahn Alt. Das Set beinhaltet alle Teile um daraus entweder einen Triebwagen oder den dazugeh\u00f6rigen Waggon zu bauen. Als Aufkleber sind die Linien 10 und die [&hellip;]<\/p>","protected":false},"featured_media":4174,"comment_status":"open","ping_status":"closed","template":"","meta":[],"product_brand":[],"product_cat":[44,128],"product_tag":[120,127,119],"class_list":{"0":"post-4161","1":"product","2":"type-product","3":"status-publish","4":"has-post-thumbnail","6":"product_cat-komplettsets","7":"product_cat-derklassiker","8":"product_tag-komplettsets","9":"product_tag-strassenbahn","10":"product_tag-wiener-linien","11":"product_shipping_class-set-versand-neu","13":"first","14":"outofstock","15":"taxable","16":"shipping-taxable","17":"purchasable","18":"product-type-simple"},"jetpack_sharing_enabled":true,"_links":{"self":[{"href":"http:\/\/stone-heap.com\/en\/wp-json\/wp\/v2\/product\/4161","targetHints":{"allow":["GET"]}}],"collection":[{"href":"http:\/\/stone-heap.com\/en\/wp-json\/wp\/v2\/product"}],"about":[{"href":"http:\/\/stone-heap.com\/en\/wp-json\/wp\/v2\/types\/product"}],"replies":[{"embeddable":true,"href":"http:\/\/stone-heap.com\/en\/wp-json\/wp\/v2\/comments?post=4161"}],"version-history":[{"count":1,"href":"http:\/\/stone-heap.com\/en\/wp-json\/wp\/v2\/product\/4161\/revisions"}],"predecessor-version":[{"id":15852,"href":"http:\/\/stone-heap.com\/en\/wp-json\/wp\/v2\/product\/4161\/revisions\/15852"}],"wp:featuredmedia":[{"embeddable":true,"href":"http:\/\/stone-heap.com\/en\/wp-json\/wp\/v2\/media\/4174"}],"wp:attachment":[{"href":"http:\/\/stone-heap.com\/en\/wp-json\/wp\/v2\/media?parent=4161"}],"wp:term":[{"taxonomy":"product_brand","embeddable":true,"href":"http:\/\/stone-heap.com\/en\/wp-json\/wp\/v2\/product_brand?post=4161"},{"taxonomy":"product_cat","embeddable":true,"href":"http:\/\/stone-heap.com\/en\/wp-json\/wp\/v2\/product_cat?post=4161"},{"taxonomy":"product_tag","embeddable":true,"href":"http:\/\/stone-heap.com\/en\/wp-json\/wp\/v2\/product_tag?post=4161"}],"curies":[{"name":"wp","href":"https:\/\/api.w.org\/{rel}","templated":true}]}}