{"id":5473,"date":"2024-06-25T19:30:15","date_gmt":"2024-06-25T17:30:15","guid":{"rendered":"https:\/\/stone-heap.com\/?post_type=product&#038;p=5473"},"modified":"2026-03-26T10:26:31","modified_gmt":"2026-03-26T09:26:31","slug":"wiener-linien-ulf-erweiterungsmodell","status":"publish","type":"product","link":"http:\/\/stone-heap.com\/en\/shop\/komplettsets\/produkt\/wiener-linien-ulf-erweiterungsmodell\/","title":{"rendered":"Wiener Linien &#8211; Ulf Erweiterungsmodell"},"content":{"rendered":"<p>Anzahl der Steine: 406<br \/>\nLevel of difficulty: Easy<br \/>\nAge recommendation: 8+<br \/>\nL\u00e4nge: 17 cm<br \/>\nDesigner: <a href=\"https:\/\/derklassiker.at\/\" rel=\"nofollow noopener\" target=\"_blank\">derKlassiker<\/a><br \/>\nLicensing partner: <a href=\"https:\/\/www.wienerlinien.at\/\" rel=\"nofollow noopener\" target=\"_blank\">Wiener Linien<\/a><\/p>\n<p>Die ULF Erweiterung ist die passende Erg\u00e4nzung zum ULF Starterset 1901. Du kannst mit zwei Erweiterungen aus einer<br \/>\nKurzgarnitur wie der Linie 33 eine Linie 5 zaubern. Die Erweiterungsmodule lassen sich beliebig hintereinander anh\u00e4ngen.<br \/>\nEine durchgehende \u00d6ffnung f\u00fcr die Lichtleiterkabel ist gegeben. Ebenso sind Sitze und ein abnehmbares Dach enthalten.<\/p>","protected":false},"excerpt":{"rendered":"<p>Anzahl der Steine: 406 Schwierigkeitsgrad: Leicht Altersempfehlung: 8+ L\u00e4nge: 17 cm Designer: derKlassiker Lizenzpartner: Wiener Linien Die ULF Erweiterung ist die passende Erg\u00e4nzung zum ULF Starterset 1901. Du kannst mit zwei Erweiterungen aus einer Kurzgarnitur wie der Linie 33 eine Linie 5 zaubern. Die Erweiterungsmodule lassen sich beliebig hintereinander anh\u00e4ngen. Eine durchgehende \u00d6ffnung f\u00fcr die [&hellip;]<\/p>","protected":false},"featured_media":14475,"comment_status":"open","ping_status":"closed","template":"","meta":[],"product_brand":[],"product_cat":[44,128],"product_tag":[120,127,119],"class_list":{"0":"post-5473","1":"product","2":"type-product","3":"status-publish","4":"has-post-thumbnail","6":"product_cat-komplettsets","7":"product_cat-derklassiker","8":"product_tag-komplettsets","9":"product_tag-strassenbahn","10":"product_tag-wiener-linien","11":"product_shipping_class-set-versand-neu","13":"first","14":"outofstock","15":"taxable","16":"shipping-taxable","17":"purchasable","18":"product-type-simple"},"jetpack_sharing_enabled":true,"_links":{"self":[{"href":"http:\/\/stone-heap.com\/en\/wp-json\/wp\/v2\/product\/5473","targetHints":{"allow":["GET"]}}],"collection":[{"href":"http:\/\/stone-heap.com\/en\/wp-json\/wp\/v2\/product"}],"about":[{"href":"http:\/\/stone-heap.com\/en\/wp-json\/wp\/v2\/types\/product"}],"replies":[{"embeddable":true,"href":"http:\/\/stone-heap.com\/en\/wp-json\/wp\/v2\/comments?post=5473"}],"version-history":[{"count":1,"href":"http:\/\/stone-heap.com\/en\/wp-json\/wp\/v2\/product\/5473\/revisions"}],"predecessor-version":[{"id":15854,"href":"http:\/\/stone-heap.com\/en\/wp-json\/wp\/v2\/product\/5473\/revisions\/15854"}],"wp:featuredmedia":[{"embeddable":true,"href":"http:\/\/stone-heap.com\/en\/wp-json\/wp\/v2\/media\/14475"}],"wp:attachment":[{"href":"http:\/\/stone-heap.com\/en\/wp-json\/wp\/v2\/media?parent=5473"}],"wp:term":[{"taxonomy":"product_brand","embeddable":true,"href":"http:\/\/stone-heap.com\/en\/wp-json\/wp\/v2\/product_brand?post=5473"},{"taxonomy":"product_cat","embeddable":true,"href":"http:\/\/stone-heap.com\/en\/wp-json\/wp\/v2\/product_cat?post=5473"},{"taxonomy":"product_tag","embeddable":true,"href":"http:\/\/stone-heap.com\/en\/wp-json\/wp\/v2\/product_tag?post=5473"}],"curies":[{"name":"wp","href":"https:\/\/api.w.org\/{rel}","templated":true}]}}