{"id":5649,"date":"2022-07-27T18:00:13","date_gmt":"2022-07-27T16:00:13","guid":{"rendered":"https:\/\/stone-heap.com\/?post_type=product&#038;p=5649"},"modified":"2024-03-18T17:51:40","modified_gmt":"2024-03-18T16:51:40","slug":"dr-br-99-5901","status":"publish","type":"product","link":"http:\/\/stone-heap.com\/en\/shop\/pdf-bauanleitungen\/produkt\/dr-br-99-5901\/","title":{"rendered":"DR BR 99 5901"},"content":{"rendered":"<p>The item offered here is a digital assembly instruction in PDF file format. <strong>There are no construction elements included in the offer! <\/strong>The image is a digitally created image and is only intended to represent the finished product.<\/p>\n<p>Anzahl der Steine: 478<br \/>\nLevel of difficulty: Hard<br \/>\nAge recommendation: 16+<br \/>\nDesigned by: <a href=\"https:\/\/stone-heap.com\/en\/ueber-uns\/\">Andi<\/a><\/p>\n<p>Zus\u00e4tzlich zur Teileliste ben\u00f6tigt ihr folgende R\u00e4der in Rot :<br \/>\n8x <a href=\"https:\/\/stone-heap.com\/en\/shop\/zubehoer\/zugraeder-zubehoer\/produkt\/s-rad-9\/\">S Rad<\/a><\/p>\n<p>1897 bis 1901 beschaffte die NWE (Nordhausen-Wernigerode Eisenbahn-Gesellschaft) 12 Lokomotiven der Mallet Bauart. W\u00e4hrend des 1. Weltkriegs wurden 6 der sehr bew\u00e4hrten Lokomotiven an die Heers-Feldbahn abgegeben, sie kehrten leider nicht mehr in den Harz zur\u00fcck. Alle \u00fcbrigen Lokomotiven wurden an die Reichsbahn, bzw. sp\u00e4ter an die HSB \u00fcbergeben.<\/p>\n<p>Sie k\u00f6nnen 30 km\/h schnell fahren und haben eine Indizierte Leistung von 255 bis 270 PSI.<\/p>\n<p>Das Modell bietet nicht den Platz um es zu motorisieren. Es kann aber Ein G\u00fcter- oder Personenwagen aus unserem Schmalspur-Sortiment motorisiert werden, der dann die Lok schiebt oder zieht.<\/p>\n<p>Der fahrbare Mindestradius betr\u00e4gt R36 Schmalspur, erh\u00e4ltlich bei <a href=\"https:\/\/trixbrix.eu\/\" rel=\"nofollow noopener\" target=\"_blank\">TrixBrix.eu.<\/a><\/p>\n<p><strong><br \/>\nSave 10% on your first purchase at Webrick with code \"Stoneheap\".<\/strong><\/p>\n<div class=\"steine-button\" style=\"width: 250px; padding: 10px; border: 0px solid #105F8B; border-radius: 25px; height: 45px; background-color: #105f8b;\"><a style=\"color: #fff; text-align: center; font-weight: 900;\" href=\"https:\/\/www.webrick.com\/wp_collection\/share\/U6zsu2EAKjpmv9o7OJSWBKUm5fDgny3B\/#aid=stoneheap\" rel=\"nofollow noopener\" target=\"_blank\"> Order parts EXTERNALLY now<\/a><\/div>\n<p>&nbsp;<\/p>","protected":false},"excerpt":{"rendered":"<p>Bei dem hier angebotenen Artikel handelt es sich um eine digitale Aufbauanleitung im PDF-Dateiformat. Es sind keine Bauelemente im Angebot enthalten! Bei der Abbildung handelt es sich um ein digital erstelltes Bild und soll lediglich das fertige Produkt darstellen. Anzahl der Steine: 478 Schwierigkeitsgrad: schwer Altersempfehlung: 16+ Designt by: Andi Zus\u00e4tzlich zur Teileliste ben\u00f6tigt ihr [&hellip;]<\/p>","protected":false},"featured_media":5651,"comment_status":"open","ping_status":"closed","template":"","meta":[],"product_brand":[],"product_cat":[43,65,430],"product_tag":[20,50,148],"class_list":{"0":"post-5649","1":"product","2":"type-product","3":"status-publish","4":"has-post-thumbnail","6":"product_cat-pdf-bauanleitungen","7":"product_cat-pdf-bauanleitungen-easy","8":"product_cat-schmalspurbahn-pdf-bauanleitungen-easy","9":"product_tag-6-noppen","10":"product_tag-pdf-bauanleitung","11":"product_tag-schmalspur","13":"first","14":"instock","15":"downloadable","16":"virtual","17":"sold-individually","18":"taxable","19":"purchasable","20":"product-type-simple"},"jetpack_sharing_enabled":true,"_links":{"self":[{"href":"http:\/\/stone-heap.com\/en\/wp-json\/wp\/v2\/product\/5649","targetHints":{"allow":["GET"]}}],"collection":[{"href":"http:\/\/stone-heap.com\/en\/wp-json\/wp\/v2\/product"}],"about":[{"href":"http:\/\/stone-heap.com\/en\/wp-json\/wp\/v2\/types\/product"}],"replies":[{"embeddable":true,"href":"http:\/\/stone-heap.com\/en\/wp-json\/wp\/v2\/comments?post=5649"}],"version-history":[{"count":0,"href":"http:\/\/stone-heap.com\/en\/wp-json\/wp\/v2\/product\/5649\/revisions"}],"wp:featuredmedia":[{"embeddable":true,"href":"http:\/\/stone-heap.com\/en\/wp-json\/wp\/v2\/media\/5651"}],"wp:attachment":[{"href":"http:\/\/stone-heap.com\/en\/wp-json\/wp\/v2\/media?parent=5649"}],"wp:term":[{"taxonomy":"product_brand","embeddable":true,"href":"http:\/\/stone-heap.com\/en\/wp-json\/wp\/v2\/product_brand?post=5649"},{"taxonomy":"product_cat","embeddable":true,"href":"http:\/\/stone-heap.com\/en\/wp-json\/wp\/v2\/product_cat?post=5649"},{"taxonomy":"product_tag","embeddable":true,"href":"http:\/\/stone-heap.com\/en\/wp-json\/wp\/v2\/product_tag?post=5649"}],"curies":[{"name":"wp","href":"https:\/\/api.w.org\/{rel}","templated":true}]}}