{"id":6464,"date":"2022-08-18T12:32:42","date_gmt":"2022-08-18T10:32:42","guid":{"rendered":"https:\/\/stone-heap.com\/?post_type=product&#038;p=6464"},"modified":"2023-06-20T23:32:33","modified_gmt":"2023-06-20T21:32:33","slug":"db-br-05-003","status":"publish","type":"product","link":"http:\/\/stone-heap.com\/en\/shop\/pdf-bauanleitungen\/produkt\/db-br-05-003\/","title":{"rendered":"DB BR 05 003"},"content":{"rendered":"<p>The item offered here is a digital assembly instruction in PDF file format. <strong>There are no construction elements included in the offer! <\/strong>The image is a digitally created image and is only intended to represent the finished product.<\/p>\n<p>Number of bricks needed:1.364<br \/>\nLevel of difficulty: Hard<br \/>\nAge recommendation: 18+<br \/>\nDesigned by: <a href=\"https:\/\/stone-heap.com\/en\/ueber-uns\/\">Andi<\/a><\/p>\n<p>In addition to the parts list, you will need the following parts in the colour red:<br \/>\n<a href=\"https:\/\/stone-heap.com\/en\/shop\/zubehoer\/zugraeder-zubehoer\/produkt\/s-rad-9\/\">18x S-wheels 17,6mm<\/a> (alternatively, normal railway wheels can also be used)<br \/>\n4x XXL-R\u00e4der 43,2mm (Comming Soon)<br \/>\n2x XXL-R\u00e4der 43,2mm ohne Spurkranz (Comming Soon)<\/p>\n<p>The DRG asked itself whether the view from a traditionally arranged driver's cab could be improved to guarantee operational safety even at high speeds. This eventually resulted in the class 05 003 with a cab at the front and a standing boiler. Feeding was to take place via a pulverised coal turbine.<\/p>\n<p>The whole concept did not prove successful because the coal dust did not burn completely and clogged the heating and flue pipes.<\/p>\n<p>As early as 1944, the streamlined locomotive was converted to a traditional steam locomotive and remained in service with the German Federal Railways until 1958. Due to the smaller steam generator compared to its sister engines, the 05 003 was somewhat less powerful, but due to better boiler dimensions and the combustion chamber, the 003 was the most efficient of the 05s.<\/p>\n<p>The model shows the condition of the DB around 1951, it can be motorised with Power Funktions and 2 L motors. Due to the prototypical large wheels, the minimum radius that can be driven corresponds to R72.<\/p>\n<p>In addition, a steam module can be installed, which you can purchase here:<a href=\"https:\/\/joooooy.com\/products\/1pcs-fogger?_pos=1&amp;_sid=20125db98&amp;_ss=r\" target=\"_blank\" rel=\"nofollow noopener\"> www.joooooy.com<\/a><\/p>\n<p><strong>Save 10% on your first purchase at Webrick with code \"Stoneheap\".<\/strong><\/p>\n<div class=\"steine-button\" style=\"width: 250px; padding: 10px; border: 0px solid #105F8B; border-radius: 25px; height: 45px; background-color: #105f8b;\"><a style=\"color: #fff; text-align: center; font-weight: 900;\" href=\"https:\/\/www.webrick.com\/wp_collection\/share\/61p49FFwUJa5EzbIX3fFxcFJ6Ub52xQQ\/#aid=stoneheap\" rel=\"nofollow noopener\" target=\"_blank\"> Order parts EXTERNALLY now<\/a><\/div>","protected":false},"excerpt":{"rendered":"<p>Bei dem hier angebotenen Artikel handelt es sich um eine digitale Aufbauanleitung im PDF-Dateiformat. Es sind keine Bauelemente im Angebot enthalten! Bei der Abbildung handelt es sich um ein digital erstelltes Bild und soll lediglich das fertige Produkt darstellen. Anzahl der ben\u00f6tigten Steine:1.364 Schwierigkeitsgrad: sehr schwer Altersempfehlung: 18+ Designt by: Andi Zus\u00e4tzlich zur Teileliste ben\u00f6tigen [&hellip;]<\/p>","protected":false},"featured_media":6468,"comment_status":"open","ping_status":"closed","template":"","meta":[],"product_brand":[],"product_cat":[43,66,69],"product_tag":[16,30,50],"class_list":{"0":"post-6464","1":"product","2":"type-product","3":"status-publish","4":"has-post-thumbnail","6":"product_cat-pdf-bauanleitungen","7":"product_cat-pdf-bauanleitungen-pro","8":"product_cat-dampfloks","9":"product_tag-8-noppen","10":"product_tag-dampflok","11":"product_tag-pdf-bauanleitung","13":"first","14":"instock","15":"downloadable","16":"virtual","17":"sold-individually","18":"taxable","19":"purchasable","20":"product-type-simple"},"jetpack_sharing_enabled":true,"_links":{"self":[{"href":"http:\/\/stone-heap.com\/en\/wp-json\/wp\/v2\/product\/6464","targetHints":{"allow":["GET"]}}],"collection":[{"href":"http:\/\/stone-heap.com\/en\/wp-json\/wp\/v2\/product"}],"about":[{"href":"http:\/\/stone-heap.com\/en\/wp-json\/wp\/v2\/types\/product"}],"replies":[{"embeddable":true,"href":"http:\/\/stone-heap.com\/en\/wp-json\/wp\/v2\/comments?post=6464"}],"version-history":[{"count":0,"href":"http:\/\/stone-heap.com\/en\/wp-json\/wp\/v2\/product\/6464\/revisions"}],"wp:featuredmedia":[{"embeddable":true,"href":"http:\/\/stone-heap.com\/en\/wp-json\/wp\/v2\/media\/6468"}],"wp:attachment":[{"href":"http:\/\/stone-heap.com\/en\/wp-json\/wp\/v2\/media?parent=6464"}],"wp:term":[{"taxonomy":"product_brand","embeddable":true,"href":"http:\/\/stone-heap.com\/en\/wp-json\/wp\/v2\/product_brand?post=6464"},{"taxonomy":"product_cat","embeddable":true,"href":"http:\/\/stone-heap.com\/en\/wp-json\/wp\/v2\/product_cat?post=6464"},{"taxonomy":"product_tag","embeddable":true,"href":"http:\/\/stone-heap.com\/en\/wp-json\/wp\/v2\/product_tag?post=6464"}],"curies":[{"name":"wp","href":"https:\/\/api.w.org\/{rel}","templated":true}]}}