{"id":8116,"date":"2023-01-23T18:00:33","date_gmt":"2023-01-23T17:00:33","guid":{"rendered":"https:\/\/stone-heap.com\/?post_type=product&#038;p=8116"},"modified":"2025-01-31T13:41:57","modified_gmt":"2025-01-31T12:41:57","slug":"schwarzer-kaffee-weisse-tasse","status":"publish","type":"product","link":"http:\/\/stone-heap.com\/en\/shop\/zubehoer\/produkt\/schwarzer-kaffee-weisse-tasse\/","title":{"rendered":"Black coffee (White cup)"},"content":{"rendered":"<p class=\"translation-block\">Made and reworked from <strong>original LEGO\u00ae components<\/strong>. Not an official LEGO\u00ae product. Image similar. Final product may vary in colour and may contain small air pockets.<\/p>\n<p>Full-bodied, aromatic and easy to digest! Freshly ground and brewed directly, this coffee tastes simply delicious. At least that's what the minifigures from some brick cities told us. If that's not a reason to provide your minifigures with cups of delicious coffee, we don't know what is... *slurp*.<\/p>","protected":false},"excerpt":{"rendered":"<p>Hergestellt und nachbearbeitet aus original LEGO\u00ae Komponenten. Kein offizielles LEGO\u00ae Produkt. Abbildung \u00e4hnlich. Endprodukt kann farblich abweichen und ggf. kleine Lufteinschl\u00fcsse enthalten. Vollmundig, aromatisch und gut bek\u00f6mmlich! Frisch gemahlen und direkt aufgebr\u00fcht schmeckt dieser Kaffee einfach k\u00f6stlich. Zumindest berichteten uns das die Minifiguren aus einigen steinigen St\u00e4dten. Wenn das kein Grund ist auch deine Minifiguren [&hellip;]<\/p>","protected":false},"featured_media":8120,"comment_status":"open","ping_status":"closed","template":"","meta":[],"product_brand":[],"product_cat":[98,225],"product_tag":[229,226],"class_list":{"0":"post-8116","1":"product","2":"type-product","3":"status-publish","4":"has-post-thumbnail","6":"product_cat-zubehoer","7":"product_cat-minifigur-accessoires","8":"product_tag-kaffee","9":"product_tag-minifigur-accessoires","10":"product_shipping_class-kleinartikel-versand","11":"pa_set-1x","12":"pa_set-5x","14":"first","15":"outofstock","16":"sale","17":"taxable","18":"shipping-taxable","19":"purchasable","20":"product-type-variable"},"jetpack_sharing_enabled":true,"_links":{"self":[{"href":"http:\/\/stone-heap.com\/en\/wp-json\/wp\/v2\/product\/8116","targetHints":{"allow":["GET"]}}],"collection":[{"href":"http:\/\/stone-heap.com\/en\/wp-json\/wp\/v2\/product"}],"about":[{"href":"http:\/\/stone-heap.com\/en\/wp-json\/wp\/v2\/types\/product"}],"replies":[{"embeddable":true,"href":"http:\/\/stone-heap.com\/en\/wp-json\/wp\/v2\/comments?post=8116"}],"version-history":[{"count":1,"href":"http:\/\/stone-heap.com\/en\/wp-json\/wp\/v2\/product\/8116\/revisions"}],"predecessor-version":[{"id":16102,"href":"http:\/\/stone-heap.com\/en\/wp-json\/wp\/v2\/product\/8116\/revisions\/16102"}],"wp:featuredmedia":[{"embeddable":true,"href":"http:\/\/stone-heap.com\/en\/wp-json\/wp\/v2\/media\/8120"}],"wp:attachment":[{"href":"http:\/\/stone-heap.com\/en\/wp-json\/wp\/v2\/media?parent=8116"}],"wp:term":[{"taxonomy":"product_brand","embeddable":true,"href":"http:\/\/stone-heap.com\/en\/wp-json\/wp\/v2\/product_brand?post=8116"},{"taxonomy":"product_cat","embeddable":true,"href":"http:\/\/stone-heap.com\/en\/wp-json\/wp\/v2\/product_cat?post=8116"},{"taxonomy":"product_tag","embeddable":true,"href":"http:\/\/stone-heap.com\/en\/wp-json\/wp\/v2\/product_tag?post=8116"}],"curies":[{"name":"wp","href":"https:\/\/api.w.org\/{rel}","templated":true}]}}