{"id":10168,"date":"2023-07-23T22:56:22","date_gmt":"2023-07-23T20:56:22","guid":{"rendered":"https:\/\/stone-heap.com\/?page_id=10168"},"modified":"2023-07-23T23:00:39","modified_gmt":"2023-07-23T21:00:39","slug":"die-arbeit-hinter-den-sets","status":"publish","type":"page","link":"https:\/\/stone-heap.com\/en\/die-arbeit-hinter-den-sets\/","title":{"rendered":"The work behind the sets"},"content":{"rendered":"<div data-elementor-type=\"wp-page\" data-elementor-id=\"10168\" class=\"elementor elementor-10168\" data-elementor-post-type=\"page\">\n\t\t\t\t\t\t<section class=\"elementor-section elementor-top-section elementor-element elementor-element-fe4ace7 elementor-section-boxed elementor-section-height-default elementor-section-height-default\" data-id=\"fe4ace7\" data-element_type=\"section\" data-e-type=\"section\">\n\t\t\t\t\t\t<div class=\"elementor-container elementor-column-gap-default\">\n\t\t\t\t\t<div class=\"elementor-column elementor-col-100 elementor-top-column elementor-element elementor-element-9022cba\" data-id=\"9022cba\" data-element_type=\"column\" data-e-type=\"column\">\n\t\t\t<div class=\"elementor-widget-wrap elementor-element-populated\">\n\t\t\t\t\t\t<div class=\"elementor-element elementor-element-543b57e elementor-widget elementor-widget-heading\" data-id=\"543b57e\" data-element_type=\"widget\" data-e-type=\"widget\" data-widget_type=\"heading.default\">\n\t\t\t\t<div class=\"elementor-widget-container\">\n\t\t\t\t\t<h1 class=\"elementor-heading-title elementor-size-default\">The work behind the sets<\/h1>\t\t\t\t<\/div>\n\t\t\t\t<\/div>\n\t\t\t\t\t<\/div>\n\t\t<\/div>\n\t\t\t\t\t<\/div>\n\t\t<\/section>\n\t\t\t\t<section class=\"elementor-section elementor-top-section elementor-element elementor-element-52c0342 elementor-section-boxed elementor-section-height-default elementor-section-height-default\" data-id=\"52c0342\" data-element_type=\"section\" data-e-type=\"section\">\n\t\t\t\t\t\t<div class=\"elementor-container elementor-column-gap-default\">\n\t\t\t\t\t<div class=\"elementor-column elementor-col-100 elementor-top-column elementor-element elementor-element-873cc38\" data-id=\"873cc38\" data-element_type=\"column\" data-e-type=\"column\">\n\t\t\t<div class=\"elementor-widget-wrap elementor-element-populated\">\n\t\t\t\t\t\t<section class=\"elementor-section elementor-inner-section elementor-element elementor-element-36ff200 elementor-section-boxed elementor-section-height-default elementor-section-height-default\" data-id=\"36ff200\" data-element_type=\"section\" data-e-type=\"section\">\n\t\t\t\t\t\t<div class=\"elementor-container elementor-column-gap-default\">\n\t\t\t\t\t<div class=\"elementor-column elementor-col-100 elementor-inner-column elementor-element elementor-element-107ac31\" data-id=\"107ac31\" data-element_type=\"column\" data-e-type=\"column\">\n\t\t\t<div class=\"elementor-widget-wrap elementor-element-populated\">\n\t\t\t\t\t\t<div class=\"elementor-element elementor-element-59b7868 elementor-widget elementor-widget-image\" data-id=\"59b7868\" data-element_type=\"widget\" data-e-type=\"widget\" data-widget_type=\"image.default\">\n\t\t\t\t<div class=\"elementor-widget-container\">\n\t\t\t\t\t\t\t\t\t\t\t\t\t\t\t<img fetchpriority=\"high\" decoding=\"async\" width=\"980\" height=\"551\" src=\"https:\/\/i0.wp.com\/stone-heap.com\/wp-content\/uploads\/2023\/07\/Snapshot_51.png?fit=980%2C551&amp;ssl=1\" class=\"attachment-large size-large wp-image-10171\" alt=\"\" srcset=\"https:\/\/i0.wp.com\/stone-heap.com\/wp-content\/uploads\/2023\/07\/Snapshot_51.png?w=1920&amp;ssl=1 1920w, https:\/\/i0.wp.com\/stone-heap.com\/wp-content\/uploads\/2023\/07\/Snapshot_51.png?resize=300%2C169&amp;ssl=1 300w, https:\/\/i0.wp.com\/stone-heap.com\/wp-content\/uploads\/2023\/07\/Snapshot_51.png?resize=1024%2C576&amp;ssl=1 1024w, https:\/\/i0.wp.com\/stone-heap.com\/wp-content\/uploads\/2023\/07\/Snapshot_51.png?resize=768%2C432&amp;ssl=1 768w, https:\/\/i0.wp.com\/stone-heap.com\/wp-content\/uploads\/2023\/07\/Snapshot_51.png?resize=1536%2C864&amp;ssl=1 1536w, https:\/\/i0.wp.com\/stone-heap.com\/wp-content\/uploads\/2023\/07\/Snapshot_51.png?resize=18%2C10&amp;ssl=1 18w, https:\/\/i0.wp.com\/stone-heap.com\/wp-content\/uploads\/2023\/07\/Snapshot_51.png?resize=324%2C182&amp;ssl=1 324w, https:\/\/i0.wp.com\/stone-heap.com\/wp-content\/uploads\/2023\/07\/Snapshot_51.png?resize=416%2C234&amp;ssl=1 416w\" sizes=\"(max-width: 980px) 100vw, 980px\" \/>\t\t\t\t\t\t\t\t\t\t\t\t\t\t\t<\/div>\n\t\t\t\t<\/div>\n\t\t\t\t\t<\/div>\n\t\t<\/div>\n\t\t\t\t\t<\/div>\n\t\t<\/section>\n\t\t\t\t<div class=\"elementor-element elementor-element-2981330 elementor-widget elementor-widget-text-editor\" data-id=\"2981330\" data-element_type=\"widget\" data-e-type=\"widget\" data-widget_type=\"text-editor.default\">\n\t\t\t\t<div class=\"elementor-widget-container\">\n\t\t\t\t\t\t\t\t\t<p><strong>Die Entstehung eines Klemmbausteinsets ist ein komplexer Prozess, der mehrere Schritte umfasst, von der Ideenfindung \u00fcber das Design bis zur Produktion und Verpackung. Hier ist ein \u00dcberblick \u00fcber unsere typischen Schritte, die zur Herstellung eines Klemmbausteinsets f\u00fchren.<\/strong><\/p>\t\t\t\t\t\t\t\t<\/div>\n\t\t\t\t<\/div>\n\t\t\t\t<div class=\"elementor-element elementor-element-05bd9cf elementor-widget elementor-widget-text-editor\" data-id=\"05bd9cf\" data-element_type=\"widget\" data-e-type=\"widget\" data-widget_type=\"text-editor.default\">\n\t\t\t\t<div class=\"elementor-widget-container\">\n\t\t\t\t\t\t\t\t\t<p>I<b>deenfindung und Konzeptentwicklung:<\/b><\/p>\n<p>Der Prozess beginnt mit der Ideenfindung und Konzeptentwicklung. Angefangen von Skizzen und Gespr\u00e4chen mit unseren Lizenzgebern, steht unser Gedanken einen hochwertigen Artikel f\u00fcr euch als unsere Kundschaft zu entwickeln. Nat\u00fcrlich betrachten wir den gesamten Klemmbausteinmarkt sehr genau und analysieren in Meetings und Marktforschungen, ob ein geplantes Set auf ein Kundeninteresse sto\u00dfen kann.<\/p>\n<p><b>Design und Prototypenerstellung:<\/b><\/p>\n<p>Sobald das Konzept festgelegt ist, beginnen unsere Designer mit der Entwicklung des Produkts. Die Designs werden so entworfen, um sicherzustellen, dass sie gut zusammenpassen und stabil genug sind, um verschiedene Belastungen auszuhalten, z.B. beim Spielen mit dem fertigen Artikel. In dieser Phase werden auch Prototypen erstellt und getestet, um eventuelle Fehler oder Verbesserungsm\u00f6glichkeiten zu identifizieren. Bei lizenzierten Sets wird eine aktive Kommunikation mit der Lizenz oder Auftraggebern gehalten.<\/p>\n<p><b>Materialauswahl und Produktion:<\/b><\/p>\n<p>Nach der finalen Designfreigabe geht es in die Produktion des Artikels. Unsere Klemmbausteine bestehen aus ABS-Kunststoff, der langlebig und sicher ist. Alle unsere Klemmbausteine sind mit den g\u00e4ngigen Herstellern wie Lego, Mould King oder BlueBrixx kompatibel. Die Produktion erfolgt in speziellen Fabriken, die \u00fcber moderne Spritzgussmaschinen verf\u00fcgen. Hier werden die Klemmbausteine in gro\u00dfen Mengen hergestellt und anschlie\u00dfend auf Qualit\u00e4t und Pr\u00e4zision gepr\u00fcft.<\/p>\n<p><b>Testen und Zertifizierung:<\/b><\/p>\n<p>Die produzierten Klemmbausteine werden gr\u00fcndlich getestet, um sicherzustellen, dass sie den geltenden Sicherheits- und Qualit\u00e4tsstandards entsprechen. Dazu geh\u00f6ren Tests auf mechanische Festigkeit, chemische Zusammensetzung und Stabilit\u00e4t. Nur wenn die Klemmbausteine alle Anforderungen erf\u00fcllen, erhalten sie die entsprechenden Zertifizierungen und k\u00f6nnen in den Verkauf gehen.<\/p>\n<p><b>Verpackung und Zusammenstellung:<\/b><\/p>\n<p>Die Klemmbausteine werden sorgf\u00e4ltig verpackt, um sie vor Besch\u00e4digungen w\u00e4hrend des Transports zu sch\u00fctzen. Die Verpackung enth\u00e4lt auch eine detaillierte Bauanleitung, um den Kindern beim Aufbau verschiedener Modelle zu helfen.<\/p>\n<p><b>Vertrieb und Marketing:<\/b><\/p>\n<p>Nachdem die Klemmbausteinsets hergestellt und verpackt wurden, starten wir die promotion \u00fcber unsere Social Media Kan\u00e4le. Sobald die Sets eingetroffen sind aus unseren Au\u00dfenlagern, starten wir mit dem eigentlichen Verkauf \u00fcber unseren Webshop und zuk\u00fcnftig \u00fcber unsere Einzelhandelspartner.<\/p>\n<p><b>Kundenfeedback und Weiterentwicklung:<\/b><\/p>\n<p>Nach dem Verkaufsstart sammeln wir Feedback von Kunden, um Verbesserungen und neue Ideen f\u00fcr zuk\u00fcnftige Klemmbausteinsets zu erhalten. Dieser Feedback-Prozess hilft uns dabei, die Produkte kontinuierlich zu verbessern und den Anspr\u00fcchen von euch gerecht zu werden.<br><br><\/p>\n<p><\/p>\n<p>Insgesamt ist die Entstehung eines Klemmbausteinsets ein sorgf\u00e4ltig geplanter Prozess, der sowohl Kreativit\u00e4t als auch technisches Know-how erfordert, um ein qualitativ hochwertiges und unterhaltsames Produkt zu liefern, das die Fantasie, Begeisterung und Freude von euch als Kunden f\u00f6rdert.<\/p>\t\t\t\t\t\t\t\t<\/div>\n\t\t\t\t<\/div>\n\t\t\t\t\t<\/div>\n\t\t<\/div>\n\t\t\t\t\t<\/div>\n\t\t<\/section>\n\t\t\t\t<\/div>","protected":false},"excerpt":{"rendered":"<p>Die Arbeit hinter den Sets Die Entstehung eines Klemmbausteinsets ist ein komplexer Prozess, der mehrere Schritte umfasst, von der Ideenfindung \u00fcber das Design bis zur Produktion und Verpackung. Hier ist ein \u00dcberblick \u00fcber unsere typischen Schritte, die zur Herstellung eines Klemmbausteinsets f\u00fchren. Ideenfindung und Konzeptentwicklung: Der Prozess beginnt mit der Ideenfindung und Konzeptentwicklung. Angefangen von [&hellip;]<\/p>","protected":false},"author":1,"featured_media":0,"parent":0,"menu_order":0,"comment_status":"closed","ping_status":"closed","template":"","meta":{"footnotes":""},"class_list":["post-10168","page","type-page","status-publish","hentry"],"jetpack_sharing_enabled":true,"_links":{"self":[{"href":"https:\/\/stone-heap.com\/en\/wp-json\/wp\/v2\/pages\/10168","targetHints":{"allow":["GET"]}}],"collection":[{"href":"https:\/\/stone-heap.com\/en\/wp-json\/wp\/v2\/pages"}],"about":[{"href":"https:\/\/stone-heap.com\/en\/wp-json\/wp\/v2\/types\/page"}],"author":[{"embeddable":true,"href":"https:\/\/stone-heap.com\/en\/wp-json\/wp\/v2\/users\/1"}],"replies":[{"embeddable":true,"href":"https:\/\/stone-heap.com\/en\/wp-json\/wp\/v2\/comments?post=10168"}],"version-history":[{"count":0,"href":"https:\/\/stone-heap.com\/en\/wp-json\/wp\/v2\/pages\/10168\/revisions"}],"wp:attachment":[{"href":"https:\/\/stone-heap.com\/en\/wp-json\/wp\/v2\/media?parent=10168"}],"curies":[{"name":"wp","href":"https:\/\/api.w.org\/{rel}","templated":true}]}}