{"id":13471,"date":"2024-04-01T22:41:31","date_gmt":"2024-04-01T20:41:31","guid":{"rendered":"https:\/\/stone-heap.com\/?page_id=13471"},"modified":"2025-01-10T13:09:59","modified_gmt":"2025-01-10T12:09:59","slug":"city-management-leoben-projektseite","status":"publish","type":"page","link":"https:\/\/stone-heap.com\/en\/city-management-leoben-projektseite\/","title":{"rendered":"City Management Leoben &#8211; Projektseite"},"content":{"rendered":"<div data-elementor-type=\"wp-page\" data-elementor-id=\"13471\" class=\"elementor elementor-13471\" data-elementor-post-type=\"page\">\n\t\t\t\t\t\t<section class=\"elementor-section elementor-top-section elementor-element elementor-element-c6853de elementor-section-boxed elementor-section-height-default elementor-section-height-default\" data-id=\"c6853de\" data-element_type=\"section\" data-e-type=\"section\">\n\t\t\t\t\t\t<div class=\"elementor-container elementor-column-gap-default\">\n\t\t\t\t\t<div class=\"elementor-column elementor-col-100 elementor-top-column elementor-element elementor-element-7137290\" data-id=\"7137290\" data-element_type=\"column\" data-e-type=\"column\">\n\t\t\t<div class=\"elementor-widget-wrap elementor-element-populated\">\n\t\t\t\t\t\t<div class=\"elementor-element elementor-element-3aa3a31 elementor-widget elementor-widget-heading\" data-id=\"3aa3a31\" data-element_type=\"widget\" data-e-type=\"widget\" data-widget_type=\"heading.default\">\n\t\t\t\t<div class=\"elementor-widget-container\">\n\t\t\t\t\t<h1 class=\"elementor-heading-title elementor-size-default\">City Management Leoben<\/h1>\t\t\t\t<\/div>\n\t\t\t\t<\/div>\n\t\t\t\t\t<\/div>\n\t\t<\/div>\n\t\t\t\t\t<\/div>\n\t\t<\/section>\n\t\t\t\t<section class=\"elementor-section elementor-top-section elementor-element elementor-element-1cdb2fd elementor-section-boxed elementor-section-height-default elementor-section-height-default\" data-id=\"1cdb2fd\" data-element_type=\"section\" data-e-type=\"section\">\n\t\t\t\t\t\t<div class=\"elementor-container elementor-column-gap-default\">\n\t\t\t\t\t<div class=\"elementor-column elementor-col-100 elementor-top-column elementor-element elementor-element-c937200\" data-id=\"c937200\" data-element_type=\"column\" data-e-type=\"column\">\n\t\t\t<div class=\"elementor-widget-wrap elementor-element-populated\">\n\t\t\t\t\t\t<div class=\"elementor-element elementor-element-ad331d1 elementor-widget elementor-widget-text-editor\" data-id=\"ad331d1\" data-element_type=\"widget\" data-e-type=\"widget\" data-widget_type=\"text-editor.default\">\n\t\t\t\t<div class=\"elementor-widget-container\">\n\t\t\t\t\t\t\t\t\t<p><strong>To the client: <\/strong>Leoben, a city in Styria, Austria, combines history, culture and nature. With a medieval town centre, the renowned Montanuniversit\u00e4t and a rich cultural scene, Leoben offers a mixture of tradition and modernity. The G\u00f6sser Brewery Museum, the City Museum and the Kunsthaus Leoben are just some of the cultural highlights. The surrounding countryside is ideal for outdoor activities such as hiking and skiing. Discover Leoben and its many charms.<\/p><p><strong>About the project:<\/strong> F\u00fcr das City Management von der Stadt Leoben, haben wir den bekannten Schwammerlturm entwickelt. Dieses Meisterwerk kann man im Touristencenter der Stadt am Hauptplatz erwerben. Der Turm ist mit passenden Aufklebern ausgestattet, die dem Turm eine noch tiefere Detailtreue verleihen. Der Schwammerlturm ist das erste Bauwerk der Leoben Serie.<\/p><p style=\"text-align: center;\"><a href=\"https:\/\/citymanagement-leoben.at\/\" rel=\"nofollow noopener\" target=\"_blank\"><strong>To the website<\/strong><\/a><\/p>\t\t\t\t\t\t\t\t<\/div>\n\t\t\t\t<\/div>\n\t\t\t\t\t<\/div>\n\t\t<\/div>\n\t\t\t\t\t<\/div>\n\t\t<\/section>\n\t\t\t\t<section class=\"elementor-section elementor-top-section elementor-element elementor-element-6dd82bc elementor-section-boxed elementor-section-height-default elementor-section-height-default\" data-id=\"6dd82bc\" data-element_type=\"section\" data-e-type=\"section\">\n\t\t\t\t\t\t<div class=\"elementor-container elementor-column-gap-default\">\n\t\t\t\t\t<div class=\"elementor-column elementor-col-33 elementor-top-column elementor-element elementor-element-fb05bb3\" data-id=\"fb05bb3\" data-element_type=\"column\" data-e-type=\"column\">\n\t\t\t<div class=\"elementor-widget-wrap elementor-element-populated\">\n\t\t\t\t\t\t<div class=\"elementor-element elementor-element-af8ed57 elementor--h-position-center elementor--v-position-middle elementor-widget elementor-widget-slides\" data-id=\"af8ed57\" data-element_type=\"widget\" data-e-type=\"widget\" data-settings=\"{&quot;navigation&quot;:&quot;none&quot;,&quot;autoplay&quot;:&quot;yes&quot;,&quot;pause_on_hover&quot;:&quot;yes&quot;,&quot;pause_on_interaction&quot;:&quot;yes&quot;,&quot;autoplay_speed&quot;:5000,&quot;infinite&quot;:&quot;yes&quot;,&quot;transition&quot;:&quot;slide&quot;,&quot;transition_speed&quot;:500}\" data-widget_type=\"slides.default\">\n\t\t\t\t<div class=\"elementor-widget-container\">\n\t\t\t\t\t\t\t\t\t<div class=\"elementor-swiper\">\n\t\t\t\t\t<div class=\"elementor-slides-wrapper elementor-main-swiper swiper\" role=\"region\" aria-roledescription=\"carousel\" aria-label=\"Slider\" dir=\"ltr\" data-animation=\"fadeInUp\">\n\t\t\t\t<div class=\"swiper-wrapper elementor-slides\">\n\t\t\t\t\t\t\t\t\t\t<div class=\"elementor-repeater-item-855ace2 swiper-slide\" role=\"group\" aria-roledescription=\"slide\"><div class=\"swiper-slide-bg elementor-ken-burns elementor-ken-burns--in\" role=\"img\" aria-label=\"Schwammerturm Leoben Klemmbaustein Modell www.stone-heap.com\"><\/div><div class=\"swiper-slide-inner\" ><div class=\"swiper-slide-contents\"><\/div><\/div><\/div><div class=\"elementor-repeater-item-d98e20a swiper-slide\" role=\"group\" aria-roledescription=\"slide\"><div class=\"swiper-slide-bg elementor-ken-burns elementor-ken-burns--in\" role=\"img\" aria-label=\"Schwammerturm Leoben www.stone-heap.com\"><\/div><div class=\"swiper-slide-inner\" ><div class=\"swiper-slide-contents\"><\/div><\/div><\/div>\t\t\t\t<\/div>\n\t\t\t\t\t\t\t\t\t\t\t\t\t\t\t\t\t\t\t\t\t<\/div>\n\t\t\t\t<\/div>\n\t\t\t\t\t\t\t\t<\/div>\n\t\t\t\t<\/div>\n\t\t\t\t\t<\/div>\n\t\t<\/div>\n\t\t\t\t<div class=\"elementor-column elementor-col-33 elementor-top-column elementor-element elementor-element-9870b1f\" data-id=\"9870b1f\" data-element_type=\"column\" data-e-type=\"column\">\n\t\t\t<div class=\"elementor-widget-wrap elementor-element-populated\">\n\t\t\t\t\t\t<div class=\"elementor-element elementor-element-26cf56d elementor-widget__width-initial elementor-widget elementor-widget-text-editor\" data-id=\"26cf56d\" data-element_type=\"widget\" data-e-type=\"widget\" data-widget_type=\"text-editor.default\">\n\t\t\t\t<div class=\"elementor-widget-container\">\n\t\t\t\t\t\t\t\t\t<h4 style=\"text-align: center;\"><strong>Schwammerlturm<\/strong><\/h4><p style=\"text-align: center;\">Number of bricks: 950<br \/>Level of difficulty: Easy<br \/>Age recommendation: 9+<br \/>14 cm long 14 cm wide and 51 cm high<br \/>Incl. sticker<\/p>\t\t\t\t\t\t\t\t<\/div>\n\t\t\t\t<\/div>\n\t\t\t\t<div class=\"elementor-element elementor-element-31f8382 elementor-widget__width-initial elementor-widget elementor-widget-text-editor\" data-id=\"31f8382\" data-element_type=\"widget\" data-e-type=\"widget\" data-widget_type=\"text-editor.default\">\n\t\t\t\t<div class=\"elementor-widget-container\">\n\t\t\t\t\t\t\t\t\t<p style=\"text-align: center;\">Das Set ist nur beim City Management <br \/>in Leoben \/ \u00d6sterreich<br \/>am Hauptplatz 12, 8700 Leoben erh\u00e4ltlich. <br \/><br \/><\/p>\t\t\t\t\t\t\t\t<\/div>\n\t\t\t\t<\/div>\n\t\t\t\t\t<\/div>\n\t\t<\/div>\n\t\t\t\t<div class=\"elementor-column elementor-col-33 elementor-top-column elementor-element elementor-element-6fb41d9\" data-id=\"6fb41d9\" data-element_type=\"column\" data-e-type=\"column\">\n\t\t\t<div class=\"elementor-widget-wrap elementor-element-populated\">\n\t\t\t\t\t\t<div class=\"elementor-element elementor-element-f7e395d elementor-widget elementor-widget-image\" data-id=\"f7e395d\" data-element_type=\"widget\" data-e-type=\"widget\" data-widget_type=\"image.default\">\n\t\t\t\t<div class=\"elementor-widget-container\">\n\t\t\t\t\t\t\t\t\t\t\t\t\t\t\t<img fetchpriority=\"high\" decoding=\"async\" width=\"2483\" height=\"3508\" src=\"https:\/\/i0.wp.com\/stone-heap.com\/wp-content\/uploads\/2024\/04\/Startseite.png?fit=2483%2C3508&amp;ssl=1\" class=\"attachment-full size-full wp-image-13484\" alt=\"\" srcset=\"https:\/\/i0.wp.com\/stone-heap.com\/wp-content\/uploads\/2024\/04\/Startseite.png?w=2483&amp;ssl=1 2483w, https:\/\/i0.wp.com\/stone-heap.com\/wp-content\/uploads\/2024\/04\/Startseite.png?resize=212%2C300&amp;ssl=1 212w, https:\/\/i0.wp.com\/stone-heap.com\/wp-content\/uploads\/2024\/04\/Startseite.png?resize=725%2C1024&amp;ssl=1 725w, https:\/\/i0.wp.com\/stone-heap.com\/wp-content\/uploads\/2024\/04\/Startseite.png?resize=768%2C1085&amp;ssl=1 768w, https:\/\/i0.wp.com\/stone-heap.com\/wp-content\/uploads\/2024\/04\/Startseite.png?resize=1087%2C1536&amp;ssl=1 1087w, https:\/\/i0.wp.com\/stone-heap.com\/wp-content\/uploads\/2024\/04\/Startseite.png?resize=1450%2C2048&amp;ssl=1 1450w, https:\/\/i0.wp.com\/stone-heap.com\/wp-content\/uploads\/2024\/04\/Startseite.png?resize=8%2C12&amp;ssl=1 8w, https:\/\/i0.wp.com\/stone-heap.com\/wp-content\/uploads\/2024\/04\/Startseite.png?resize=416%2C588&amp;ssl=1 416w, https:\/\/i0.wp.com\/stone-heap.com\/wp-content\/uploads\/2024\/04\/Startseite.png?w=1960&amp;ssl=1 1960w\" sizes=\"(max-width: 980px) 100vw, 980px\" \/>\t\t\t\t\t\t\t\t\t\t\t\t\t\t\t<\/div>\n\t\t\t\t<\/div>\n\t\t\t\t<div class=\"elementor-element elementor-element-f57f403 elementor-widget elementor-widget-image-carousel\" data-id=\"f57f403\" data-element_type=\"widget\" data-e-type=\"widget\" data-settings=\"{&quot;slides_to_show&quot;:&quot;1&quot;,&quot;navigation&quot;:&quot;none&quot;,&quot;effect&quot;:&quot;fade&quot;,&quot;autoplay&quot;:&quot;yes&quot;,&quot;autoplay_speed&quot;:5000,&quot;infinite&quot;:&quot;yes&quot;,&quot;speed&quot;:500}\" data-widget_type=\"image-carousel.default\">\n\t\t\t\t<div class=\"elementor-widget-container\">\n\t\t\t\t\t\t\t<div class=\"elementor-image-carousel-wrapper swiper\" role=\"region\" aria-roledescription=\"carousel\" aria-label=\"Bild Karussell\" dir=\"ltr\">\n\t\t\t<div class=\"elementor-image-carousel swiper-wrapper\" aria-live=\"off\">\n\t\t\t\t\t\t\t\t<div class=\"swiper-slide\" role=\"group\" aria-roledescription=\"slide\" aria-label=\"1 of 2\"><figure class=\"swiper-slide-inner\"><img decoding=\"async\" class=\"swiper-slide-image\" src=\"https:\/\/i0.wp.com\/stone-heap.com\/wp-content\/uploads\/2024\/04\/Cover-Front.png?fit=768%2C581&amp;ssl=1\" alt=\"Schwammerturm Leoben www.stone-heap.com\" \/><\/figure><\/div><div class=\"swiper-slide\" role=\"group\" aria-roledescription=\"slide\" aria-label=\"2 of 2\"><figure class=\"swiper-slide-inner\"><img decoding=\"async\" class=\"swiper-slide-image\" src=\"https:\/\/i0.wp.com\/stone-heap.com\/wp-content\/uploads\/2024\/04\/Cover-back.png?fit=768%2C581&amp;ssl=1\" alt=\"Schwammerturm Leoben www.stone-heap.com\" \/><\/figure><\/div>\t\t\t<\/div>\n\t\t\t\t\t\t\t\n\t\t\t\t\t\t\t\t\t<\/div>\n\t\t\t\t\t\t<\/div>\n\t\t\t\t<\/div>\n\t\t\t\t\t<\/div>\n\t\t<\/div>\n\t\t\t\t\t<\/div>\n\t\t<\/section>\n\t\t\t\t<section class=\"elementor-section elementor-top-section elementor-element elementor-element-5c488fc elementor-section-boxed elementor-section-height-default elementor-section-height-default\" data-id=\"5c488fc\" data-element_type=\"section\" data-e-type=\"section\">\n\t\t\t\t\t\t<div class=\"elementor-container elementor-column-gap-default\">\n\t\t\t\t\t<div class=\"elementor-column elementor-col-100 elementor-top-column elementor-element elementor-element-f3d1e9d\" data-id=\"f3d1e9d\" data-element_type=\"column\" data-e-type=\"column\">\n\t\t\t<div class=\"elementor-widget-wrap elementor-element-populated\">\n\t\t\t\t\t\t<div class=\"elementor-element elementor-element-b7555b4 elementor-widget elementor-widget-google_maps\" data-id=\"b7555b4\" data-element_type=\"widget\" data-e-type=\"widget\" data-widget_type=\"google_maps.default\">\n\t\t\t\t<div class=\"elementor-widget-container\">\n\t\t\t\t\t\t\t<div class=\"elementor-custom-embed\">\n\t\t\t<iframe loading=\"lazy\"\n\t\t\t\t\tsrc=\"https:\/\/maps.google.com\/maps?q=city%20managment%20leoben&#038;t=m&#038;z=9&#038;output=embed&#038;iwloc=near\"\n\t\t\t\t\ttitle=\"city managment leoben\"\n\t\t\t\t\taria-label=\"city managment leoben\"\n\t\t\t><\/iframe>\n\t\t<\/div>\n\t\t\t\t\t\t<\/div>\n\t\t\t\t<\/div>\n\t\t\t\t\t<\/div>\n\t\t<\/div>\n\t\t\t\t\t<\/div>\n\t\t<\/section>\n\t\t\t\t<\/div>","protected":false},"excerpt":{"rendered":"<p>City Management Leoben Zum Kunden: Leoben, eine Stadt in der Steiermark, \u00d6sterreich, verbindet Geschichte, Kultur und Natur. Mit einem mittelalterlichen Stadtzentrum, der renommierten Montanuniversit\u00e4t und einer reichen Kulturszene bietet Leoben eine Mischung aus Tradition und Moderne. Das G\u00f6sser Braumuseum, das Stadtmuseum und das Kunsthaus Leoben sind einige der kulturellen H\u00f6hepunkte. Die umliegende Landschaft l\u00e4dt zu [&hellip;]<\/p>","protected":false},"author":1,"featured_media":0,"parent":0,"menu_order":0,"comment_status":"closed","ping_status":"closed","template":"elementor_header_footer","meta":{"footnotes":""},"class_list":["post-13471","page","type-page","status-publish","hentry"],"jetpack_sharing_enabled":true,"_links":{"self":[{"href":"https:\/\/stone-heap.com\/en\/wp-json\/wp\/v2\/pages\/13471","targetHints":{"allow":["GET"]}}],"collection":[{"href":"https:\/\/stone-heap.com\/en\/wp-json\/wp\/v2\/pages"}],"about":[{"href":"https:\/\/stone-heap.com\/en\/wp-json\/wp\/v2\/types\/page"}],"author":[{"embeddable":true,"href":"https:\/\/stone-heap.com\/en\/wp-json\/wp\/v2\/users\/1"}],"replies":[{"embeddable":true,"href":"https:\/\/stone-heap.com\/en\/wp-json\/wp\/v2\/comments?post=13471"}],"version-history":[{"count":7,"href":"https:\/\/stone-heap.com\/en\/wp-json\/wp\/v2\/pages\/13471\/revisions"}],"predecessor-version":[{"id":16236,"href":"https:\/\/stone-heap.com\/en\/wp-json\/wp\/v2\/pages\/13471\/revisions\/16236"}],"wp:attachment":[{"href":"https:\/\/stone-heap.com\/en\/wp-json\/wp\/v2\/media?parent=13471"}],"curies":[{"name":"wp","href":"https:\/\/api.w.org\/{rel}","templated":true}]}}