{"id":13826,"date":"2024-04-17T14:08:57","date_gmt":"2024-04-17T12:08:57","guid":{"rendered":"https:\/\/stone-heap.com\/?page_id=13826"},"modified":"2024-06-20T23:06:02","modified_gmt":"2024-06-20T21:06:02","slug":"sbb-cargo-international","status":"publish","type":"page","link":"https:\/\/stone-heap.com\/en\/sbb-cargo-international\/","title":{"rendered":"SBB Cargo International\u200b &#8211; Projektseite"},"content":{"rendered":"<div data-elementor-type=\"wp-page\" data-elementor-id=\"13826\" class=\"elementor elementor-13826\" data-elementor-post-type=\"page\">\n\t\t\t\t\t\t<section class=\"elementor-section elementor-top-section elementor-element elementor-element-c6853de elementor-section-boxed elementor-section-height-default elementor-section-height-default\" data-id=\"c6853de\" data-element_type=\"section\" data-e-type=\"section\">\n\t\t\t\t\t\t<div class=\"elementor-container elementor-column-gap-default\">\n\t\t\t\t\t<div class=\"elementor-column elementor-col-100 elementor-top-column elementor-element elementor-element-7137290\" data-id=\"7137290\" data-element_type=\"column\" data-e-type=\"column\">\n\t\t\t<div class=\"elementor-widget-wrap elementor-element-populated\">\n\t\t\t\t\t\t<div class=\"elementor-element elementor-element-3aa3a31 elementor-widget elementor-widget-heading\" data-id=\"3aa3a31\" data-element_type=\"widget\" data-e-type=\"widget\" data-widget_type=\"heading.default\">\n\t\t\t\t<div class=\"elementor-widget-container\">\n\t\t\t\t\t<h1 class=\"elementor-heading-title elementor-size-default\">SBB Cargo International<\/h1>\t\t\t\t<\/div>\n\t\t\t\t<\/div>\n\t\t\t\t\t<\/div>\n\t\t<\/div>\n\t\t\t\t\t<\/div>\n\t\t<\/section>\n\t\t\t\t<section class=\"elementor-section elementor-top-section elementor-element elementor-element-1cdb2fd elementor-section-boxed elementor-section-height-default elementor-section-height-default\" data-id=\"1cdb2fd\" data-element_type=\"section\" data-e-type=\"section\">\n\t\t\t\t\t\t<div class=\"elementor-container elementor-column-gap-default\">\n\t\t\t\t\t<div class=\"elementor-column elementor-col-100 elementor-top-column elementor-element elementor-element-c937200\" data-id=\"c937200\" data-element_type=\"column\" data-e-type=\"column\">\n\t\t\t<div class=\"elementor-widget-wrap elementor-element-populated\">\n\t\t\t\t\t\t<div class=\"elementor-element elementor-element-ad331d1 elementor-widget elementor-widget-text-editor\" data-id=\"ad331d1\" data-element_type=\"widget\" data-e-type=\"widget\" data-widget_type=\"text-editor.default\">\n\t\t\t\t<div class=\"elementor-widget-container\">\n\t\t\t\t\t\t\t\t\t<p><strong>To the client:<\/strong> SBB Cargo International ist eine Tochtergesellschaft der Schweizerischen Bundesbahnen (SBB) und spezialisiert sich auf den internationalen G\u00fcterverkehr. Das Unternehmen bietet eine breite Palette von Dienstleistungen an, darunter Einzelwagenverkehr, Ganzzugverkehr und intermodale Transporte. Mit einem umfangreichen Streckennetz verbindet SBB Cargo International wichtige Wirtschaftszentren in ganz Europa. Durch ihre Flexibilit\u00e4t, Zuverl\u00e4ssigkeit und ihr Engagement f\u00fcr Nachhaltigkeit ist sie ein f\u00fchrender Anbieter von Schienenlogistikdienstleistungen. <\/p><p><strong>About the project:\u00a0<\/strong>F\u00fcr die SBB Cargo International haben wir das Flaggschiff deren BR 193 Flotte abgebildet. Da wir immer das Maximale aus den Modellen herausbringen wollen, haben wir das beeindruckende Bergdiorama nachgebaut, anstatt einen Aufkleber zu verwenden. Das Modell wurde auch so designt, dass man diese mit einem Motor ausstatten kann und direkt losfahren k\u00f6nnte. Mit knapp 2.000 Steinen ist dies eins unser aufwendigsten Klemmbausteinmodelle, was wir je f\u00fcr einen Kunden produziert haben.<\/p><p style=\"text-align: center;\"><a href=\"https:\/\/www.sbbcargo-international.com\/de\/\" rel=\"nofollow noopener\" target=\"_blank\"><strong>To the website<\/strong><\/a><\/p>\t\t\t\t\t\t\t\t<\/div>\n\t\t\t\t<\/div>\n\t\t\t\t\t<\/div>\n\t\t<\/div>\n\t\t\t\t\t<\/div>\n\t\t<\/section>\n\t\t\t\t<section class=\"elementor-section elementor-top-section elementor-element elementor-element-6dd82bc elementor-section-boxed elementor-section-height-default elementor-section-height-default\" data-id=\"6dd82bc\" data-element_type=\"section\" data-e-type=\"section\">\n\t\t\t\t\t\t<div class=\"elementor-container elementor-column-gap-default\">\n\t\t\t\t\t<div class=\"elementor-column elementor-col-33 elementor-top-column elementor-element elementor-element-fb05bb3\" data-id=\"fb05bb3\" data-element_type=\"column\" data-e-type=\"column\">\n\t\t\t<div class=\"elementor-widget-wrap elementor-element-populated\">\n\t\t\t\t\t\t<div class=\"elementor-element elementor-element-4ddf337 elementor-widget elementor-widget-image\" data-id=\"4ddf337\" data-element_type=\"widget\" data-e-type=\"widget\" data-widget_type=\"image.default\">\n\t\t\t\t<div class=\"elementor-widget-container\">\n\t\t\t\t\t\t\t\t\t\t\t\t\t\t\t<img fetchpriority=\"high\" decoding=\"async\" width=\"169\" height=\"300\" src=\"https:\/\/i0.wp.com\/stone-heap.com\/wp-content\/uploads\/2024\/04\/BR_193_SBB10_4.png?fit=169%2C300&amp;ssl=1\" class=\"attachment-medium size-medium wp-image-13831\" alt=\"\" srcset=\"https:\/\/i0.wp.com\/stone-heap.com\/wp-content\/uploads\/2024\/04\/BR_193_SBB10_4.png?w=2304&amp;ssl=1 2304w, https:\/\/i0.wp.com\/stone-heap.com\/wp-content\/uploads\/2024\/04\/BR_193_SBB10_4.png?resize=169%2C300&amp;ssl=1 169w, https:\/\/i0.wp.com\/stone-heap.com\/wp-content\/uploads\/2024\/04\/BR_193_SBB10_4.png?resize=576%2C1024&amp;ssl=1 576w, https:\/\/i0.wp.com\/stone-heap.com\/wp-content\/uploads\/2024\/04\/BR_193_SBB10_4.png?resize=768%2C1365&amp;ssl=1 768w, https:\/\/i0.wp.com\/stone-heap.com\/wp-content\/uploads\/2024\/04\/BR_193_SBB10_4.png?resize=864%2C1536&amp;ssl=1 864w, https:\/\/i0.wp.com\/stone-heap.com\/wp-content\/uploads\/2024\/04\/BR_193_SBB10_4.png?resize=1152%2C2048&amp;ssl=1 1152w, https:\/\/i0.wp.com\/stone-heap.com\/wp-content\/uploads\/2024\/04\/BR_193_SBB10_4.png?resize=7%2C12&amp;ssl=1 7w, https:\/\/i0.wp.com\/stone-heap.com\/wp-content\/uploads\/2024\/04\/BR_193_SBB10_4.png?resize=416%2C740&amp;ssl=1 416w, https:\/\/i0.wp.com\/stone-heap.com\/wp-content\/uploads\/2024\/04\/BR_193_SBB10_4.png?w=1960&amp;ssl=1 1960w\" sizes=\"(max-width: 169px) 100vw, 169px\" \/>\t\t\t\t\t\t\t\t\t\t\t\t\t\t\t<\/div>\n\t\t\t\t<\/div>\n\t\t\t\t<div class=\"elementor-element elementor-element-abe109f elementor-widget elementor-widget-image\" data-id=\"abe109f\" data-element_type=\"widget\" data-e-type=\"widget\" data-widget_type=\"image.default\">\n\t\t\t\t<div class=\"elementor-widget-container\">\n\t\t\t\t\t\t\t\t\t\t\t\t\t\t\t<img decoding=\"async\" width=\"980\" height=\"551\" src=\"https:\/\/i0.wp.com\/stone-heap.com\/wp-content\/uploads\/2024\/04\/BR_193_SBB10_2.png?fit=980%2C551&amp;ssl=1\" class=\"attachment-large size-large wp-image-13829\" alt=\"\" srcset=\"https:\/\/i0.wp.com\/stone-heap.com\/wp-content\/uploads\/2024\/04\/BR_193_SBB10_2.png?w=4096&amp;ssl=1 4096w, https:\/\/i0.wp.com\/stone-heap.com\/wp-content\/uploads\/2024\/04\/BR_193_SBB10_2.png?resize=300%2C169&amp;ssl=1 300w, https:\/\/i0.wp.com\/stone-heap.com\/wp-content\/uploads\/2024\/04\/BR_193_SBB10_2.png?resize=1024%2C576&amp;ssl=1 1024w, https:\/\/i0.wp.com\/stone-heap.com\/wp-content\/uploads\/2024\/04\/BR_193_SBB10_2.png?resize=768%2C432&amp;ssl=1 768w, https:\/\/i0.wp.com\/stone-heap.com\/wp-content\/uploads\/2024\/04\/BR_193_SBB10_2.png?resize=1536%2C864&amp;ssl=1 1536w, https:\/\/i0.wp.com\/stone-heap.com\/wp-content\/uploads\/2024\/04\/BR_193_SBB10_2.png?resize=2048%2C1152&amp;ssl=1 2048w, https:\/\/i0.wp.com\/stone-heap.com\/wp-content\/uploads\/2024\/04\/BR_193_SBB10_2.png?resize=18%2C10&amp;ssl=1 18w, https:\/\/i0.wp.com\/stone-heap.com\/wp-content\/uploads\/2024\/04\/BR_193_SBB10_2.png?resize=324%2C182&amp;ssl=1 324w, https:\/\/i0.wp.com\/stone-heap.com\/wp-content\/uploads\/2024\/04\/BR_193_SBB10_2.png?resize=416%2C234&amp;ssl=1 416w, https:\/\/i0.wp.com\/stone-heap.com\/wp-content\/uploads\/2024\/04\/BR_193_SBB10_2.png?w=1960&amp;ssl=1 1960w, https:\/\/i0.wp.com\/stone-heap.com\/wp-content\/uploads\/2024\/04\/BR_193_SBB10_2.png?w=2940&amp;ssl=1 2940w\" sizes=\"(max-width: 980px) 100vw, 980px\" \/>\t\t\t\t\t\t\t\t\t\t\t\t\t\t\t<\/div>\n\t\t\t\t<\/div>\n\t\t\t\t<div class=\"elementor-element elementor-element-062e43c elementor-widget elementor-widget-image\" data-id=\"062e43c\" data-element_type=\"widget\" data-e-type=\"widget\" data-widget_type=\"image.default\">\n\t\t\t\t<div class=\"elementor-widget-container\">\n\t\t\t\t\t\t\t\t\t\t\t\t\t\t\t<img decoding=\"async\" width=\"980\" height=\"551\" src=\"https:\/\/i0.wp.com\/stone-heap.com\/wp-content\/uploads\/2024\/04\/BR_193_SBB11-1.png?fit=980%2C551&amp;ssl=1\" class=\"attachment-large size-large wp-image-13833\" alt=\"\" srcset=\"https:\/\/i0.wp.com\/stone-heap.com\/wp-content\/uploads\/2024\/04\/BR_193_SBB11-1.png?w=4096&amp;ssl=1 4096w, https:\/\/i0.wp.com\/stone-heap.com\/wp-content\/uploads\/2024\/04\/BR_193_SBB11-1.png?resize=300%2C169&amp;ssl=1 300w, https:\/\/i0.wp.com\/stone-heap.com\/wp-content\/uploads\/2024\/04\/BR_193_SBB11-1.png?resize=1024%2C576&amp;ssl=1 1024w, https:\/\/i0.wp.com\/stone-heap.com\/wp-content\/uploads\/2024\/04\/BR_193_SBB11-1.png?resize=768%2C432&amp;ssl=1 768w, https:\/\/i0.wp.com\/stone-heap.com\/wp-content\/uploads\/2024\/04\/BR_193_SBB11-1.png?resize=1536%2C864&amp;ssl=1 1536w, https:\/\/i0.wp.com\/stone-heap.com\/wp-content\/uploads\/2024\/04\/BR_193_SBB11-1.png?resize=2048%2C1152&amp;ssl=1 2048w, https:\/\/i0.wp.com\/stone-heap.com\/wp-content\/uploads\/2024\/04\/BR_193_SBB11-1.png?resize=18%2C10&amp;ssl=1 18w, https:\/\/i0.wp.com\/stone-heap.com\/wp-content\/uploads\/2024\/04\/BR_193_SBB11-1.png?resize=324%2C182&amp;ssl=1 324w, https:\/\/i0.wp.com\/stone-heap.com\/wp-content\/uploads\/2024\/04\/BR_193_SBB11-1.png?resize=416%2C234&amp;ssl=1 416w, https:\/\/i0.wp.com\/stone-heap.com\/wp-content\/uploads\/2024\/04\/BR_193_SBB11-1.png?w=1960&amp;ssl=1 1960w, https:\/\/i0.wp.com\/stone-heap.com\/wp-content\/uploads\/2024\/04\/BR_193_SBB11-1.png?w=2940&amp;ssl=1 2940w\" sizes=\"(max-width: 980px) 100vw, 980px\" \/>\t\t\t\t\t\t\t\t\t\t\t\t\t\t\t<\/div>\n\t\t\t\t<\/div>\n\t\t\t\t\t<\/div>\n\t\t<\/div>\n\t\t\t\t<div class=\"elementor-column elementor-col-33 elementor-top-column elementor-element elementor-element-9870b1f\" data-id=\"9870b1f\" data-element_type=\"column\" data-e-type=\"column\">\n\t\t\t<div class=\"elementor-widget-wrap elementor-element-populated\">\n\t\t\t\t\t\t<div class=\"elementor-element elementor-element-c0b4e70 elementor-widget elementor-widget-image\" data-id=\"c0b4e70\" data-element_type=\"widget\" data-e-type=\"widget\" data-widget_type=\"image.default\">\n\t\t\t\t<div class=\"elementor-widget-container\">\n\t\t\t\t\t\t\t\t\t\t\t\t\t\t\t<img loading=\"lazy\" decoding=\"async\" width=\"980\" height=\"551\" src=\"https:\/\/i0.wp.com\/stone-heap.com\/wp-content\/uploads\/2024\/04\/BR_193_SBB10_5.png?fit=980%2C551&amp;ssl=1\" class=\"attachment-large size-large wp-image-13827\" alt=\"\" srcset=\"https:\/\/i0.wp.com\/stone-heap.com\/wp-content\/uploads\/2024\/04\/BR_193_SBB10_5.png?w=4096&amp;ssl=1 4096w, https:\/\/i0.wp.com\/stone-heap.com\/wp-content\/uploads\/2024\/04\/BR_193_SBB10_5.png?resize=300%2C169&amp;ssl=1 300w, https:\/\/i0.wp.com\/stone-heap.com\/wp-content\/uploads\/2024\/04\/BR_193_SBB10_5.png?resize=1024%2C576&amp;ssl=1 1024w, https:\/\/i0.wp.com\/stone-heap.com\/wp-content\/uploads\/2024\/04\/BR_193_SBB10_5.png?resize=768%2C432&amp;ssl=1 768w, https:\/\/i0.wp.com\/stone-heap.com\/wp-content\/uploads\/2024\/04\/BR_193_SBB10_5.png?resize=1536%2C864&amp;ssl=1 1536w, https:\/\/i0.wp.com\/stone-heap.com\/wp-content\/uploads\/2024\/04\/BR_193_SBB10_5.png?resize=2048%2C1152&amp;ssl=1 2048w, https:\/\/i0.wp.com\/stone-heap.com\/wp-content\/uploads\/2024\/04\/BR_193_SBB10_5.png?resize=18%2C10&amp;ssl=1 18w, https:\/\/i0.wp.com\/stone-heap.com\/wp-content\/uploads\/2024\/04\/BR_193_SBB10_5.png?resize=324%2C182&amp;ssl=1 324w, https:\/\/i0.wp.com\/stone-heap.com\/wp-content\/uploads\/2024\/04\/BR_193_SBB10_5.png?resize=416%2C234&amp;ssl=1 416w, https:\/\/i0.wp.com\/stone-heap.com\/wp-content\/uploads\/2024\/04\/BR_193_SBB10_5.png?w=1960&amp;ssl=1 1960w, https:\/\/i0.wp.com\/stone-heap.com\/wp-content\/uploads\/2024\/04\/BR_193_SBB10_5.png?w=2940&amp;ssl=1 2940w\" sizes=\"(max-width: 980px) 100vw, 980px\" \/>\t\t\t\t\t\t\t\t\t\t\t\t\t\t\t<\/div>\n\t\t\t\t<\/div>\n\t\t\t\t<div class=\"elementor-element elementor-element-26cf56d elementor-widget__width-initial elementor-widget elementor-widget-text-editor\" data-id=\"26cf56d\" data-element_type=\"widget\" data-e-type=\"widget\" data-widget_type=\"text-editor.default\">\n\t\t\t\t<div class=\"elementor-widget-container\">\n\t\t\t\t\t\t\t\t\t<h4 style=\"text-align: center;\"><strong>SBB Cargo International <br>BR193 A16<br><\/strong><\/h4>\n<p style=\"text-align: center;\">Number of bricks: 1,934<br>Level of difficulty: Hard<br>Age recommendation: 14+<br>45 cm lang 8 cm breit und 12 cm hoch<br>Incl. sticker<\/p>\t\t\t\t\t\t\t\t<\/div>\n\t\t\t\t<\/div>\n\t\t\t\t<div class=\"elementor-element elementor-element-31332b6 elementor-align-center elementor-widget elementor-widget-button\" data-id=\"31332b6\" data-element_type=\"widget\" data-e-type=\"widget\" data-widget_type=\"button.default\">\n\t\t\t\t<div class=\"elementor-widget-container\">\n\t\t\t\t\t\t\t\t\t<div class=\"elementor-button-wrapper\">\n\t\t\t\t\t<a class=\"elementor-button elementor-button-link elementor-size-sm\" href=\"https:\/\/shop.sbbcargo-international.com\/de\/product-details\/104\/klemmbaustein-siemens-vectron-br193-a16.html\" rel=\"nofollow noopener\" target=\"_blank\">\n\t\t\t\t\t\t<span class=\"elementor-button-content-wrapper\">\n\t\t\t\t\t\t\t\t\t<span class=\"elementor-button-text\">Zur Lok<\/span>\n\t\t\t\t\t<\/span>\n\t\t\t\t\t<\/a>\n\t\t\t\t<\/div>\n\t\t\t\t\t\t\t\t<\/div>\n\t\t\t\t<\/div>\n\t\t\t\t<div class=\"elementor-element elementor-element-9287c2c elementor-widget elementor-widget-image\" data-id=\"9287c2c\" data-element_type=\"widget\" data-e-type=\"widget\" data-widget_type=\"image.default\">\n\t\t\t\t<div class=\"elementor-widget-container\">\n\t\t\t\t\t\t\t\t\t\t\t\t\t\t\t<img loading=\"lazy\" decoding=\"async\" width=\"980\" height=\"551\" src=\"https:\/\/i0.wp.com\/stone-heap.com\/wp-content\/uploads\/2024\/04\/BR_193_SBB10_3.png?fit=980%2C551&amp;ssl=1\" class=\"attachment-large size-large wp-image-13830\" alt=\"\" srcset=\"https:\/\/i0.wp.com\/stone-heap.com\/wp-content\/uploads\/2024\/04\/BR_193_SBB10_3.png?w=4096&amp;ssl=1 4096w, https:\/\/i0.wp.com\/stone-heap.com\/wp-content\/uploads\/2024\/04\/BR_193_SBB10_3.png?resize=300%2C169&amp;ssl=1 300w, https:\/\/i0.wp.com\/stone-heap.com\/wp-content\/uploads\/2024\/04\/BR_193_SBB10_3.png?resize=1024%2C576&amp;ssl=1 1024w, https:\/\/i0.wp.com\/stone-heap.com\/wp-content\/uploads\/2024\/04\/BR_193_SBB10_3.png?resize=768%2C432&amp;ssl=1 768w, https:\/\/i0.wp.com\/stone-heap.com\/wp-content\/uploads\/2024\/04\/BR_193_SBB10_3.png?resize=1536%2C864&amp;ssl=1 1536w, https:\/\/i0.wp.com\/stone-heap.com\/wp-content\/uploads\/2024\/04\/BR_193_SBB10_3.png?resize=2048%2C1152&amp;ssl=1 2048w, https:\/\/i0.wp.com\/stone-heap.com\/wp-content\/uploads\/2024\/04\/BR_193_SBB10_3.png?resize=18%2C10&amp;ssl=1 18w, https:\/\/i0.wp.com\/stone-heap.com\/wp-content\/uploads\/2024\/04\/BR_193_SBB10_3.png?resize=324%2C182&amp;ssl=1 324w, https:\/\/i0.wp.com\/stone-heap.com\/wp-content\/uploads\/2024\/04\/BR_193_SBB10_3.png?resize=416%2C234&amp;ssl=1 416w, https:\/\/i0.wp.com\/stone-heap.com\/wp-content\/uploads\/2024\/04\/BR_193_SBB10_3.png?w=1960&amp;ssl=1 1960w, https:\/\/i0.wp.com\/stone-heap.com\/wp-content\/uploads\/2024\/04\/BR_193_SBB10_3.png?w=2940&amp;ssl=1 2940w\" sizes=\"(max-width: 980px) 100vw, 980px\" \/>\t\t\t\t\t\t\t\t\t\t\t\t\t\t\t<\/div>\n\t\t\t\t<\/div>\n\t\t\t\t\t<\/div>\n\t\t<\/div>\n\t\t\t\t<div class=\"elementor-column elementor-col-33 elementor-top-column elementor-element elementor-element-6fb41d9\" data-id=\"6fb41d9\" data-element_type=\"column\" data-e-type=\"column\">\n\t\t\t<div class=\"elementor-widget-wrap elementor-element-populated\">\n\t\t\t\t\t\t<div class=\"elementor-element elementor-element-bd58e10 elementor-widget elementor-widget-image\" data-id=\"bd58e10\" data-element_type=\"widget\" data-e-type=\"widget\" data-widget_type=\"image.default\">\n\t\t\t\t<div class=\"elementor-widget-container\">\n\t\t\t\t\t\t\t\t\t\t\t\t\t\t\t<img loading=\"lazy\" decoding=\"async\" width=\"980\" height=\"682\" src=\"https:\/\/i0.wp.com\/stone-heap.com\/wp-content\/uploads\/2024\/04\/SBB_Cargo_Schachtel_FnM_02100-020_300x70x430_RZ.png?fit=980%2C682&amp;ssl=1\" class=\"attachment-large size-large wp-image-13834\" alt=\"\" srcset=\"https:\/\/i0.wp.com\/stone-heap.com\/wp-content\/uploads\/2024\/04\/SBB_Cargo_Schachtel_FnM_02100-020_300x70x430_RZ.png?w=5076&amp;ssl=1 5076w, https:\/\/i0.wp.com\/stone-heap.com\/wp-content\/uploads\/2024\/04\/SBB_Cargo_Schachtel_FnM_02100-020_300x70x430_RZ.png?resize=300%2C209&amp;ssl=1 300w, https:\/\/i0.wp.com\/stone-heap.com\/wp-content\/uploads\/2024\/04\/SBB_Cargo_Schachtel_FnM_02100-020_300x70x430_RZ.png?resize=1024%2C713&amp;ssl=1 1024w, https:\/\/i0.wp.com\/stone-heap.com\/wp-content\/uploads\/2024\/04\/SBB_Cargo_Schachtel_FnM_02100-020_300x70x430_RZ.png?resize=768%2C534&amp;ssl=1 768w, https:\/\/i0.wp.com\/stone-heap.com\/wp-content\/uploads\/2024\/04\/SBB_Cargo_Schachtel_FnM_02100-020_300x70x430_RZ.png?resize=1536%2C1069&amp;ssl=1 1536w, https:\/\/i0.wp.com\/stone-heap.com\/wp-content\/uploads\/2024\/04\/SBB_Cargo_Schachtel_FnM_02100-020_300x70x430_RZ.png?resize=2048%2C1425&amp;ssl=1 2048w, https:\/\/i0.wp.com\/stone-heap.com\/wp-content\/uploads\/2024\/04\/SBB_Cargo_Schachtel_FnM_02100-020_300x70x430_RZ.png?resize=18%2C12&amp;ssl=1 18w, https:\/\/i0.wp.com\/stone-heap.com\/wp-content\/uploads\/2024\/04\/SBB_Cargo_Schachtel_FnM_02100-020_300x70x430_RZ.png?resize=416%2C289&amp;ssl=1 416w, https:\/\/i0.wp.com\/stone-heap.com\/wp-content\/uploads\/2024\/04\/SBB_Cargo_Schachtel_FnM_02100-020_300x70x430_RZ.png?w=1960&amp;ssl=1 1960w, https:\/\/i0.wp.com\/stone-heap.com\/wp-content\/uploads\/2024\/04\/SBB_Cargo_Schachtel_FnM_02100-020_300x70x430_RZ.png?w=2940&amp;ssl=1 2940w\" sizes=\"(max-width: 980px) 100vw, 980px\" \/>\t\t\t\t\t\t\t\t\t\t\t\t\t\t\t<\/div>\n\t\t\t\t<\/div>\n\t\t\t\t<div class=\"elementor-element elementor-element-ff7a634 elementor-widget elementor-widget-image\" data-id=\"ff7a634\" data-element_type=\"widget\" data-e-type=\"widget\" data-widget_type=\"image.default\">\n\t\t\t\t<div class=\"elementor-widget-container\">\n\t\t\t\t\t\t\t\t\t\t\t\t\t\t\t<img loading=\"lazy\" decoding=\"async\" width=\"980\" height=\"682\" src=\"https:\/\/i0.wp.com\/stone-heap.com\/wp-content\/uploads\/2024\/04\/SBB_Cargo_Schachtel_FnM_02100-020_300x70x430_RZ1.png?fit=980%2C682&amp;ssl=1\" class=\"attachment-large size-large wp-image-13991\" alt=\"\" srcset=\"https:\/\/i0.wp.com\/stone-heap.com\/wp-content\/uploads\/2024\/04\/SBB_Cargo_Schachtel_FnM_02100-020_300x70x430_RZ1.png?w=5076&amp;ssl=1 5076w, https:\/\/i0.wp.com\/stone-heap.com\/wp-content\/uploads\/2024\/04\/SBB_Cargo_Schachtel_FnM_02100-020_300x70x430_RZ1.png?resize=300%2C209&amp;ssl=1 300w, https:\/\/i0.wp.com\/stone-heap.com\/wp-content\/uploads\/2024\/04\/SBB_Cargo_Schachtel_FnM_02100-020_300x70x430_RZ1.png?resize=1024%2C713&amp;ssl=1 1024w, https:\/\/i0.wp.com\/stone-heap.com\/wp-content\/uploads\/2024\/04\/SBB_Cargo_Schachtel_FnM_02100-020_300x70x430_RZ1.png?resize=768%2C535&amp;ssl=1 768w, https:\/\/i0.wp.com\/stone-heap.com\/wp-content\/uploads\/2024\/04\/SBB_Cargo_Schachtel_FnM_02100-020_300x70x430_RZ1.png?resize=1536%2C1070&amp;ssl=1 1536w, https:\/\/i0.wp.com\/stone-heap.com\/wp-content\/uploads\/2024\/04\/SBB_Cargo_Schachtel_FnM_02100-020_300x70x430_RZ1.png?resize=2048%2C1427&amp;ssl=1 2048w, https:\/\/i0.wp.com\/stone-heap.com\/wp-content\/uploads\/2024\/04\/SBB_Cargo_Schachtel_FnM_02100-020_300x70x430_RZ1.png?resize=18%2C12&amp;ssl=1 18w, https:\/\/i0.wp.com\/stone-heap.com\/wp-content\/uploads\/2024\/04\/SBB_Cargo_Schachtel_FnM_02100-020_300x70x430_RZ1.png?resize=416%2C290&amp;ssl=1 416w, https:\/\/i0.wp.com\/stone-heap.com\/wp-content\/uploads\/2024\/04\/SBB_Cargo_Schachtel_FnM_02100-020_300x70x430_RZ1.png?w=1960&amp;ssl=1 1960w, https:\/\/i0.wp.com\/stone-heap.com\/wp-content\/uploads\/2024\/04\/SBB_Cargo_Schachtel_FnM_02100-020_300x70x430_RZ1.png?w=2940&amp;ssl=1 2940w\" sizes=\"(max-width: 980px) 100vw, 980px\" \/>\t\t\t\t\t\t\t\t\t\t\t\t\t\t\t<\/div>\n\t\t\t\t<\/div>\n\t\t\t\t<div class=\"elementor-element elementor-element-f07247a elementor-widget elementor-widget-image\" data-id=\"f07247a\" data-element_type=\"widget\" data-e-type=\"widget\" data-widget_type=\"image.default\">\n\t\t\t\t<div class=\"elementor-widget-container\">\n\t\t\t\t\t\t\t\t\t\t\t\t\t\t\t<img loading=\"lazy\" decoding=\"async\" width=\"980\" height=\"694\" src=\"https:\/\/i0.wp.com\/stone-heap.com\/wp-content\/uploads\/2024\/04\/br_193_sbb_21.04.2024-19.png?fit=980%2C694&amp;ssl=1\" class=\"attachment-large size-large wp-image-13993\" alt=\"\" srcset=\"https:\/\/i0.wp.com\/stone-heap.com\/wp-content\/uploads\/2024\/04\/br_193_sbb_21.04.2024-19.png?w=3508&amp;ssl=1 3508w, https:\/\/i0.wp.com\/stone-heap.com\/wp-content\/uploads\/2024\/04\/br_193_sbb_21.04.2024-19.png?resize=300%2C212&amp;ssl=1 300w, https:\/\/i0.wp.com\/stone-heap.com\/wp-content\/uploads\/2024\/04\/br_193_sbb_21.04.2024-19.png?resize=1024%2C725&amp;ssl=1 1024w, https:\/\/i0.wp.com\/stone-heap.com\/wp-content\/uploads\/2024\/04\/br_193_sbb_21.04.2024-19.png?resize=768%2C544&amp;ssl=1 768w, https:\/\/i0.wp.com\/stone-heap.com\/wp-content\/uploads\/2024\/04\/br_193_sbb_21.04.2024-19.png?resize=1536%2C1087&amp;ssl=1 1536w, https:\/\/i0.wp.com\/stone-heap.com\/wp-content\/uploads\/2024\/04\/br_193_sbb_21.04.2024-19.png?resize=2048%2C1450&amp;ssl=1 2048w, https:\/\/i0.wp.com\/stone-heap.com\/wp-content\/uploads\/2024\/04\/br_193_sbb_21.04.2024-19.png?resize=18%2C12&amp;ssl=1 18w, https:\/\/i0.wp.com\/stone-heap.com\/wp-content\/uploads\/2024\/04\/br_193_sbb_21.04.2024-19.png?resize=416%2C294&amp;ssl=1 416w, https:\/\/i0.wp.com\/stone-heap.com\/wp-content\/uploads\/2024\/04\/br_193_sbb_21.04.2024-19.png?w=1960&amp;ssl=1 1960w, https:\/\/i0.wp.com\/stone-heap.com\/wp-content\/uploads\/2024\/04\/br_193_sbb_21.04.2024-19.png?w=2940&amp;ssl=1 2940w\" sizes=\"(max-width: 980px) 100vw, 980px\" \/>\t\t\t\t\t\t\t\t\t\t\t\t\t\t\t<\/div>\n\t\t\t\t<\/div>\n\t\t\t\t\t<\/div>\n\t\t<\/div>\n\t\t\t\t\t<\/div>\n\t\t<\/section>\n\t\t\t\t<section class=\"elementor-section elementor-top-section elementor-element elementor-element-5c488fc elementor-section-boxed elementor-section-height-default elementor-section-height-default\" data-id=\"5c488fc\" data-element_type=\"section\" data-e-type=\"section\">\n\t\t\t\t\t\t<div class=\"elementor-container elementor-column-gap-default\">\n\t\t\t\t\t<div class=\"elementor-column elementor-col-100 elementor-top-column elementor-element elementor-element-f3d1e9d\" data-id=\"f3d1e9d\" data-element_type=\"column\" data-e-type=\"column\">\n\t\t\t<div class=\"elementor-widget-wrap elementor-element-populated\">\n\t\t\t\t\t\t<div class=\"elementor-element elementor-element-b7555b4 elementor-widget elementor-widget-google_maps\" data-id=\"b7555b4\" data-element_type=\"widget\" data-e-type=\"widget\" data-widget_type=\"google_maps.default\">\n\t\t\t\t<div class=\"elementor-widget-container\">\n\t\t\t\t\t\t\t<div class=\"elementor-custom-embed\">\n\t\t\t<iframe loading=\"lazy\"\n\t\t\t\t\tsrc=\"https:\/\/maps.google.com\/maps?q=SBB%20Cargo%20international%20olten&#038;t=m&#038;z=10&#038;output=embed&#038;iwloc=near\"\n\t\t\t\t\ttitle=\"SBB Cargo international olten\"\n\t\t\t\t\taria-label=\"SBB Cargo international olten\"\n\t\t\t><\/iframe>\n\t\t<\/div>\n\t\t\t\t\t\t<\/div>\n\t\t\t\t<\/div>\n\t\t\t\t\t<\/div>\n\t\t<\/div>\n\t\t\t\t\t<\/div>\n\t\t<\/section>\n\t\t\t\t<section class=\"elementor-section elementor-top-section elementor-element elementor-element-9cd9e7a elementor-section-boxed elementor-section-height-default elementor-section-height-default\" data-id=\"9cd9e7a\" data-element_type=\"section\" data-e-type=\"section\">\n\t\t\t\t\t\t<div class=\"elementor-container elementor-column-gap-default\">\n\t\t\t\t\t<div class=\"elementor-column elementor-col-100 elementor-top-column elementor-element elementor-element-8c57530\" data-id=\"8c57530\" data-element_type=\"column\" data-e-type=\"column\">\n\t\t\t<div class=\"elementor-widget-wrap\">\n\t\t\t\t\t\t\t<\/div>\n\t\t<\/div>\n\t\t\t\t\t<\/div>\n\t\t<\/section>\n\t\t\t\t<\/div>","protected":false},"excerpt":{"rendered":"<p>SBB Cargo International Zum Kunden: SBB Cargo International ist eine Tochtergesellschaft der Schweizerischen Bundesbahnen (SBB) und spezialisiert sich auf den internationalen G\u00fcterverkehr. Das Unternehmen bietet eine breite Palette von Dienstleistungen an, darunter Einzelwagenverkehr, Ganzzugverkehr und intermodale Transporte. Mit einem umfangreichen Streckennetz verbindet SBB Cargo International wichtige Wirtschaftszentren in ganz Europa. Durch ihre Flexibilit\u00e4t, Zuverl\u00e4ssigkeit und [&hellip;]<\/p>","protected":false},"author":1,"featured_media":0,"parent":0,"menu_order":0,"comment_status":"closed","ping_status":"closed","template":"elementor_header_footer","meta":{"footnotes":""},"class_list":["post-13826","page","type-page","status-publish","hentry"],"jetpack_sharing_enabled":true,"_links":{"self":[{"href":"https:\/\/stone-heap.com\/en\/wp-json\/wp\/v2\/pages\/13826","targetHints":{"allow":["GET"]}}],"collection":[{"href":"https:\/\/stone-heap.com\/en\/wp-json\/wp\/v2\/pages"}],"about":[{"href":"https:\/\/stone-heap.com\/en\/wp-json\/wp\/v2\/types\/page"}],"author":[{"embeddable":true,"href":"https:\/\/stone-heap.com\/en\/wp-json\/wp\/v2\/users\/1"}],"replies":[{"embeddable":true,"href":"https:\/\/stone-heap.com\/en\/wp-json\/wp\/v2\/comments?post=13826"}],"version-history":[{"count":0,"href":"https:\/\/stone-heap.com\/en\/wp-json\/wp\/v2\/pages\/13826\/revisions"}],"wp:attachment":[{"href":"https:\/\/stone-heap.com\/en\/wp-json\/wp\/v2\/media?parent=13826"}],"curies":[{"name":"wp","href":"https:\/\/api.w.org\/{rel}","templated":true}]}}