{"id":3392,"date":"2021-10-23T12:51:11","date_gmt":"2021-10-23T10:51:11","guid":{"rendered":"http:\/\/stone-heap-instructions.at\/?page_id=3392"},"modified":"2025-09-24T22:46:04","modified_gmt":"2025-09-24T20:46:04","slug":"faq","status":"publish","type":"page","link":"https:\/\/stone-heap.com\/en\/faq\/","title":{"rendered":"FAQ"},"content":{"rendered":"<div data-elementor-type=\"wp-page\" data-elementor-id=\"3392\" class=\"elementor elementor-3392\" data-elementor-post-type=\"page\">\n\t\t\t\t\t\t<section class=\"elementor-section elementor-top-section elementor-element elementor-element-952a5a0 elementor-section-boxed elementor-section-height-default elementor-section-height-default\" data-id=\"952a5a0\" data-element_type=\"section\" data-e-type=\"section\">\n\t\t\t\t\t\t<div class=\"elementor-container elementor-column-gap-default\">\n\t\t\t\t\t<div class=\"elementor-column elementor-col-100 elementor-top-column elementor-element elementor-element-0a8552f\" data-id=\"0a8552f\" data-element_type=\"column\" data-e-type=\"column\" data-settings=\"{&quot;background_background&quot;:&quot;classic&quot;}\">\n\t\t\t<div class=\"elementor-widget-wrap elementor-element-populated\">\n\t\t\t\t\t\t<div class=\"elementor-element elementor-element-05fc99b elementor-widget elementor-widget-heading\" data-id=\"05fc99b\" data-element_type=\"widget\" data-e-type=\"widget\" data-widget_type=\"heading.default\">\n\t\t\t\t<div class=\"elementor-widget-container\">\n\t\t\t\t\t<h1 class=\"elementor-heading-title elementor-size-default\">FAQ<\/h1>\t\t\t\t<\/div>\n\t\t\t\t<\/div>\n\t\t\t\t\t<\/div>\n\t\t<\/div>\n\t\t\t\t\t<\/div>\n\t\t<\/section>\n\t\t\t\t<section class=\"elementor-section elementor-top-section elementor-element elementor-element-d205c90 elementor-section-boxed elementor-section-height-default elementor-section-height-default\" data-id=\"d205c90\" data-element_type=\"section\" data-e-type=\"section\">\n\t\t\t\t\t\t<div class=\"elementor-container elementor-column-gap-default\">\n\t\t\t\t\t<div class=\"elementor-column elementor-col-100 elementor-top-column elementor-element elementor-element-48b8760\" data-id=\"48b8760\" data-element_type=\"column\" data-e-type=\"column\">\n\t\t\t<div class=\"elementor-widget-wrap elementor-element-populated\">\n\t\t\t\t\t\t<div class=\"elementor-element elementor-element-ad6d7a6 elementor-tabs-view-horizontal elementor-widget elementor-widget-tabs\" data-id=\"ad6d7a6\" data-element_type=\"widget\" data-e-type=\"widget\" data-widget_type=\"tabs.default\">\n\t\t\t\t<div class=\"elementor-widget-container\">\n\t\t\t\t\t\t\t<div class=\"elementor-tabs\">\n\t\t\t<div class=\"elementor-tabs-wrapper\" role=\"tablist\" >\n\t\t\t\t\t\t\t\t\t<div id=\"elementor-tab-title-1811\" class=\"elementor-tab-title elementor-tab-desktop-title\" aria-selected=\"true\" data-tab=\"1\" role=\"tab\" tabindex=\"0\" aria-controls=\"elementor-tab-content-1811\" aria-expanded=\"false\">Stone Heap<\/div>\n\t\t\t\t\t\t\t\t\t<div id=\"elementor-tab-title-1812\" class=\"elementor-tab-title elementor-tab-desktop-title\" aria-selected=\"false\" data-tab=\"2\" role=\"tab\" tabindex=\"-1\" aria-controls=\"elementor-tab-content-1812\" aria-expanded=\"false\">PDF-Instructions<\/div>\n\t\t\t\t\t\t\t\t\t<div id=\"elementor-tab-title-1813\" class=\"elementor-tab-title elementor-tab-desktop-title\" aria-selected=\"false\" data-tab=\"3\" role=\"tab\" tabindex=\"-1\" aria-controls=\"elementor-tab-content-1813\" aria-expanded=\"false\">Accessories<\/div>\n\t\t\t\t\t\t\t\t\t<div id=\"elementor-tab-title-1814\" class=\"elementor-tab-title elementor-tab-desktop-title\" aria-selected=\"false\" data-tab=\"4\" role=\"tab\" tabindex=\"-1\" aria-controls=\"elementor-tab-content-1814\" aria-expanded=\"false\">derKlassiker<\/div>\n\t\t\t\t\t\t\t\t\t<div id=\"elementor-tab-title-1815\" class=\"elementor-tab-title elementor-tab-desktop-title\" aria-selected=\"false\" data-tab=\"5\" role=\"tab\" tabindex=\"-1\" aria-controls=\"elementor-tab-content-1815\" aria-expanded=\"false\">Question not there?<\/div>\n\t\t\t\t\t\t\t<\/div>\n\t\t\t<div class=\"elementor-tabs-content-wrapper\" role=\"tablist\" aria-orientation=\"vertical\">\n\t\t\t\t\t\t\t\t\t<div class=\"elementor-tab-title elementor-tab-mobile-title\" aria-selected=\"true\" data-tab=\"1\" role=\"tab\" tabindex=\"0\" aria-controls=\"elementor-tab-content-1811\" aria-expanded=\"false\">Stone Heap<\/div>\n\t\t\t\t\t<div id=\"elementor-tab-content-1811\" class=\"elementor-tab-content elementor-clearfix\" data-tab=\"1\" role=\"tabpanel\" aria-labelledby=\"elementor-tab-title-1811\" tabindex=\"0\" hidden=\"false\"><p><strong>Who or what is Stone Heap<br><\/strong>Auf unserer<a href=\"https:\/\/stone-heap.com\/en\/ueber-uns\/\"> About us<\/a> you will find what you are looking for on this page.<strong><br><\/strong><\/p>\n<p><strong>Who is behind Stone Heap?<br><\/strong>Ein kleines Team aus mehreren Designern die den Klemmbausteinmarkt revolutionieren wollen. Mehr \u00fcber das Team findest du auf unserere <a href=\"https:\/\/stone-heap.com\/en\/ueber-uns\/\">About us<\/a> page.<\/p>\n<p><strong>When will my order arrive?<br><\/strong>Usually it takes 4-5 working days after receipt of order.<\/p>\n<p><strong>What are clamping blocks?<\/strong><br>Clamp bricks are small plastic bricks that can be joined together in the same way as Lego bricks. They usually have knobs and cavities that allow them to be joined together in different ways. Clamp bricks come in many different colours and shapes and are a popular toy for children and adults alike.<\/p>\n<p><strong>Are clamping bricks with LEGO<span class=\"ILfuVd\" lang=\"en\"><span class=\"hgKElc\">.<\/span><\/span> compatible?<br><\/strong>Yes<\/p>\n<p><strong>Can you also buy the models as a kit?<br><\/strong>Aktuell kann man nur <a href=\"https:\/\/stone-heap.com\/en\/komplettsets\/\">wenige Modelle<\/a> als Set kaufen. Weitere Bausets mit Klemmbausteinen kann man allerdings demn\u00e4chst bei uns erwerben.<\/p>\n<p><strong>Where do I go for contract building (B2B)?<\/strong><strong><br><\/strong><a href=\"https:\/\/stone-heap.com\/en\/b2b-seite\/\">Here<\/a> you will find everything for our B2B customers.<\/p>\n<p><strong>Which payment methods do you accept?<br><\/strong><a href=\"https:\/\/stone-heap.com\/en\/liefer-und-zahlungsbedingungen\/\">Here<\/a> you will find all the current payment methods we offer.<\/p>\n<p><strong>Where can I apply \/ how can I participate?<br><\/strong>We are always happy to welcome new members! Feel free to write us a message to <a href=\"mailto:Team@stone-heap.com\">Team@stone-heap.com<\/a>. Show a couple of models of yourself and in which area you would like to expand. We are looking forward to your message \ud83d\ude42<\/p>\n<p>Aktuell arbeiten wir auch an einem <a href=\"https:\/\/stone-heap.com\/en\/community-designer\/\">Community Designer Bereich<\/a>, in welchem du deine Modelle hier vertreiben kannst.<\/p><\/div>\n\t\t\t\t\t\t\t\t\t<div class=\"elementor-tab-title elementor-tab-mobile-title\" aria-selected=\"false\" data-tab=\"2\" role=\"tab\" tabindex=\"-1\" aria-controls=\"elementor-tab-content-1812\" aria-expanded=\"false\">PDF-Instructions<\/div>\n\t\t\t\t\t<div id=\"elementor-tab-content-1812\" class=\"elementor-tab-content elementor-clearfix\" data-tab=\"2\" role=\"tabpanel\" aria-labelledby=\"elementor-tab-title-1812\" tabindex=\"0\" hidden=\"hidden\"><p><strong>What is the difference between 6 and 8 nub models?<br \/><a href=\"https:\/\/i0.wp.com\/stone-heap.com\/wp-content\/uploads\/2023\/03\/6-Noppen-und-8-Noppen-Breit-1.png?ssl=1\"><img decoding=\"async\" data-recalc-dims=\"1\" class=\"alignleft size-thumbnail wp-image-8588\" src=\"https:\/\/i0.wp.com\/stone-heap.com\/wp-content\/uploads\/2023\/03\/6-Noppen-und-8-Noppen-Breit-1.png?resize=150%2C150&#038;ssl=1\" alt=\"\" width=\"150\" height=\"150\" srcset=\"https:\/\/i0.wp.com\/stone-heap.com\/wp-content\/uploads\/2023\/03\/6-Noppen-und-8-Noppen-Breit-1.png?resize=150%2C150&amp;ssl=1 150w, https:\/\/i0.wp.com\/stone-heap.com\/wp-content\/uploads\/2023\/03\/6-Noppen-und-8-Noppen-Breit-1.png?resize=13%2C12&amp;ssl=1 13w, https:\/\/i0.wp.com\/stone-heap.com\/wp-content\/uploads\/2023\/03\/6-Noppen-und-8-Noppen-Breit-1.png?resize=100%2C100&amp;ssl=1 100w, https:\/\/i0.wp.com\/stone-heap.com\/wp-content\/uploads\/2023\/03\/6-Noppen-und-8-Noppen-Breit-1.png?zoom=2&amp;resize=150%2C150&amp;ssl=1 300w, https:\/\/i0.wp.com\/stone-heap.com\/wp-content\/uploads\/2023\/03\/6-Noppen-und-8-Noppen-Breit-1.png?zoom=3&amp;resize=150%2C150&amp;ssl=1 450w\" sizes=\"(max-width: 150px) 100vw, 150px\" \/><\/a><br \/><\/strong>The difference lies in the width. 6 knobs = standard width as offered by the market leader in the range. Our 6 pimple models can run on the standard curves (radius 40 pimples). The 8 pimple wide models are wider and therefore allow more detail. Therefore they are bigger, heavier and sometimes can't manage the standard radius without derailing. Therefore, we always recommend reading the description so that you know how big the curve radius should be so that the train comes around the curve without problems.<\/p><p><strong>Where can I order building elements?<\/strong><br \/>Each PDF building instruction is linked to our partner Webrick. You only have to press the button \"Order bricks EXTERNALLY here\". You will then see the price and can order the bricks directly.<\/p><p>Would you like to order the model with Lego bricks? Then we recommend the website <a href=\"http:\/\/bricklink.com\" rel=\"nofollow noopener\" target=\"_blank\">bricklink<\/a>. We have prepared a customised parts list in XML file format for you, which you can simply upload and then order on the basis of the evaluated list.<\/p><p><strong>Who or what is Webrick?<br \/><\/strong><a href=\"https:\/\/www.webrick.com\/#aid=Stoneheap\" rel=\"nofollow noopener\" target=\"_blank\">Webrick<\/a> is a Chinese company that offers alternative clamp bricks at a low price. The bricks are compatible with the LEGO<strong><span lang=\"en\">.<\/span><\/strong> The general usage is comparable to the single stone retailer Bricklink. Don't forget to use our 10% discount voucher (Stoneheap) on your first purchase.<\/p><p><strong>What is included when buying a PDF construction guide?<br \/><\/strong>After purchase, you will receive a PDF building instruction that explains step by step how to build the model. An XML and CSV file allows you to upload the parts bar to all brick retailers and purchase the bricks from the respective retailers.<\/p><p><strong>I only got a file, but it says with the items that I get instructions and a parts list. Have I made a mistake?<\/strong><strong><br \/><\/strong>No! This is deliberate in order to get the instructions to you as quickly as possible, as the file size can be reduced in this way. You get<br \/>a ZIP file, comparable to a folder. Simply open or extract and you have both files.<\/p><p><strong>I can't open my order?!<br \/><\/strong>Since we send our files in a ZIP file, you can only open them on your computer. To do this, you only have to right-click on \"unzip here\" and then you have the files.<\/p><p class=\"translation-block\"><strong>When will my order arrive?<\/strong><br>Your order should arrive at your <a href=\"\/en\/account\/\" target=\"_self\">profile<\/a> as soon as possible after we have received your payment.<\/p><p><strong>Where can I get all the building blocks I need as cheaply as possible?<br \/><\/strong>Our partner <a href=\"https:\/\/www.webrick.com\/#aid=Stoneheap\" rel=\"nofollow noopener\" target=\"_blank\">Webrick<\/a> offers you the cheapest alternative stones.<\/p><p><strong>Can I also make the models with original LEGO<span lang=\"en\">.<\/span>-bricks?<br \/><\/strong>Ja, 98% unserer Modelle kann man mit LEGO<strong><span lang=\"en\">.<\/span><\/strong>-bricks?<br \/>If you can't build a model with pure LEGO<strong><span lang=\"en\">.<\/span><\/strong> this is indicated in large letters next to the respective product.<\/p><p><strong>Is it possible to see the models built up somewhere?<br \/><\/strong>Yes, some models are built by our customers and shared with you. You can find these pictures <a href=\"https:\/\/stone-heap.com\/en\/gebaute-projekte\/\">here<\/a>. We also visit exhibitions where you can see our models in action.<\/p><p><strong>Can I also order the PDF building instructions in printed form?<br \/><\/strong>Unfortunately, this is not possible, as some of our PDF construction manuals have more than 200 pages.<\/p><p><strong>Is it allowed to resell Stone Heap guidance?<br \/><\/strong>No, this is not allowed and will be prosecuted.<\/p><\/div>\n\t\t\t\t\t\t\t\t\t<div class=\"elementor-tab-title elementor-tab-mobile-title\" aria-selected=\"false\" data-tab=\"3\" role=\"tab\" tabindex=\"-1\" aria-controls=\"elementor-tab-content-1813\" aria-expanded=\"false\">Accessories<\/div>\n\t\t\t\t\t<div id=\"elementor-tab-content-1813\" class=\"elementor-tab-content elementor-clearfix\" data-tab=\"3\" role=\"tabpanel\" aria-labelledby=\"elementor-tab-title-1813\" tabindex=\"0\" hidden=\"hidden\"><p><strong>What material are our wheels made of?<br \/><\/strong>Our wheels are made of epoxy resin and are harmless to the skin and body when cured.<br \/><br \/>Mittlerweile haben wir auch Spritzguss R\u00e4der. Das gleiche Material woraus ein Klemmbaustein besteht.<\/p><p><strong>Are there more wheels to come?<br \/><\/strong>Yes, we work on a lot of wheels and other items that can be made with epoxy.<\/p><p><strong>Why are our accessories so expensive?<br \/><\/strong>This is because the wheels have several stages in production and therefore require a lot of work in the finishing process. The drinks are 100% handmade, which is why the production also takes a lot of time.<\/p><p><strong>Are we planning more prints and stickers?<br \/><\/strong>Yes, there will be more to come.<\/p><p><strong>Which manufacturer are the prints and drinks from?<br \/><\/strong>Our accessories are all (except train wheels) from the market leader LEGO<span class=\"ILfuVd\" lang=\"en\"><span class=\"hgKElc\">.<\/span><\/span>.<strong><br \/><\/strong><\/p><\/div>\n\t\t\t\t\t\t\t\t\t<div class=\"elementor-tab-title elementor-tab-mobile-title\" aria-selected=\"false\" data-tab=\"4\" role=\"tab\" tabindex=\"-1\" aria-controls=\"elementor-tab-content-1814\" aria-expanded=\"false\">derKlassiker<\/div>\n\t\t\t\t\t<div id=\"elementor-tab-content-1814\" class=\"elementor-tab-content elementor-clearfix\" data-tab=\"4\" role=\"tabpanel\" aria-labelledby=\"elementor-tab-title-1814\" tabindex=\"0\" hidden=\"hidden\"><p><strong>Who or what is derKlassiker?<br \/><\/strong>derKlassiker is a partner company of ours, which makes models out of LEGO<strong><span class=\"ILfuVd\" lang=\"en\"><span class=\"hgKElc\">.<\/span><\/span><\/strong> bricks for large companies. These are then distributed by the individual companies or through us. You can find more info <a href=\"https:\/\/stone-heap.com\/en\/derklassiker\/\">hier.<\/a><\/p><p><strong>Why are these models so expensive?<\/strong><strong><br \/><\/strong>Dies liegt leider an dem Marktf\u00fchrer, welcher uns die Steine nicht billiger verkauft als dem Normalverbraucher. Wir m\u00fcssen die Einzelsteine genauso wie jeder andere auf der Webseite von LEGO\u00ae einkaufen. Ein weiterer gro\u00dfer Kostenfaktor kommt daher, dass die Schachteln und Anleitungen nur in kleinen Mengen produziert werden, da die Lizenzpartner nicht unmengen an Produkten abnehmen k\u00f6nnen, da diese ja schon von Haus aus so preisintensiv sind. Noch dazu m\u00f6chte der Lizenzpartner mit den Modellen nat\u00fcrlich auch noch was dazuverdienen.<\/p><p><strong>What is included in a derKlassiker set?<br \/><\/strong>Printed building instructions, stickers, packaging and, of course, factory-new LEGO<span class=\"ILfuVd\" lang=\"en\"><span class=\"hgKElc\">.<\/span><\/span>-Stones.<strong><br \/><\/strong><\/p><p><strong>When will my order arrive?<br \/><\/strong>Usually it takes 4-5 working days after receipt of order.<\/p><\/div>\n\t\t\t\t\t\t\t\t\t<div class=\"elementor-tab-title elementor-tab-mobile-title\" aria-selected=\"false\" data-tab=\"5\" role=\"tab\" tabindex=\"-1\" aria-controls=\"elementor-tab-content-1815\" aria-expanded=\"false\">Question not there?<\/div>\n\t\t\t\t\t<div id=\"elementor-tab-content-1815\" class=\"elementor-tab-content elementor-clearfix\" data-tab=\"5\" role=\"tabpanel\" aria-labelledby=\"elementor-tab-title-1815\" tabindex=\"0\" hidden=\"hidden\"><p>Dann meld dich einfach an uns unter info@stone-heap.com oder f\u00fclle das <a href=\"https:\/\/stone-heap.com\/en\/kontakt\/\">Contact<\/a> .<\/p>\n<p><br><\/p>\n<p><br><\/p>\n<p><br><\/p>\n<p><br><\/p>\n<p><br><\/p>\n<p><br><\/p><\/div>\n\t\t\t\t\t\t\t<\/div>\n\t\t<\/div>\n\t\t\t\t\t\t<\/div>\n\t\t\t\t<\/div>\n\t\t\t\t\t<\/div>\n\t\t<\/div>\n\t\t\t\t\t<\/div>\n\t\t<\/section>\n\t\t\t\t<\/div>","protected":false},"excerpt":{"rendered":"<p>FAQ Stone Heap PDF-Bauanleitungen Zubeh\u00f6rartikel derKlassiker Frage ist nicht dabei? Stone Heap Wer oder was ist Stone Heap?Auf unserer \u00dcber Uns Seite wirst du f\u00fcndig. Wer steckt hinter Stone Heap?Ein kleines Team aus mehreren Designern die den Klemmbausteinmarkt revolutionieren wollen. Mehr \u00fcber das Team findest du auf unserere \u00dcber Uns Seite. Wann kommt meine Bestellung [&hellip;]<\/p>","protected":false},"author":1,"featured_media":0,"parent":0,"menu_order":0,"comment_status":"closed","ping_status":"closed","template":"elementor_header_footer","meta":{"footnotes":""},"class_list":["post-3392","page","type-page","status-publish","hentry"],"jetpack_sharing_enabled":true,"_links":{"self":[{"href":"https:\/\/stone-heap.com\/en\/wp-json\/wp\/v2\/pages\/3392","targetHints":{"allow":["GET"]}}],"collection":[{"href":"https:\/\/stone-heap.com\/en\/wp-json\/wp\/v2\/pages"}],"about":[{"href":"https:\/\/stone-heap.com\/en\/wp-json\/wp\/v2\/types\/page"}],"author":[{"embeddable":true,"href":"https:\/\/stone-heap.com\/en\/wp-json\/wp\/v2\/users\/1"}],"replies":[{"embeddable":true,"href":"https:\/\/stone-heap.com\/en\/wp-json\/wp\/v2\/comments?post=3392"}],"version-history":[{"count":4,"href":"https:\/\/stone-heap.com\/en\/wp-json\/wp\/v2\/pages\/3392\/revisions"}],"predecessor-version":[{"id":18056,"href":"https:\/\/stone-heap.com\/en\/wp-json\/wp\/v2\/pages\/3392\/revisions\/18056"}],"wp:attachment":[{"href":"https:\/\/stone-heap.com\/en\/wp-json\/wp\/v2\/media?parent=3392"}],"curies":[{"name":"wp","href":"https:\/\/api.w.org\/{rel}","templated":true}]}}