{"id":3424,"date":"2021-10-28T11:19:42","date_gmt":"2021-10-28T09:19:42","guid":{"rendered":"http:\/\/stone-heap-instructions.at\/?page_id=3424"},"modified":"2025-08-03T00:39:06","modified_gmt":"2025-08-02T22:39:06","slug":"liefer-und-zahlungsbedingungen","status":"publish","type":"page","link":"https:\/\/stone-heap.com\/en\/liefer-und-zahlungsbedingungen\/","title":{"rendered":"Terms of delivery and payment"},"content":{"rendered":"<div data-elementor-type=\"wp-page\" data-elementor-id=\"3424\" class=\"elementor elementor-3424\" data-elementor-post-type=\"page\">\n\t\t\t\t\t\t<section class=\"elementor-section elementor-top-section elementor-element elementor-element-7961997 elementor-section-boxed elementor-section-height-default elementor-section-height-default\" data-id=\"7961997\" data-element_type=\"section\" data-e-type=\"section\">\n\t\t\t\t\t\t<div class=\"elementor-container elementor-column-gap-default\">\n\t\t\t\t\t<div class=\"elementor-column elementor-col-100 elementor-top-column elementor-element elementor-element-b918754\" data-id=\"b918754\" data-element_type=\"column\" data-e-type=\"column\">\n\t\t\t<div class=\"elementor-widget-wrap elementor-element-populated\">\n\t\t\t\t\t\t<div class=\"elementor-element elementor-element-f383bb9 elementor-widget elementor-widget-heading\" data-id=\"f383bb9\" data-element_type=\"widget\" data-e-type=\"widget\" data-widget_type=\"heading.default\">\n\t\t\t\t<div class=\"elementor-widget-container\">\n\t\t\t\t\t<h1 class=\"elementor-heading-title elementor-size-default\">Terms of delivery and payment<\/h1>\t\t\t\t<\/div>\n\t\t\t\t<\/div>\n\t\t\t\t\t<\/div>\n\t\t<\/div>\n\t\t\t\t\t<\/div>\n\t\t<\/section>\n\t\t\t\t<section class=\"elementor-section elementor-top-section elementor-element elementor-element-377ff7e elementor-section-boxed elementor-section-height-default elementor-section-height-default\" data-id=\"377ff7e\" data-element_type=\"section\" data-e-type=\"section\">\n\t\t\t\t\t\t<div class=\"elementor-container elementor-column-gap-default\">\n\t\t\t\t\t<div class=\"elementor-column elementor-col-100 elementor-top-column elementor-element elementor-element-a04e6de\" data-id=\"a04e6de\" data-element_type=\"column\" data-e-type=\"column\">\n\t\t\t<div class=\"elementor-widget-wrap elementor-element-populated\">\n\t\t\t\t\t\t<div class=\"elementor-element elementor-element-2b3f5be elementor-widget elementor-widget-heading\" data-id=\"2b3f5be\" data-element_type=\"widget\" data-e-type=\"widget\" data-widget_type=\"heading.default\">\n\t\t\t\t<div class=\"elementor-widget-container\">\n\t\t\t\t\t<h2 class=\"elementor-heading-title elementor-size-default\">PDF - Instructions<\/h2>\t\t\t\t<\/div>\n\t\t\t\t<\/div>\n\t\t\t\t<div class=\"elementor-element elementor-element-f80c1ff elementor-widget elementor-widget-text-editor\" data-id=\"f80c1ff\" data-element_type=\"widget\" data-e-type=\"widget\" data-widget_type=\"text-editor.default\">\n\t\t\t\t<div class=\"elementor-widget-container\">\n\t\t\t\t\t\t\t\t\t<p><strong>Delivery conditions<\/strong><\/p>\n<p>In diesem Shop k\u00f6nnen Download-Produkte (digitale Inhalte, die nicht auf einem k\u00f6rperlichen Datentr\u00e4ger geliefert werden) erworben werden. Die Lieferung erfolgt weltweit. F\u00fcr diese Download-Produkte fallen keine Versandkosten an. Jedes erworbene Produkt kann insgesamt 5 mal Gedownloadet werden.<\/p>\n<p>Download-Produkte kannst du \u00fcber deinen Account (&#8222;Mein Konto&#8220;) herunterladen. Der Zugang zu deinem Produkt&nbsp; erfolgt innerhalb von einer Stunde nach Vertragsschluss (bei vereinbarter Vorauszahlung nach dem Zeitpunkt der Zahlungsanweisung).<\/p>\n<p>In the case of PDF instructions, the right of withdrawal expires after purchase of the goods. These cannot be returned.<\/p>\t\t\t\t\t\t\t\t<\/div>\n\t\t\t\t<\/div>\n\t\t\t\t\t<\/div>\n\t\t<\/div>\n\t\t\t\t\t<\/div>\n\t\t<\/section>\n\t\t\t\t<section class=\"elementor-section elementor-top-section elementor-element elementor-element-4be3e74 elementor-section-boxed elementor-section-height-default elementor-section-height-default\" data-id=\"4be3e74\" data-element_type=\"section\" data-e-type=\"section\">\n\t\t\t\t\t\t<div class=\"elementor-container elementor-column-gap-default\">\n\t\t\t\t\t<div class=\"elementor-column elementor-col-100 elementor-top-column elementor-element elementor-element-dd0be71\" data-id=\"dd0be71\" data-element_type=\"column\" data-e-type=\"column\">\n\t\t\t<div class=\"elementor-widget-wrap elementor-element-populated\">\n\t\t\t\t\t\t<div class=\"elementor-element elementor-element-158993a elementor-widget elementor-widget-spacer\" data-id=\"158993a\" data-element_type=\"widget\" data-e-type=\"widget\" data-widget_type=\"spacer.default\">\n\t\t\t\t<div class=\"elementor-widget-container\">\n\t\t\t\t\t\t\t<div class=\"elementor-spacer\">\n\t\t\t<div class=\"elementor-spacer-inner\"><\/div>\n\t\t<\/div>\n\t\t\t\t\t\t<\/div>\n\t\t\t\t<\/div>\n\t\t\t\t\t<\/div>\n\t\t<\/div>\n\t\t\t\t\t<\/div>\n\t\t<\/section>\n\t\t\t\t<section class=\"elementor-section elementor-top-section elementor-element elementor-element-d762a89 elementor-section-boxed elementor-section-height-default elementor-section-height-default\" data-id=\"d762a89\" data-element_type=\"section\" data-e-type=\"section\">\n\t\t\t\t\t\t<div class=\"elementor-container elementor-column-gap-default\">\n\t\t\t\t\t<div class=\"elementor-column elementor-col-100 elementor-top-column elementor-element elementor-element-53fb954\" data-id=\"53fb954\" data-element_type=\"column\" data-e-type=\"column\">\n\t\t\t<div class=\"elementor-widget-wrap elementor-element-populated\">\n\t\t\t\t\t\t<div class=\"elementor-element elementor-element-02a8c3b elementor-widget elementor-widget-heading\" data-id=\"02a8c3b\" data-element_type=\"widget\" data-e-type=\"widget\" data-widget_type=\"heading.default\">\n\t\t\t\t<div class=\"elementor-widget-container\">\n\t\t\t\t\t<h2 class=\"elementor-heading-title elementor-size-default\">Accessories and complete sets<\/h2>\t\t\t\t<\/div>\n\t\t\t\t<\/div>\n\t\t\t\t<div class=\"elementor-element elementor-element-57338e9 elementor-widget elementor-widget-text-editor\" data-id=\"57338e9\" data-element_type=\"widget\" data-e-type=\"widget\" data-widget_type=\"text-editor.default\">\n\t\t\t\t<div class=\"elementor-widget-container\">\n\t\t\t\t\t\t\t\t\t<p><strong>Delivery conditions<\/strong><\/p><p>Stickers, wheels, prints, drinks and complete sets can be purchased in this shop. These are sent by Austrian Post, German Post or Hermes as standard. <\/p><p>The customer has a 14-day right of return, valid from receipt of the goods. In the event of a return, the customer shall bear the costs for the return shipment. To avoid damage to the returned item, we recommend that it be shipped in its original packaging. You will find further information under the item <a href=\"https:\/\/stone-heap.com\/en\/widerrufsrecht\/\">Right of withdrawal<\/a>.<\/p>\t\t\t\t\t\t\t\t<\/div>\n\t\t\t\t<\/div>\n\t\t\t\t\t<\/div>\n\t\t<\/div>\n\t\t\t\t\t<\/div>\n\t\t<\/section>\n\t\t\t\t<section class=\"elementor-section elementor-top-section elementor-element elementor-element-95f9cbe elementor-section-boxed elementor-section-height-default elementor-section-height-default\" data-id=\"95f9cbe\" data-element_type=\"section\" data-e-type=\"section\">\n\t\t\t\t\t\t<div class=\"elementor-container elementor-column-gap-default\">\n\t\t\t\t\t<div class=\"elementor-column elementor-col-100 elementor-top-column elementor-element elementor-element-ac6e9fd\" data-id=\"ac6e9fd\" data-element_type=\"column\" data-e-type=\"column\">\n\t\t\t<div class=\"elementor-widget-wrap elementor-element-populated\">\n\t\t\t\t\t\t<div class=\"elementor-element elementor-element-bb40195 elementor-widget elementor-widget-spacer\" data-id=\"bb40195\" data-element_type=\"widget\" data-e-type=\"widget\" data-widget_type=\"spacer.default\">\n\t\t\t\t<div class=\"elementor-widget-container\">\n\t\t\t\t\t\t\t<div class=\"elementor-spacer\">\n\t\t\t<div class=\"elementor-spacer-inner\"><\/div>\n\t\t<\/div>\n\t\t\t\t\t\t<\/div>\n\t\t\t\t<\/div>\n\t\t\t\t\t<\/div>\n\t\t<\/div>\n\t\t\t\t\t<\/div>\n\t\t<\/section>\n\t\t\t\t<section class=\"elementor-section elementor-top-section elementor-element elementor-element-db20e8e elementor-section-boxed elementor-section-height-default elementor-section-height-default\" data-id=\"db20e8e\" data-element_type=\"section\" data-e-type=\"section\">\n\t\t\t\t\t\t<div class=\"elementor-container elementor-column-gap-default\">\n\t\t\t\t\t<div class=\"elementor-column elementor-col-100 elementor-top-column elementor-element elementor-element-e5ed04d\" data-id=\"e5ed04d\" data-element_type=\"column\" data-e-type=\"column\">\n\t\t\t<div class=\"elementor-widget-wrap elementor-element-populated\">\n\t\t\t\t\t\t<div class=\"elementor-element elementor-element-bb777c4 elementor-widget elementor-widget-heading\" data-id=\"bb777c4\" data-element_type=\"widget\" data-e-type=\"widget\" data-widget_type=\"heading.default\">\n\t\t\t\t<div class=\"elementor-widget-container\">\n\t\t\t\t\t<h2 class=\"elementor-heading-title elementor-size-default\">Shipping costs<\/h2>\t\t\t\t<\/div>\n\t\t\t\t<\/div>\n\t\t\t\t<div class=\"elementor-element elementor-element-e2cddd9 elementor-widget elementor-widget-text-editor\" data-id=\"e2cddd9\" data-element_type=\"widget\" data-e-type=\"widget\" data-widget_type=\"text-editor.default\">\n\t\t\t\t<div class=\"elementor-widget-container\">\n\t\t\t\t\t\t\t\t\t<p>We charge a shipping fee of \u20ac5.95 per delivery. From 150\u20ac we deliver free of charge within Germany. We charge \u20ac2 per delivery for smaller items (accessory sets).<\/p><p><strong>Lieferung au\u00dferhalb von Deutschland<\/strong><br \/><strong>Austria<\/strong>: 3,00\u20ac for smaller items 8,95\u20ac for complete sets.<br \/><strong>Switzerland<\/strong>: 3,00\u20ac for smaller items 15\u20ac for complete sets. ATTENTION customs duties! To save costs, we recommend to order via <a href=\"https:\/\/meineinkauf.ch\/\" rel=\"nofollow noopener\" target=\"_blank\">meineinkauf.ch<\/a> .<br \/><strong>EU: <\/strong>3,00\u20ac for smaller items 11,90\u20ac for complete sets.<br \/><strong>Worldwide: <\/strong>30\u20ac flat rate<\/p>\t\t\t\t\t\t\t\t<\/div>\n\t\t\t\t<\/div>\n\t\t\t\t\t<\/div>\n\t\t<\/div>\n\t\t\t\t\t<\/div>\n\t\t<\/section>\n\t\t\t\t<section class=\"elementor-section elementor-top-section elementor-element elementor-element-db2b519 elementor-section-boxed elementor-section-height-default elementor-section-height-default\" data-id=\"db2b519\" data-element_type=\"section\" data-e-type=\"section\">\n\t\t\t\t\t\t<div class=\"elementor-container elementor-column-gap-default\">\n\t\t\t\t\t<div class=\"elementor-column elementor-col-100 elementor-top-column elementor-element elementor-element-08c3e87\" data-id=\"08c3e87\" data-element_type=\"column\" data-e-type=\"column\">\n\t\t\t<div class=\"elementor-widget-wrap elementor-element-populated\">\n\t\t\t\t\t\t<div class=\"elementor-element elementor-element-d9eca28 elementor-widget elementor-widget-spacer\" data-id=\"d9eca28\" data-element_type=\"widget\" data-e-type=\"widget\" data-widget_type=\"spacer.default\">\n\t\t\t\t<div class=\"elementor-widget-container\">\n\t\t\t\t\t\t\t<div class=\"elementor-spacer\">\n\t\t\t<div class=\"elementor-spacer-inner\"><\/div>\n\t\t<\/div>\n\t\t\t\t\t\t<\/div>\n\t\t\t\t<\/div>\n\t\t\t\t\t<\/div>\n\t\t<\/div>\n\t\t\t\t\t<\/div>\n\t\t<\/section>\n\t\t\t\t<section class=\"elementor-section elementor-top-section elementor-element elementor-element-134e93c elementor-section-boxed elementor-section-height-default elementor-section-height-default\" data-id=\"134e93c\" data-element_type=\"section\" data-e-type=\"section\">\n\t\t\t\t\t\t<div class=\"elementor-container elementor-column-gap-default\">\n\t\t\t\t\t<div class=\"elementor-column elementor-col-100 elementor-top-column elementor-element elementor-element-ad24869\" data-id=\"ad24869\" data-element_type=\"column\" data-e-type=\"column\">\n\t\t\t<div class=\"elementor-widget-wrap elementor-element-populated\">\n\t\t\t\t\t\t<div class=\"elementor-element elementor-element-3ac8e69 elementor-widget elementor-widget-heading\" data-id=\"3ac8e69\" data-element_type=\"widget\" data-e-type=\"widget\" data-widget_type=\"heading.default\">\n\t\t\t\t<div class=\"elementor-widget-container\">\n\t\t\t\t\t<h3 class=\"elementor-heading-title elementor-size-default\">Terms of payment<\/h3>\t\t\t\t<\/div>\n\t\t\t\t<\/div>\n\t\t\t\t\t<\/div>\n\t\t<\/div>\n\t\t\t\t\t<\/div>\n\t\t<\/section>\n\t\t\t\t<section class=\"elementor-section elementor-top-section elementor-element elementor-element-e66528d elementor-section-boxed elementor-section-height-default elementor-section-height-default\" data-id=\"e66528d\" data-element_type=\"section\" data-e-type=\"section\">\n\t\t\t\t\t\t<div class=\"elementor-container elementor-column-gap-default\">\n\t\t\t\t\t<div class=\"elementor-column elementor-col-100 elementor-top-column elementor-element elementor-element-964ffc3\" data-id=\"964ffc3\" data-element_type=\"column\" data-e-type=\"column\">\n\t\t\t<div class=\"elementor-widget-wrap elementor-element-populated\">\n\t\t\t\t\t\t<div class=\"elementor-element elementor-element-39b3941 elementor-widget elementor-widget-text-editor\" data-id=\"39b3941\" data-element_type=\"widget\" data-e-type=\"widget\" data-widget_type=\"text-editor.default\">\n\t\t\t\t<div class=\"elementor-widget-container\">\n\t\t\t\t\t\t\t\t\t<p style=\"text-align: center;\">We accept various payment methods. After receipt of payment (bank transfer may take up to 3 working days) <br \/>your order is released or prepared for dispatch.<\/p>\t\t\t\t\t\t\t\t<\/div>\n\t\t\t\t<\/div>\n\t\t\t\t\t<\/div>\n\t\t<\/div>\n\t\t\t\t\t<\/div>\n\t\t<\/section>\n\t\t\t\t<section class=\"elementor-section elementor-top-section elementor-element elementor-element-5500edf elementor-section-boxed elementor-section-height-default elementor-section-height-default\" data-id=\"5500edf\" data-element_type=\"section\" data-e-type=\"section\">\n\t\t\t\t\t\t<div class=\"elementor-container elementor-column-gap-default\">\n\t\t\t\t\t<div class=\"elementor-column elementor-col-25 elementor-top-column elementor-element elementor-element-a95a453\" data-id=\"a95a453\" data-element_type=\"column\" data-e-type=\"column\">\n\t\t\t<div class=\"elementor-widget-wrap elementor-element-populated\">\n\t\t\t\t\t\t<div class=\"elementor-element elementor-element-439def4 elementor-widget elementor-widget-image\" data-id=\"439def4\" data-element_type=\"widget\" data-e-type=\"widget\" data-widget_type=\"image.default\">\n\t\t\t\t<div class=\"elementor-widget-container\">\n\t\t\t\t\t\t\t\t\t\t\t\t\t\t\t<img fetchpriority=\"high\" decoding=\"async\" width=\"980\" height=\"260\" src=\"https:\/\/i0.wp.com\/stone-heap.com\/wp-content\/uploads\/2021\/10\/PayPal.svg.png?fit=980%2C260&amp;ssl=1\" class=\"attachment-large size-large wp-image-3444\" alt=\"\" srcset=\"https:\/\/i0.wp.com\/stone-heap.com\/wp-content\/uploads\/2021\/10\/PayPal.svg.png?w=2560&amp;ssl=1 2560w, https:\/\/i0.wp.com\/stone-heap.com\/wp-content\/uploads\/2021\/10\/PayPal.svg.png?resize=300%2C80&amp;ssl=1 300w, https:\/\/i0.wp.com\/stone-heap.com\/wp-content\/uploads\/2021\/10\/PayPal.svg.png?resize=1024%2C272&amp;ssl=1 1024w, https:\/\/i0.wp.com\/stone-heap.com\/wp-content\/uploads\/2021\/10\/PayPal.svg.png?resize=768%2C204&amp;ssl=1 768w, https:\/\/i0.wp.com\/stone-heap.com\/wp-content\/uploads\/2021\/10\/PayPal.svg.png?resize=1536%2C409&amp;ssl=1 1536w, https:\/\/i0.wp.com\/stone-heap.com\/wp-content\/uploads\/2021\/10\/PayPal.svg.png?resize=2048%2C545&amp;ssl=1 2048w, https:\/\/i0.wp.com\/stone-heap.com\/wp-content\/uploads\/2021\/10\/PayPal.svg.png?resize=18%2C5&amp;ssl=1 18w, https:\/\/i0.wp.com\/stone-heap.com\/wp-content\/uploads\/2021\/10\/PayPal.svg.png?resize=416%2C111&amp;ssl=1 416w, https:\/\/i0.wp.com\/stone-heap.com\/wp-content\/uploads\/2021\/10\/PayPal.svg.png?w=1960&amp;ssl=1 1960w\" sizes=\"(max-width: 980px) 100vw, 980px\" \/>\t\t\t\t\t\t\t\t\t\t\t\t\t\t\t<\/div>\n\t\t\t\t<\/div>\n\t\t\t\t\t<\/div>\n\t\t<\/div>\n\t\t\t\t<div class=\"elementor-column elementor-col-25 elementor-top-column elementor-element elementor-element-155bc1b\" data-id=\"155bc1b\" data-element_type=\"column\" data-e-type=\"column\">\n\t\t\t<div class=\"elementor-widget-wrap elementor-element-populated\">\n\t\t\t\t\t\t<div class=\"elementor-element elementor-element-72d11d9 elementor-widget elementor-widget-image\" data-id=\"72d11d9\" data-element_type=\"widget\" data-e-type=\"widget\" data-widget_type=\"image.default\">\n\t\t\t\t<div class=\"elementor-widget-container\">\n\t\t\t\t\t\t\t\t\t\t\t\t\t\t\t<img decoding=\"async\" width=\"300\" height=\"111\" src=\"https:\/\/i0.wp.com\/stone-heap.com\/wp-content\/uploads\/2021\/10\/kisspng-mastercard-credit-card-american-express-visa-debit-mbna-5b0525b5c09758.1980606615270639897889.png?fit=300%2C111&amp;ssl=1\" class=\"attachment-medium size-medium wp-image-3445\" alt=\"\" srcset=\"https:\/\/i0.wp.com\/stone-heap.com\/wp-content\/uploads\/2021\/10\/kisspng-mastercard-credit-card-american-express-visa-debit-mbna-5b0525b5c09758.1980606615270639897889.png?w=1240&amp;ssl=1 1240w, https:\/\/i0.wp.com\/stone-heap.com\/wp-content\/uploads\/2021\/10\/kisspng-mastercard-credit-card-american-express-visa-debit-mbna-5b0525b5c09758.1980606615270639897889.png?resize=300%2C111&amp;ssl=1 300w, https:\/\/i0.wp.com\/stone-heap.com\/wp-content\/uploads\/2021\/10\/kisspng-mastercard-credit-card-american-express-visa-debit-mbna-5b0525b5c09758.1980606615270639897889.png?resize=1024%2C380&amp;ssl=1 1024w, https:\/\/i0.wp.com\/stone-heap.com\/wp-content\/uploads\/2021\/10\/kisspng-mastercard-credit-card-american-express-visa-debit-mbna-5b0525b5c09758.1980606615270639897889.png?resize=768%2C285&amp;ssl=1 768w, https:\/\/i0.wp.com\/stone-heap.com\/wp-content\/uploads\/2021\/10\/kisspng-mastercard-credit-card-american-express-visa-debit-mbna-5b0525b5c09758.1980606615270639897889.png?resize=18%2C7&amp;ssl=1 18w, https:\/\/i0.wp.com\/stone-heap.com\/wp-content\/uploads\/2021\/10\/kisspng-mastercard-credit-card-american-express-visa-debit-mbna-5b0525b5c09758.1980606615270639897889.png?resize=416%2C154&amp;ssl=1 416w\" sizes=\"(max-width: 300px) 100vw, 300px\" \/>\t\t\t\t\t\t\t\t\t\t\t\t\t\t\t<\/div>\n\t\t\t\t<\/div>\n\t\t\t\t\t<\/div>\n\t\t<\/div>\n\t\t\t\t<div class=\"elementor-column elementor-col-25 elementor-top-column elementor-element elementor-element-21c2e5f\" data-id=\"21c2e5f\" data-element_type=\"column\" data-e-type=\"column\">\n\t\t\t<div class=\"elementor-widget-wrap elementor-element-populated\">\n\t\t\t\t\t\t<div class=\"elementor-element elementor-element-a4876fd elementor-widget elementor-widget-image\" data-id=\"a4876fd\" data-element_type=\"widget\" data-e-type=\"widget\" data-widget_type=\"image.default\">\n\t\t\t\t<div class=\"elementor-widget-container\">\n\t\t\t\t\t\t\t\t\t\t\t\t\t\t\t<img decoding=\"async\" width=\"810\" height=\"450\" src=\"https:\/\/i0.wp.com\/stone-heap.com\/wp-content\/uploads\/2024\/12\/Payments_AppleGoogle.webp?fit=810%2C450&amp;ssl=1\" class=\"attachment-1536x1536 size-1536x1536 wp-image-16149\" alt=\"\" srcset=\"https:\/\/i0.wp.com\/stone-heap.com\/wp-content\/uploads\/2024\/12\/Payments_AppleGoogle.webp?w=810&amp;ssl=1 810w, https:\/\/i0.wp.com\/stone-heap.com\/wp-content\/uploads\/2024\/12\/Payments_AppleGoogle.webp?resize=300%2C167&amp;ssl=1 300w, https:\/\/i0.wp.com\/stone-heap.com\/wp-content\/uploads\/2024\/12\/Payments_AppleGoogle.webp?resize=768%2C427&amp;ssl=1 768w, https:\/\/i0.wp.com\/stone-heap.com\/wp-content\/uploads\/2024\/12\/Payments_AppleGoogle.webp?resize=18%2C10&amp;ssl=1 18w, https:\/\/i0.wp.com\/stone-heap.com\/wp-content\/uploads\/2024\/12\/Payments_AppleGoogle.webp?resize=416%2C231&amp;ssl=1 416w\" sizes=\"(max-width: 810px) 100vw, 810px\" \/>\t\t\t\t\t\t\t\t\t\t\t\t\t\t\t<\/div>\n\t\t\t\t<\/div>\n\t\t\t\t\t<\/div>\n\t\t<\/div>\n\t\t\t\t<div class=\"elementor-column elementor-col-25 elementor-top-column elementor-element elementor-element-34bd98f\" data-id=\"34bd98f\" data-element_type=\"column\" data-e-type=\"column\">\n\t\t\t<div class=\"elementor-widget-wrap elementor-element-populated\">\n\t\t\t\t\t\t<div class=\"elementor-element elementor-element-ea6ed30 elementor-widget elementor-widget-image\" data-id=\"ea6ed30\" data-element_type=\"widget\" data-e-type=\"widget\" data-widget_type=\"image.default\">\n\t\t\t\t<div class=\"elementor-widget-container\">\n\t\t\t\t\t\t\t\t\t\t\t\t\t\t\t<img loading=\"lazy\" decoding=\"async\" width=\"150\" height=\"150\" src=\"https:\/\/i0.wp.com\/stone-heap.com\/wp-content\/uploads\/2022\/03\/pngwing.com_.png?resize=150%2C150&amp;ssl=1\" class=\"attachment-thumbnail size-thumbnail wp-image-5164\" alt=\"\" srcset=\"https:\/\/i0.wp.com\/stone-heap.com\/wp-content\/uploads\/2022\/03\/pngwing.com_.png?w=1920&amp;ssl=1 1920w, https:\/\/i0.wp.com\/stone-heap.com\/wp-content\/uploads\/2022\/03\/pngwing.com_.png?resize=300%2C300&amp;ssl=1 300w, https:\/\/i0.wp.com\/stone-heap.com\/wp-content\/uploads\/2022\/03\/pngwing.com_.png?resize=1024%2C1024&amp;ssl=1 1024w, https:\/\/i0.wp.com\/stone-heap.com\/wp-content\/uploads\/2022\/03\/pngwing.com_.png?resize=150%2C150&amp;ssl=1 150w, https:\/\/i0.wp.com\/stone-heap.com\/wp-content\/uploads\/2022\/03\/pngwing.com_.png?resize=768%2C768&amp;ssl=1 768w, https:\/\/i0.wp.com\/stone-heap.com\/wp-content\/uploads\/2022\/03\/pngwing.com_.png?resize=1536%2C1536&amp;ssl=1 1536w, https:\/\/i0.wp.com\/stone-heap.com\/wp-content\/uploads\/2022\/03\/pngwing.com_.png?resize=12%2C12&amp;ssl=1 12w, https:\/\/i0.wp.com\/stone-heap.com\/wp-content\/uploads\/2022\/03\/pngwing.com_.png?resize=416%2C416&amp;ssl=1 416w, https:\/\/i0.wp.com\/stone-heap.com\/wp-content\/uploads\/2022\/03\/pngwing.com_.png?resize=100%2C100&amp;ssl=1 100w\" sizes=\"(max-width: 150px) 100vw, 150px\" \/>\t\t\t\t\t\t\t\t\t\t\t\t\t\t\t<\/div>\n\t\t\t\t<\/div>\n\t\t\t\t\t<\/div>\n\t\t<\/div>\n\t\t\t\t\t<\/div>\n\t\t<\/section>\n\t\t\t\t<\/div>","protected":false},"excerpt":{"rendered":"<p>Liefer- und Zahlungsbedingungen PDF &#8211; Anleitungen Lieferbedingungen In diesem Shop k\u00f6nnen Download-Produkte (digitale Inhalte, die nicht auf einem k\u00f6rperlichen Datentr\u00e4ger geliefert werden) erworben werden. Die Lieferung erfolgt weltweit. F\u00fcr diese Download-Produkte fallen keine Versandkosten an. Jedes erworbene Produkt kann insgesamt 5 mal Gedownloadet werden. Download-Produkte kannst du \u00fcber deinen Account (&#8222;Mein Konto&#8220;) herunterladen. Der Zugang [&hellip;]<\/p>","protected":false},"author":1,"featured_media":0,"parent":0,"menu_order":0,"comment_status":"closed","ping_status":"closed","template":"","meta":{"footnotes":""},"class_list":["post-3424","page","type-page","status-publish","hentry"],"jetpack_sharing_enabled":true,"_links":{"self":[{"href":"https:\/\/stone-heap.com\/en\/wp-json\/wp\/v2\/pages\/3424","targetHints":{"allow":["GET"]}}],"collection":[{"href":"https:\/\/stone-heap.com\/en\/wp-json\/wp\/v2\/pages"}],"about":[{"href":"https:\/\/stone-heap.com\/en\/wp-json\/wp\/v2\/types\/page"}],"author":[{"embeddable":true,"href":"https:\/\/stone-heap.com\/en\/wp-json\/wp\/v2\/users\/1"}],"replies":[{"embeddable":true,"href":"https:\/\/stone-heap.com\/en\/wp-json\/wp\/v2\/comments?post=3424"}],"version-history":[{"count":10,"href":"https:\/\/stone-heap.com\/en\/wp-json\/wp\/v2\/pages\/3424\/revisions"}],"predecessor-version":[{"id":17242,"href":"https:\/\/stone-heap.com\/en\/wp-json\/wp\/v2\/pages\/3424\/revisions\/17242"}],"wp:attachment":[{"href":"https:\/\/stone-heap.com\/en\/wp-json\/wp\/v2\/media?parent=3424"}],"curies":[{"name":"wp","href":"https:\/\/api.w.org\/{rel}","templated":true}]}}