{"id":7479,"date":"2022-12-30T18:08:07","date_gmt":"2022-12-30T17:08:07","guid":{"rendered":"https:\/\/stone-heap.com\/?page_id=7479"},"modified":"2025-12-04T11:49:42","modified_gmt":"2025-12-04T10:49:42","slug":"fabian-harms","status":"publish","type":"page","link":"https:\/\/stone-heap.com\/en\/ueber-uns\/fabian-harms\/","title":{"rendered":"\u00dcber uns &#8211; Fabian Harms"},"content":{"rendered":"<div data-elementor-type=\"wp-page\" data-elementor-id=\"7479\" class=\"elementor elementor-7479\" data-elementor-post-type=\"page\">\n\t\t\t\t\t\t<section class=\"elementor-section elementor-top-section elementor-element elementor-element-952a5a0 elementor-section-boxed elementor-section-height-default elementor-section-height-default\" data-id=\"952a5a0\" data-element_type=\"section\" data-e-type=\"section\">\n\t\t\t\t\t\t<div class=\"elementor-container elementor-column-gap-default\">\n\t\t\t\t\t<div class=\"elementor-column elementor-col-100 elementor-top-column elementor-element elementor-element-0a8552f\" data-id=\"0a8552f\" data-element_type=\"column\" data-e-type=\"column\" data-settings=\"{&quot;background_background&quot;:&quot;classic&quot;}\">\n\t\t\t<div class=\"elementor-widget-wrap elementor-element-populated\">\n\t\t\t\t\t\t<div class=\"elementor-element elementor-element-05fc99b elementor-widget elementor-widget-heading\" data-id=\"05fc99b\" data-element_type=\"widget\" data-e-type=\"widget\" data-widget_type=\"heading.default\">\n\t\t\t\t<div class=\"elementor-widget-container\">\n\t\t\t\t\t<h1 class=\"elementor-heading-title elementor-size-default\">Head of Design<\/h1>\t\t\t\t<\/div>\n\t\t\t\t<\/div>\n\t\t\t\t<div class=\"elementor-element elementor-element-679445d elementor-widget elementor-widget-heading\" data-id=\"679445d\" data-element_type=\"widget\" data-e-type=\"widget\" data-widget_type=\"heading.default\">\n\t\t\t\t<div class=\"elementor-widget-container\">\n\t\t\t\t\t<h2 class=\"elementor-heading-title elementor-size-xl\">Fabian Harms<\/h2>\t\t\t\t<\/div>\n\t\t\t\t<\/div>\n\t\t\t\t\t<\/div>\n\t\t<\/div>\n\t\t\t\t\t<\/div>\n\t\t<\/section>\n\t\t\t\t<section class=\"elementor-section elementor-top-section elementor-element elementor-element-2fc5cb3 elementor-section-boxed elementor-section-height-default elementor-section-height-default\" data-id=\"2fc5cb3\" data-element_type=\"section\" data-e-type=\"section\">\n\t\t\t\t\t\t<div class=\"elementor-container elementor-column-gap-default\">\n\t\t\t\t\t<div class=\"elementor-column elementor-col-33 elementor-top-column elementor-element elementor-element-9da22b6\" data-id=\"9da22b6\" data-element_type=\"column\" data-e-type=\"column\">\n\t\t\t<div class=\"elementor-widget-wrap elementor-element-populated\">\n\t\t\t\t\t\t<div class=\"elementor-element elementor-element-b4a3a60 elementor-widget elementor-widget-image\" data-id=\"b4a3a60\" data-element_type=\"widget\" data-e-type=\"widget\" data-widget_type=\"image.default\">\n\t\t\t\t<div class=\"elementor-widget-container\">\n\t\t\t\t\t\t\t\t\t\t\t\t<figure class=\"wp-caption\">\n\t\t\t\t\t\t\t\t\t\t<img fetchpriority=\"high\" decoding=\"async\" width=\"405\" height=\"550\" src=\"https:\/\/i0.wp.com\/stone-heap.com\/wp-content\/uploads\/2021\/10\/Unbenannt-2-1.jpg?fit=405%2C550&amp;ssl=1\" class=\"attachment-large size-large wp-image-3364\" alt=\"\" srcset=\"https:\/\/i0.wp.com\/stone-heap.com\/wp-content\/uploads\/2021\/10\/Unbenannt-2-1.jpg?w=405&amp;ssl=1 405w, https:\/\/i0.wp.com\/stone-heap.com\/wp-content\/uploads\/2021\/10\/Unbenannt-2-1.jpg?resize=221%2C300&amp;ssl=1 221w, https:\/\/i0.wp.com\/stone-heap.com\/wp-content\/uploads\/2021\/10\/Unbenannt-2-1.jpg?resize=9%2C12&amp;ssl=1 9w\" sizes=\"(max-width: 405px) 100vw, 405px\" \/>\t\t\t\t\t\t\t\t\t\t\t<figcaption class=\"widget-image-caption wp-caption-text\">Fabian Harms, 18. years old, Darmstadt - DE<\/figcaption>\n\t\t\t\t\t\t\t\t\t\t<\/figure>\n\t\t\t\t\t\t\t\t\t<\/div>\n\t\t\t\t<\/div>\n\t\t\t\t\t<\/div>\n\t\t<\/div>\n\t\t\t\t<div class=\"elementor-column elementor-col-66 elementor-top-column elementor-element elementor-element-20cf391\" data-id=\"20cf391\" data-element_type=\"column\" data-e-type=\"column\">\n\t\t\t<div class=\"elementor-widget-wrap elementor-element-populated\">\n\t\t\t\t\t\t<div class=\"elementor-element elementor-element-3a2be14 elementor-widget elementor-widget-text-editor\" data-id=\"3a2be14\" data-element_type=\"widget\" data-e-type=\"widget\" data-widget_type=\"text-editor.default\">\n\t\t\t\t<div class=\"elementor-widget-container\">\n\t\t\t\t\t\t\t\t\t<p class=\"translation-block\">My name is Fabian Harms, also known as Germanrailwaybuilder, and I am responsible for the designers here in the team.<\/p><p><span lang=\"de-DE\">For the most part, I also design 8-knob models and some 6-knob models are also mine. <br \/><\/span><\/p><p>Although I'm more into cars and motorbikes in my spare time, railways are my go-to when it comes to terminal blocks.<br \/>I have been building with the small but fine bricks since I was three years old. At some point, the market leader no longer offered what I would have liked, so I set about designing my own models.<\/p><p>In spring 2020, I finally had enough time to upload my models as instructions on Rebrickable and also to sell them.<\/p><p>At the beginning of 2021, Fabian from the channel ,,Lego Trains\" approached me and offered to distribute my models on Stone Heap.<br \/>Since I still value small businesses very much and I see potential in them, I have been fully involved ever since.<\/p><p>With my models, the focus is on the look. That is why the \"8 knob width\" stands for visually more realistic models than the \"6 knob width\".<br \/>Most of my models are more suitable for professionals, as it often requires complicated constructions to get the best out of them visually.<\/p><p>Good luck and have a great time building!<\/p>\t\t\t\t\t\t\t\t<\/div>\n\t\t\t\t<\/div>\n\t\t\t\t\t<\/div>\n\t\t<\/div>\n\t\t\t\t\t<\/div>\n\t\t<\/section>\n\t\t\t\t<\/div>","protected":false},"excerpt":{"rendered":"<p>Head of Design Fabian Harms Fabian Harms, 18. Jahre alt, Darmstadt &#8211; DE Mein Name ist Fabian Harms, auch bekannt als\u00a0Germanrailwaybuilder, und ich bin f\u00fcr die Designer hier im Team zust\u00e4ndig. Gro\u00dfteils entwerfe ich auch 8-Noppen-Modelle und einige 6-Noppen-Modelle sind auch von mir. Obwohl ich in meiner Freizeit eher mit Autos und Motorr\u00e4dern zu tun [&hellip;]<\/p>","protected":false},"author":1,"featured_media":0,"parent":7530,"menu_order":0,"comment_status":"closed","ping_status":"closed","template":"","meta":{"footnotes":""},"class_list":["post-7479","page","type-page","status-publish","hentry"],"jetpack_sharing_enabled":true,"_links":{"self":[{"href":"https:\/\/stone-heap.com\/en\/wp-json\/wp\/v2\/pages\/7479","targetHints":{"allow":["GET"]}}],"collection":[{"href":"https:\/\/stone-heap.com\/en\/wp-json\/wp\/v2\/pages"}],"about":[{"href":"https:\/\/stone-heap.com\/en\/wp-json\/wp\/v2\/types\/page"}],"author":[{"embeddable":true,"href":"https:\/\/stone-heap.com\/en\/wp-json\/wp\/v2\/users\/1"}],"replies":[{"embeddable":true,"href":"https:\/\/stone-heap.com\/en\/wp-json\/wp\/v2\/comments?post=7479"}],"version-history":[{"count":1,"href":"https:\/\/stone-heap.com\/en\/wp-json\/wp\/v2\/pages\/7479\/revisions"}],"predecessor-version":[{"id":19646,"href":"https:\/\/stone-heap.com\/en\/wp-json\/wp\/v2\/pages\/7479\/revisions\/19646"}],"up":[{"embeddable":true,"href":"https:\/\/stone-heap.com\/en\/wp-json\/wp\/v2\/pages\/7530"}],"wp:attachment":[{"href":"https:\/\/stone-heap.com\/en\/wp-json\/wp\/v2\/media?parent=7479"}],"curies":[{"name":"wp","href":"https:\/\/api.w.org\/{rel}","templated":true}]}}