{"id":10154,"date":"2023-09-15T17:30:25","date_gmt":"2023-09-15T15:30:25","guid":{"rendered":"https:\/\/stone-heap.com\/?post_type=product&#038;p=10154"},"modified":"2025-08-02T21:44:16","modified_gmt":"2025-08-02T19:44:16","slug":"db-gueterzugbegleitwagen","status":"publish","type":"product","link":"https:\/\/stone-heap.com\/en\/shop\/pdf-bauanleitungen\/produkt\/db-gueterzugbegleitwagen\/","title":{"rendered":"DB G\u00fcterzugbegleitwagen"},"content":{"rendered":"<p>The item offered here is a digital assembly instruction in PDF file format. <strong>There are no construction elements included in the offer! <\/strong>The image is a digitally created image and is only intended to represent the finished product.<\/p>\n<p>Number of bricks needed: 198<br \/>\nLevel of difficulty: Easy<br \/>\nAge recommendation: 10+<br \/>\nDesigned by: <a href=\"https:\/\/stone-heap.com\/en\/ueber-uns\/\">Mario<\/a><\/p>\n<p>Bis in die 1970er Jahre wurden G\u00fcterz\u00fcge in Deutschland regelm\u00e4\u00dfig von Personal begleitet. Au\u00dfer dem Zugf\u00fchrer war das noch der Packmeister und Rangierer f\u00fcr das Rangieren in Unterwegsstationen. Vor Einf\u00fchrung der durchgehenden Druckluftbremse war der Wagen auch Aufenthaltsraum f\u00fcr die Bremser, die sich dort w\u00e4hrend der Aufenthalte aufw\u00e4rmen und verpflegen konnten. Die traditionelle Gattungsbezeichnung der Begleitwagen war Pwg.<\/p>\n<p><strong>Save 10% on your first purchase at Webrick with code \"Stoneheap\".<\/strong><\/p>\n<div class=\"steine-button\" style=\"width: 250px; padding: 10px; border: 0px solid #105F8B; border-radius: 25px; height: 45px; background-color: #105f8b;\"><a style=\"color: #fff; text-align: center; font-weight: 900;\" href=\"https:\/\/www.webrick.com\/wp_collection\/share\/tK2yOMzQgx28rc3BIH1Q9nMIEO6jqmsk\/#aid=stoneheap\" rel=\"nofollow noopener\" target=\"_blank\"> Order parts EXTERNALLY now<\/a><\/div>\n<p>&nbsp;<\/p>","protected":false},"excerpt":{"rendered":"<p>Bei dem hier angebotenen Artikel handelt es sich um eine digitale Aufbauanleitung im PDF-Dateiformat. Es sind keine Bauelemente im Angebot enthalten! Bei der Abbildung handelt es sich um ein digital erstelltes Bild und soll lediglich das fertige Produkt darstellen. Anzahl der ben\u00f6tigten Steine: 198 Schwierigkeitsgrad: leicht Altersempfehlung: 10+ Designt by: Mario Bis in die 1970er [&hellip;]<\/p>","protected":false},"featured_media":10138,"comment_status":"open","ping_status":"closed","template":"","meta":[],"product_brand":[],"product_cat":[43,65,115],"product_tag":[20,79,50],"class_list":{"0":"post-10154","1":"product","2":"type-product","3":"status-publish","4":"has-post-thumbnail","6":"product_cat-pdf-bauanleitungen","7":"product_cat-pdf-bauanleitungen-easy","8":"product_cat-gueterwagen","9":"product_tag-6-noppen","10":"product_tag-gueterwagen","11":"product_tag-pdf-bauanleitung","13":"first","14":"instock","15":"downloadable","16":"virtual","17":"sold-individually","18":"taxable","19":"purchasable","20":"product-type-simple"},"jetpack_sharing_enabled":true,"_links":{"self":[{"href":"https:\/\/stone-heap.com\/en\/wp-json\/wp\/v2\/product\/10154","targetHints":{"allow":["GET"]}}],"collection":[{"href":"https:\/\/stone-heap.com\/en\/wp-json\/wp\/v2\/product"}],"about":[{"href":"https:\/\/stone-heap.com\/en\/wp-json\/wp\/v2\/types\/product"}],"replies":[{"embeddable":true,"href":"https:\/\/stone-heap.com\/en\/wp-json\/wp\/v2\/comments?post=10154"}],"version-history":[{"count":1,"href":"https:\/\/stone-heap.com\/en\/wp-json\/wp\/v2\/product\/10154\/revisions"}],"predecessor-version":[{"id":17226,"href":"https:\/\/stone-heap.com\/en\/wp-json\/wp\/v2\/product\/10154\/revisions\/17226"}],"wp:featuredmedia":[{"embeddable":true,"href":"https:\/\/stone-heap.com\/en\/wp-json\/wp\/v2\/media\/10138"}],"wp:attachment":[{"href":"https:\/\/stone-heap.com\/en\/wp-json\/wp\/v2\/media?parent=10154"}],"wp:term":[{"taxonomy":"product_brand","embeddable":true,"href":"https:\/\/stone-heap.com\/en\/wp-json\/wp\/v2\/product_brand?post=10154"},{"taxonomy":"product_cat","embeddable":true,"href":"https:\/\/stone-heap.com\/en\/wp-json\/wp\/v2\/product_cat?post=10154"},{"taxonomy":"product_tag","embeddable":true,"href":"https:\/\/stone-heap.com\/en\/wp-json\/wp\/v2\/product_tag?post=10154"}],"curies":[{"name":"wp","href":"https:\/\/api.w.org\/{rel}","templated":true}]}}