{"id":11843,"date":"2023-11-21T17:30:21","date_gmt":"2023-11-21T16:30:21","guid":{"rendered":"https:\/\/stone-heap.com\/?post_type=product&#038;p=11843"},"modified":"2025-08-02T21:44:10","modified_gmt":"2025-08-02T19:44:10","slug":"et-403-endwagen-2","status":"publish","type":"product","link":"https:\/\/stone-heap.com\/en\/shop\/pdf-bauanleitungen-easy\/produkt\/et-403-endwagen-2\/","title":{"rendered":"ET 403 &#8211; Endwagen 2"},"content":{"rendered":"<p>The item offered here is a digital assembly instruction in PDF file format. <b>There are no construction elements included in the offer! <\/b>The image is a digitally created image and is only intended to represent the finished product.<\/p>\n<p>Anzahl der ben\u00f6tigten Steine: 555<br \/>\nLevel of difficulty: Easy<br \/>\nAge recommendation: 12+<br \/>\nDesigned by: <a href=\"https:\/\/stone-heap.com\/en\/ueber-uns\/mario-cuva\/\">Mario<\/a><\/p>\n<p>Die Baureihe 403 war ein Triebzug der Deutschen Bundesbahn, der in nur drei Exemplaren gebaut wurde. Als erster deutscher Hochgeschwindigkeitszug in Triebzug-Bauform ist er ein fr\u00fcher Vorl\u00e4ufer des Intercity-Express und galt in den 1970er Jahren als Paradezug der Deutschen Bundesbahn.<\/p>\n<p>Jede Einheit bestand aus zwei angetriebenen Endwagen und zwei angetriebenen Zwischenwagen. Die Zwischenwagen wurden dabei als Baureihe 404 bezeichnet. Einer der beiden war ein Gro\u00dfraumwagen (Baureihe 404.0), der andere war als Halbspeisewagen mit 24 Sitzpl\u00e4tzen ausgef\u00fchrt (Baureihe 404.1).<\/p>\n<p>Wegen der charakteristischen Frontgestaltung bekam der Zug die Spitznamen Donald Duck und Wei\u00dfer Hai.<\/p>\n<p>Der Endwagen ist f\u00fcr R40 geeignet.<\/p>\n<p><strong>Save 10% on your first purchase at Webrick with code \"Stoneheap\".<\/strong><\/p>\n<div class=\"steine-button\" style=\"width: 250px; padding: 10px; border: 0px solid #105F8B; border-radius: 25px; height: 45px; background-color: #105f8b;\"><a style=\"color: #fff; text-align: center; font-weight: 900;\" href=\"https:\/\/www.webrick.com\/wp_collection\/share\/yyP45awzEsxTGzVQbmrpqvH9ZEUmfeiE\/#aid=stoneheap\" rel=\"nofollow noopener\" target=\"_blank\"> Order parts EXTERNALLY now<\/a><\/div>\n<p>&nbsp;<\/p>","protected":false},"excerpt":{"rendered":"<p>Bei dem hier angebotenen Artikel handelt es sich um eine digitale Aufbauanleitung im PDF-Dateiformat. Es sind keine Bauelemente im Angebot enthalten! Bei der Abbildung handelt es sich um ein digital erstelltes Bild und soll lediglich das fertige Produkt darstellen. Anzahl der ben\u00f6tigten Steine: 555 Schwierigkeitsgrad: leicht Altersempfehlung: 12+ Designt by: Mario Die Baureihe 403 war [&hellip;]<\/p>","protected":false},"featured_media":11846,"comment_status":"open","ping_status":"closed","template":"","meta":[],"product_brand":[],"product_cat":[65,222,43],"product_tag":[20,50,29],"class_list":{"0":"post-11843","1":"product","2":"type-product","3":"status-publish","4":"has-post-thumbnail","6":"product_cat-pdf-bauanleitungen-easy","7":"product_cat-treibzug","8":"product_cat-pdf-bauanleitungen","9":"product_tag-6-noppen","10":"product_tag-pdf-bauanleitung","11":"product_tag-triebzug","13":"first","14":"instock","15":"downloadable","16":"virtual","17":"sold-individually","18":"taxable","19":"purchasable","20":"product-type-simple"},"jetpack_sharing_enabled":true,"_links":{"self":[{"href":"https:\/\/stone-heap.com\/en\/wp-json\/wp\/v2\/product\/11843","targetHints":{"allow":["GET"]}}],"collection":[{"href":"https:\/\/stone-heap.com\/en\/wp-json\/wp\/v2\/product"}],"about":[{"href":"https:\/\/stone-heap.com\/en\/wp-json\/wp\/v2\/types\/product"}],"replies":[{"embeddable":true,"href":"https:\/\/stone-heap.com\/en\/wp-json\/wp\/v2\/comments?post=11843"}],"version-history":[{"count":1,"href":"https:\/\/stone-heap.com\/en\/wp-json\/wp\/v2\/product\/11843\/revisions"}],"predecessor-version":[{"id":17206,"href":"https:\/\/stone-heap.com\/en\/wp-json\/wp\/v2\/product\/11843\/revisions\/17206"}],"wp:featuredmedia":[{"embeddable":true,"href":"https:\/\/stone-heap.com\/en\/wp-json\/wp\/v2\/media\/11846"}],"wp:attachment":[{"href":"https:\/\/stone-heap.com\/en\/wp-json\/wp\/v2\/media?parent=11843"}],"wp:term":[{"taxonomy":"product_brand","embeddable":true,"href":"https:\/\/stone-heap.com\/en\/wp-json\/wp\/v2\/product_brand?post=11843"},{"taxonomy":"product_cat","embeddable":true,"href":"https:\/\/stone-heap.com\/en\/wp-json\/wp\/v2\/product_cat?post=11843"},{"taxonomy":"product_tag","embeddable":true,"href":"https:\/\/stone-heap.com\/en\/wp-json\/wp\/v2\/product_tag?post=11843"}],"curies":[{"name":"wp","href":"https:\/\/api.w.org\/{rel}","templated":true}]}}