{"id":12433,"date":"2023-12-18T14:31:20","date_gmt":"2023-12-18T13:31:20","guid":{"rendered":"https:\/\/stone-heap.com\/?post_type=product&#038;p=12433"},"modified":"2026-02-07T16:51:32","modified_gmt":"2026-02-07T15:51:32","slug":"wuppertal-schwebebahn-kaiserwagen","status":"publish","type":"product","link":"https:\/\/stone-heap.com\/en\/shop\/komplettsets\/produkt\/wuppertal-schwebebahn-kaiserwagen\/","title":{"rendered":"Wuppertal Schwebebahn &#8211; Kaiserwagen EOL"},"content":{"rendered":"<p><strong>This set has been officially discontinued. There are no plans to reissue it. The last available copies are exclusively available at <a href=\"https:\/\/www.wuppertalshop.de\/epages\/WuppertalShop.sf\/sec1c68378e22\/?ObjectPath=\/Shops\/WuppertalShop\/Products\/BAUSATZ-KW\" rel=\"nofollow noopener\" target=\"_blank\">Wuppertal Marketing<\/a> available.<\/strong><\/p>\n<p>Number of bricks: 921<br \/>\nLevel of difficulty: Medium<br \/>\nModellgr\u00f6\u00dfe: 31 cm x 39 cm x 23 cm<br \/>\nAge recommendation: 12+<\/p>\n<p>The Wuppertal suspension railway is unique in the world. It has been delighting locals and visitors alike since 1901. Even Kaiser Wilhelm II was impressed when he took a test ride from Barmen to Elberfeld. The Kaiserwagen got its name from this journey. With 13.3 kilometres of track and 20 stations, the suspension railway is an outstanding means of transport and a unique technical masterpiece.<\/p>\n<p>Der &#8222;Kaiserwagen aus Klemmbausteinen&#8220; ist ein Set, das den ber\u00fchmten Schwebebahnwagen der Wuppertaler Schwebebahn in detailgetreuer Nachbildung darstellt. Erleben Sie w\u00e4hrend des Aufbaus die Faszination seiner au\u00dfergew\u00f6hnlichen Architektur. Das Set beinhaltet viele bedruckte Einzelteile, welche die Verzierungen des Originals darstellen, und ist von Werk aus f\u00fcr eine sp\u00e4tere Motorisierung vorbereitet.<\/p>\n<p>More information about the Kaiserwagen at:<br \/>\nwww.schwebebahn.de<br \/>\nwww.wuppertal-marketing.de<br \/>\nwww.schwebodrom.com<\/p>","protected":false},"excerpt":{"rendered":"<p>Dieses Set ist offiziell aus der Produktion genommen. Eine Neuauflage ist nicht vorgesehen. Letzte verf\u00fcgbare Exemplare sind ausschlie\u00dflich bei Wuppertal Marketing erh\u00e4ltlich. Anzahl der Steine: 921 Schwierigkeitsgrad: mittel Modellgr\u00f6\u00dfe: 31 cm x 39 cm x 23 cm Altersempfehlung: 12+ Die Wuppertaler Schwebebahn ist weltweit einzigartig. Seit 1901 begeistert sie Einheimische und G\u00e4ste gleicherma\u00dfen. Selbst Kaiser [&hellip;]<\/p>","protected":false},"featured_media":12417,"comment_status":"open","ping_status":"closed","template":"","meta":[],"product_brand":[],"product_cat":[44,140],"product_tag":[545,120],"class_list":{"0":"post-12433","1":"product","2":"type-product","3":"status-publish","4":"has-post-thumbnail","6":"product_cat-komplettsets","7":"product_cat-stone-heap","8":"product_tag-eol","9":"product_tag-komplettsets","10":"product_shipping_class-set-versand-neu","12":"first","13":"outofstock","14":"taxable","15":"shipping-taxable","16":"purchasable","17":"product-type-simple"},"jetpack_sharing_enabled":true,"_links":{"self":[{"href":"https:\/\/stone-heap.com\/en\/wp-json\/wp\/v2\/product\/12433","targetHints":{"allow":["GET"]}}],"collection":[{"href":"https:\/\/stone-heap.com\/en\/wp-json\/wp\/v2\/product"}],"about":[{"href":"https:\/\/stone-heap.com\/en\/wp-json\/wp\/v2\/types\/product"}],"replies":[{"embeddable":true,"href":"https:\/\/stone-heap.com\/en\/wp-json\/wp\/v2\/comments?post=12433"}],"version-history":[{"count":6,"href":"https:\/\/stone-heap.com\/en\/wp-json\/wp\/v2\/product\/12433\/revisions"}],"predecessor-version":[{"id":15863,"href":"https:\/\/stone-heap.com\/en\/wp-json\/wp\/v2\/product\/12433\/revisions\/15863"}],"wp:featuredmedia":[{"embeddable":true,"href":"https:\/\/stone-heap.com\/en\/wp-json\/wp\/v2\/media\/12417"}],"wp:attachment":[{"href":"https:\/\/stone-heap.com\/en\/wp-json\/wp\/v2\/media?parent=12433"}],"wp:term":[{"taxonomy":"product_brand","embeddable":true,"href":"https:\/\/stone-heap.com\/en\/wp-json\/wp\/v2\/product_brand?post=12433"},{"taxonomy":"product_cat","embeddable":true,"href":"https:\/\/stone-heap.com\/en\/wp-json\/wp\/v2\/product_cat?post=12433"},{"taxonomy":"product_tag","embeddable":true,"href":"https:\/\/stone-heap.com\/en\/wp-json\/wp\/v2\/product_tag?post=12433"}],"curies":[{"name":"wp","href":"https:\/\/api.w.org\/{rel}","templated":true}]}}