{"id":12684,"date":"2024-01-30T21:31:20","date_gmt":"2024-01-30T20:31:20","guid":{"rendered":"https:\/\/stone-heap.com\/?post_type=product&#038;p=12684"},"modified":"2025-12-07T08:43:55","modified_gmt":"2025-12-07T07:43:55","slug":"wiener-linien-v-oder-x-wagen-3-in-1-set","status":"publish","type":"product","link":"https:\/\/stone-heap.com\/en\/shop\/komplettsets\/produkt\/wiener-linien-v-oder-x-wagen-3-in-1-set\/","title":{"rendered":"Wiener Linien &#8211; V- oder X-Wagen 3 in 1 Set"},"content":{"rendered":"<p>Anzahl der Steine: 649<br \/>\nLevel of difficulty: Medium<br \/>\nAge recommendation: 8+<br \/>\nL\u00e4nge: 53 cm<br \/>\nDesigner: <a href=\"https:\/\/derklassiker.at\/\" rel=\"nofollow noopener\" target=\"_blank\">derKlassiker<\/a><br \/>\nLicensing partner: <a href=\"https:\/\/www.wienerlinien.at\/\" rel=\"nofollow noopener\" target=\"_blank\">Wiener Linien<\/a><\/p>\n<p>Das Set 2301 V- oder X-Wagen, bestehend aus 649 LEGO\u00ae-Teilen, ist Wiens neuesten und modernsten U-Bahn-Fahrzeugen gewidmet. Seit Sommer 2023 sind auf der Linie U3 die ersten X-Z\u00fcge im Einsatz und ab 2026 sollen sie den vollautomatischen U-Bahn-Betrieb auf der Linie U5 erm\u00f6glichen. Insgesamt finden bis zu 928 Fahrg\u00e4ste in einem X-Wagen Platz. Mit diesem 3-in-1-Set kannst du sowohl einen X-Wagen als auch einen V-Wagen oder einen passenden Beiwagen bauen.<\/p>","protected":false},"excerpt":{"rendered":"<p>Anzahl der Steine: 649 Schwierigkeitsgrad: Mittel Altersempfehlung: 8+ L\u00e4nge: 53 cm Designer: derKlassiker Lizenzpartner: Wiener Linien Das Set 2301 V- oder X-Wagen, bestehend aus 649 LEGO\u00ae-Teilen, ist Wiens neuesten und modernsten U-Bahn-Fahrzeugen gewidmet. Seit Sommer 2023 sind auf der Linie U3 die ersten X-Z\u00fcge im Einsatz und ab 2026 sollen sie den vollautomatischen U-Bahn-Betrieb auf [&hellip;]<\/p>","protected":false},"featured_media":12690,"comment_status":"open","ping_status":"closed","template":"","meta":[],"product_brand":[],"product_cat":[44,128],"product_tag":[144,119],"class_list":{"0":"post-12684","1":"product","2":"type-product","3":"status-publish","4":"has-post-thumbnail","6":"product_cat-komplettsets","7":"product_cat-derklassiker","8":"product_tag-u-bahn","9":"product_tag-wiener-linien","10":"product_shipping_class-set-versand-neu","12":"first","13":"outofstock","14":"taxable","15":"shipping-taxable","16":"purchasable","17":"product-type-simple"},"jetpack_sharing_enabled":true,"_links":{"self":[{"href":"https:\/\/stone-heap.com\/en\/wp-json\/wp\/v2\/product\/12684","targetHints":{"allow":["GET"]}}],"collection":[{"href":"https:\/\/stone-heap.com\/en\/wp-json\/wp\/v2\/product"}],"about":[{"href":"https:\/\/stone-heap.com\/en\/wp-json\/wp\/v2\/types\/product"}],"replies":[{"embeddable":true,"href":"https:\/\/stone-heap.com\/en\/wp-json\/wp\/v2\/comments?post=12684"}],"version-history":[{"count":2,"href":"https:\/\/stone-heap.com\/en\/wp-json\/wp\/v2\/product\/12684\/revisions"}],"predecessor-version":[{"id":15721,"href":"https:\/\/stone-heap.com\/en\/wp-json\/wp\/v2\/product\/12684\/revisions\/15721"}],"wp:featuredmedia":[{"embeddable":true,"href":"https:\/\/stone-heap.com\/en\/wp-json\/wp\/v2\/media\/12690"}],"wp:attachment":[{"href":"https:\/\/stone-heap.com\/en\/wp-json\/wp\/v2\/media?parent=12684"}],"wp:term":[{"taxonomy":"product_brand","embeddable":true,"href":"https:\/\/stone-heap.com\/en\/wp-json\/wp\/v2\/product_brand?post=12684"},{"taxonomy":"product_cat","embeddable":true,"href":"https:\/\/stone-heap.com\/en\/wp-json\/wp\/v2\/product_cat?post=12684"},{"taxonomy":"product_tag","embeddable":true,"href":"https:\/\/stone-heap.com\/en\/wp-json\/wp\/v2\/product_tag?post=12684"}],"curies":[{"name":"wp","href":"https:\/\/api.w.org\/{rel}","templated":true}]}}