{"id":12725,"date":"2024-02-02T21:57:32","date_gmt":"2024-02-02T20:57:32","guid":{"rendered":"https:\/\/stone-heap.com\/?post_type=product&#038;p=12725"},"modified":"2025-12-13T14:43:35","modified_gmt":"2025-12-13T13:43:35","slug":"wiener-linien-u-bahn-u6-grau","status":"publish","type":"product","link":"https:\/\/stone-heap.com\/en\/shop\/komplettsets\/produkt\/wiener-linien-u-bahn-u6-grau\/","title":{"rendered":"Wiener Linien - Underground U6 gray"},"content":{"rendered":"<p>Anzahl der Steine: 1347<br \/>\nLevel of difficulty: Easy<br \/>\nAge recommendation: 9+<br \/>\nL\u00e4nge: 65 cm<br \/>\nDesigner: <a href=\"https:\/\/derklassiker.at\/\" rel=\"nofollow noopener\" target=\"_blank\">derKlassiker<\/a><br \/>\nLicensing partner: <a href=\"https:\/\/www.wienerlinien.at\/\" rel=\"nofollow noopener\" target=\"_blank\">Wiener Linien<\/a><\/p>\n<p>Die Wiener Linien pr\u00e4sentieren stolz ihr neues U6 Klemmbausteinset aus Legosteinen, das die beliebte U-Bahn-Linie der \u00f6sterreichischen Hauptstadt in die Welt der Bausteine bringt. Mit Liebe zum Detail und Authentizit\u00e4t wurde dieses Set entwickelt, um Fans der Wiener U-Bahn und Bausteinliebhaber gleicherma\u00dfen zu begeistern.<\/p>","protected":false},"excerpt":{"rendered":"<p>Anzahl der Steine: 1347 Schwierigkeitsgrad: Leicht Altersempfehlung: 9+ L\u00e4nge: 65 cm Designer: derKlassiker Lizenzpartner: Wiener Linien Die Wiener Linien pr\u00e4sentieren stolz ihr neues U6 Klemmbausteinset aus Legosteinen, das die beliebte U-Bahn-Linie der \u00f6sterreichischen Hauptstadt in die Welt der Bausteine bringt. Mit Liebe zum Detail und Authentizit\u00e4t wurde dieses Set entwickelt, um Fans der Wiener U-Bahn [&hellip;]<\/p>","protected":false},"featured_media":12727,"comment_status":"open","ping_status":"closed","template":"","meta":[],"product_brand":[],"product_cat":[44,128],"product_tag":[120,144,119],"class_list":{"0":"post-12725","1":"product","2":"type-product","3":"status-publish","4":"has-post-thumbnail","6":"product_cat-komplettsets","7":"product_cat-derklassiker","8":"product_tag-komplettsets","9":"product_tag-u-bahn","10":"product_tag-wiener-linien","11":"product_shipping_class-set-versand-neu","13":"first","14":"outofstock","15":"taxable","16":"shipping-taxable","17":"purchasable","18":"product-type-simple"},"jetpack_sharing_enabled":true,"_links":{"self":[{"href":"https:\/\/stone-heap.com\/en\/wp-json\/wp\/v2\/product\/12725","targetHints":{"allow":["GET"]}}],"collection":[{"href":"https:\/\/stone-heap.com\/en\/wp-json\/wp\/v2\/product"}],"about":[{"href":"https:\/\/stone-heap.com\/en\/wp-json\/wp\/v2\/types\/product"}],"replies":[{"embeddable":true,"href":"https:\/\/stone-heap.com\/en\/wp-json\/wp\/v2\/comments?post=12725"}],"version-history":[{"count":1,"href":"https:\/\/stone-heap.com\/en\/wp-json\/wp\/v2\/product\/12725\/revisions"}],"predecessor-version":[{"id":16130,"href":"https:\/\/stone-heap.com\/en\/wp-json\/wp\/v2\/product\/12725\/revisions\/16130"}],"wp:featuredmedia":[{"embeddable":true,"href":"https:\/\/stone-heap.com\/en\/wp-json\/wp\/v2\/media\/12727"}],"wp:attachment":[{"href":"https:\/\/stone-heap.com\/en\/wp-json\/wp\/v2\/media?parent=12725"}],"wp:term":[{"taxonomy":"product_brand","embeddable":true,"href":"https:\/\/stone-heap.com\/en\/wp-json\/wp\/v2\/product_brand?post=12725"},{"taxonomy":"product_cat","embeddable":true,"href":"https:\/\/stone-heap.com\/en\/wp-json\/wp\/v2\/product_cat?post=12725"},{"taxonomy":"product_tag","embeddable":true,"href":"https:\/\/stone-heap.com\/en\/wp-json\/wp\/v2\/product_tag?post=12725"}],"curies":[{"name":"wp","href":"https:\/\/api.w.org\/{rel}","templated":true}]}}