{"id":13025,"date":"2024-04-02T18:00:27","date_gmt":"2024-04-02T16:00:27","guid":{"rendered":"https:\/\/stone-heap.com\/?post_type=product&#038;p=13025"},"modified":"2025-08-02T21:43:46","modified_gmt":"2025-08-02T19:43:46","slug":"stahltraegerbruecke-kurz","status":"publish","type":"product","link":"https:\/\/stone-heap.com\/en\/shop\/pdf-bauanleitungen\/community-designer\/produkt\/stahltraegerbruecke-kurz\/","title":{"rendered":"Stahltr\u00e4gerbr\u00fccke &#8211; Kurz"},"content":{"rendered":"<p>The item offered here is a digital assembly instruction in PDF file format. <b>There are no construction elements included in the offer! <\/b>The image is a digitally created image and is only intended to represent the finished product. <span data-offset-key=\"5gq6e-0-0\">This model was created by a <a href=\"https:\/\/stone-heap.com\/en\/community-designer\/\"><strong>Community Designer <\/strong><\/a>designed. The assembly instructions have been reviewed and approved by Stone Heap. The instructions are <strong>structured differently<\/strong> like <\/span><span id=\"decorator-ignored-entity-id-41\" data-entity-key=\"41\" data-offset-key=\"5gq6e-1-0\"><span data-offset-key=\"5gq6e-1-0\">our standard PDF assembly instructions<\/span><\/span><span data-offset-key=\"5gq6e-2-0\">. <\/span><\/p>\n<p>Anzahl der ben\u00f6tigten Steine: 945<br \/>\nLevel of difficulty: Medium<br \/>\nAge recommendation: 16+<br \/>\nDesigned by: <a href=\"https:\/\/stone-heap.com\/en\/community-designer\/\">harady.bricks<\/a><\/p>\n<p>Eine klassische Stahltr\u00e4gerbr\u00fccke, wie sie oft zu finden ist. Diese kann nun auch auf deiner Anlage genutzt werden, um T\u00e4ler, Auen oder Fl\u00fcsse zu \u00fcberspannen.<br \/>\nSie hat eine L\u00e4nge von 64 Noppen.<\/p>\n<p><strong>Save 10% on your first purchase at Webrick with code \"Stoneheap\".<\/strong><\/p>\n<div class=\"steine-button\" style=\"width: 250px; padding: 10px; border: 0px solid #105F8B; border-radius: 25px; height: 45px; background-color: #105f8b;\"><a style=\"color: #fff; text-align: center; font-weight: 900;\" href=\"https:\/\/www.webrick.com\/wp_collection\/share\/t1R8hviZ5oojMGPiEufcXtKswv2ne3qo\/#aid=stoneheap\" rel=\"nofollow noopener\" target=\"_blank\"> Order parts EXTERNALLY now<\/a><\/div>\n<p>&nbsp;<\/p>","protected":false},"excerpt":{"rendered":"<p>Bei dem hier angebotenen Artikel handelt es sich um eine digitale Aufbauanleitung im PDF-Dateiformat. Es sind keine Bauelemente im Angebot enthalten! Bei der Abbildung handelt es sich um ein digital erstelltes Bild und soll lediglich das fertige Produkt darstellen. Dieses Modell wurde von einem Community Designer entworfen. Die Aufbauanleitung wurden von Stone Heap \u00fcberpr\u00fcft und [&hellip;]<\/p>","protected":false},"featured_media":13028,"comment_status":"open","ping_status":"closed","template":"","meta":[],"product_brand":[],"product_cat":[252,43],"product_tag":[28,426,50],"class_list":{"0":"post-13025","1":"product","2":"type-product","3":"status-publish","4":"has-post-thumbnail","6":"product_cat-community-designer","7":"product_cat-pdf-bauanleitungen","8":"product_tag-gebaeude","9":"product_tag-haraday-bricks","10":"product_tag-pdf-bauanleitung","12":"first","13":"instock","14":"downloadable","15":"virtual","16":"sold-individually","17":"taxable","18":"purchasable","19":"product-type-simple"},"jetpack_sharing_enabled":true,"_links":{"self":[{"href":"https:\/\/stone-heap.com\/en\/wp-json\/wp\/v2\/product\/13025","targetHints":{"allow":["GET"]}}],"collection":[{"href":"https:\/\/stone-heap.com\/en\/wp-json\/wp\/v2\/product"}],"about":[{"href":"https:\/\/stone-heap.com\/en\/wp-json\/wp\/v2\/types\/product"}],"replies":[{"embeddable":true,"href":"https:\/\/stone-heap.com\/en\/wp-json\/wp\/v2\/comments?post=13025"}],"version-history":[{"count":1,"href":"https:\/\/stone-heap.com\/en\/wp-json\/wp\/v2\/product\/13025\/revisions"}],"predecessor-version":[{"id":17187,"href":"https:\/\/stone-heap.com\/en\/wp-json\/wp\/v2\/product\/13025\/revisions\/17187"}],"wp:featuredmedia":[{"embeddable":true,"href":"https:\/\/stone-heap.com\/en\/wp-json\/wp\/v2\/media\/13028"}],"wp:attachment":[{"href":"https:\/\/stone-heap.com\/en\/wp-json\/wp\/v2\/media?parent=13025"}],"wp:term":[{"taxonomy":"product_brand","embeddable":true,"href":"https:\/\/stone-heap.com\/en\/wp-json\/wp\/v2\/product_brand?post=13025"},{"taxonomy":"product_cat","embeddable":true,"href":"https:\/\/stone-heap.com\/en\/wp-json\/wp\/v2\/product_cat?post=13025"},{"taxonomy":"product_tag","embeddable":true,"href":"https:\/\/stone-heap.com\/en\/wp-json\/wp\/v2\/product_tag?post=13025"}],"curies":[{"name":"wp","href":"https:\/\/api.w.org\/{rel}","templated":true}]}}