{"id":14284,"date":"2024-06-14T10:54:11","date_gmt":"2024-06-14T08:54:11","guid":{"rendered":"https:\/\/stone-heap.com\/?post_type=product&#038;p=14284"},"modified":"2025-09-25T12:26:26","modified_gmt":"2025-09-25T10:26:26","slug":"sbb-cargo-international-br193-a16","status":"publish","type":"product","link":"https:\/\/stone-heap.com\/en\/shop\/komplettsets\/produkt\/sbb-cargo-international-br193-a16\/","title":{"rendered":"SBB Cargo International &#8211; BR193 A16"},"content":{"rendered":"<p>The article offered here is a complete set <strong>Including clamp bricks, printed instructions and fully printed box!<\/strong><\/p>\n<p>Number of bricks: 1,934<br \/>\nLevel of difficulty: Hard<br \/>\nModellgr\u00f6\u00dfe: 45 cm x 8 cm x 12 cm<br \/>\nAge recommendation: 14+<br \/>\nMindestradius: R72<br \/>\nMotorisierungsart: min. 1x <a href=\"https:\/\/stone-heap.com\/en\/shop\/zubehoer\/produkt\/buggymotor\/\">Buggy Motor<\/a><\/p>\n<p>The BR 193 Vectron is an electric locomotive that has impressive traction power and can pull heavy loads over long distances. This locomotive is designed to offer optimal energy efficiency, resulting in lower operating costs and a reduced environmental impact.<\/p>\n<p>Die BR 193 &#8222;SBB Cargo International aus Klemmbausteinen&#8220; ist ein Set, das die ber\u00fchmte Vectron der SBB Cargo International in detailgetreuer Nachbildung darstellt. Erleben Sie w\u00e4hrend des Aufbaus die Faszination seiner au\u00dfergew\u00f6hnlichen Berglandschaft.<\/p>","protected":false},"excerpt":{"rendered":"<p>Bei dem hier angebotenen Artikel handelt es sich um ein Komplettset inklusive Klemmbausteine, bedruckte Anleitung und voll bedruckte Schachtel! Anzahl der Steine: 1.934 Schwierigkeitsgrad: schwer Modellgr\u00f6\u00dfe: 45 cm x 8 cm x 12 cm Altersempfehlung: 14+ Mindestradius: R72 Motorisierungsart: min. 1x Buggy Motor Die BR 193 Vectron ist eine elektrische Lokomotive, die \u00fcber eine beeindruckende [&hellip;]<\/p>","protected":false},"featured_media":14285,"comment_status":"open","ping_status":"closed","template":"","meta":[],"product_brand":[],"product_cat":[44,140],"product_tag":[120],"class_list":{"0":"post-14284","1":"product","2":"type-product","3":"status-publish","4":"has-post-thumbnail","6":"product_cat-komplettsets","7":"product_cat-stone-heap","8":"product_tag-komplettsets","9":"product_shipping_class-set-versand-neu","11":"first","12":"outofstock","13":"taxable","14":"shipping-taxable","15":"purchasable","16":"product-type-simple"},"jetpack_sharing_enabled":true,"_links":{"self":[{"href":"https:\/\/stone-heap.com\/en\/wp-json\/wp\/v2\/product\/14284","targetHints":{"allow":["GET"]}}],"collection":[{"href":"https:\/\/stone-heap.com\/en\/wp-json\/wp\/v2\/product"}],"about":[{"href":"https:\/\/stone-heap.com\/en\/wp-json\/wp\/v2\/types\/product"}],"replies":[{"embeddable":true,"href":"https:\/\/stone-heap.com\/en\/wp-json\/wp\/v2\/comments?post=14284"}],"version-history":[{"count":4,"href":"https:\/\/stone-heap.com\/en\/wp-json\/wp\/v2\/product\/14284\/revisions"}],"predecessor-version":[{"id":18008,"href":"https:\/\/stone-heap.com\/en\/wp-json\/wp\/v2\/product\/14284\/revisions\/18008"}],"wp:featuredmedia":[{"embeddable":true,"href":"https:\/\/stone-heap.com\/en\/wp-json\/wp\/v2\/media\/14285"}],"wp:attachment":[{"href":"https:\/\/stone-heap.com\/en\/wp-json\/wp\/v2\/media?parent=14284"}],"wp:term":[{"taxonomy":"product_brand","embeddable":true,"href":"https:\/\/stone-heap.com\/en\/wp-json\/wp\/v2\/product_brand?post=14284"},{"taxonomy":"product_cat","embeddable":true,"href":"https:\/\/stone-heap.com\/en\/wp-json\/wp\/v2\/product_cat?post=14284"},{"taxonomy":"product_tag","embeddable":true,"href":"https:\/\/stone-heap.com\/en\/wp-json\/wp\/v2\/product_tag?post=14284"}],"curies":[{"name":"wp","href":"https:\/\/api.w.org\/{rel}","templated":true}]}}