{"id":14307,"date":"2024-06-16T12:50:41","date_gmt":"2024-06-16T10:50:41","guid":{"rendered":"https:\/\/stone-heap.com\/?post_type=product&#038;p=14307"},"modified":"2025-08-02T21:43:42","modified_gmt":"2025-08-02T19:43:42","slug":"drg-br-19-0-sachsenstolz","status":"publish","type":"product","link":"https:\/\/stone-heap.com\/en\/shop\/pdf-bauanleitungen\/produkt\/drg-br-19-0-sachsenstolz\/","title":{"rendered":"DRG BR 19.0 \u201eSachsenstolz\u201c"},"content":{"rendered":"<p>The item offered here is a digital assembly instruction in PDF file format. <strong>There are no construction elements included in the offer! <\/strong>The image is a digitally created image and is only intended to represent the finished product.<\/p>\n<p>Anzahl der ben\u00f6tigten Steine: 1447<br \/>\nSchwierigkeitsgrad: \u00a0sehr schwer<br \/>\nAge recommendation: 18+<br \/>\nDesigner: <a href=\"https:\/\/stone-heap.com\/en\/ueber-uns\/andi-federhofer\/\">Andi<\/a><\/p>\n<p>In addition to the parts list, you will need the following wheels in the colour red:<\/p>\n<p>10x <a href=\"https:\/\/stone-heap.com\/en\/shop\/zubehoer\/zugraeder-zubehoer\/rot\/produkt\/s-rad-9\/\">S-Wheel 17,6 mm 9 Speichen<\/a><br \/>\n2x <a href=\"https:\/\/stone-heap.com\/en\/shop\/zubehoer\/produkt\/2x-m-rad-24mm-duenn\/\">M-Rad 24mm d\u00fcnn<\/a><br \/>\n4x <a href=\"https:\/\/stone-heap.com\/en\/shop\/pdf-bauanleitungen\/produkt\/2x-xl-rad-368mm\/\">XL-Rad 36,8 mm<\/a><br \/>\n4x <a href=\"https:\/\/stone-heap.com\/en\/shop\/pdf-bauanleitungen\/produkt\/2x-xl-rad-368mm-blind\/\">XL-Rad blind 36.8mm<\/a><\/p>\n<p>If necessary, an extension cable, depending on the motor manufacturer used.<\/p>\n<p>Die ab 1918 gebauten Dampfloks waren einst die gr\u00f6\u00dften Schnellzuglokomotiven Europas und ihr Kessel war der gr\u00f6\u00dfte bis dahin in Deutschland gebaute Dampferzeuger. Alle 23 Maschinen wurden in Chemnitz gebaut und sie blieben alle, bis auf sehr kurze Gastspiele in Stuttgart und Frankfurt Main, in Dresden Altstadt und Reichenbach beheimatet. Besonders innovativ war ihr 4 Zylinder Triebwerk, dass sich besonders im Mittelgebirge Mitteldeutschlands bew\u00e4hrte. Im Flachland viel jedoch ihr hoher Kohle verbrauch negativ auf, weshalb sie nie ihre angestammten Gebirgsstrecken (Dresden &#8211; Hof \/ Leipzig \u2013 Hof) verlie\u00dfen. Nach dem Krieg verblieben auch alle \u00fcberlebende Fahrzeuge der in Baureihe 19 umgezeichneten Maschinen in Ostdeutschland. Aufgrund der raschen Elektrifizierung des Mittelgebirges w\u00fcrden die eindrucksvollen Dampflokomotiven bis 1967 ausgemustert. Die 19 017 blieb uns im BW Dresden Altstadt als gepflegte Museumslok erhalten.<\/p>\n<p>Das Modell zeigt den Zustand der Deutschen Reichsbahn Gesellschaft und sp\u00e4ter der Reichsbahn der DDR, motorisieren kann man sie mit zwei L-Motoren, Fahrbar ist sie ab Radius R72, ein Rauchgenerator kann ebenfalls verbaut werden.<br \/>\nDiesen k\u00f6nnen Sie hier erwerben: <a href=\"https:\/\/joooooy.com\/products\/1pcs-fogger?_pos=1&amp;_sid=20125db98&amp;_ss=r\" target=\"_blank\" rel=\"nofollow noopener\">www.joooooy.com<\/a><\/p>\n<p><strong>Save 10% on your first purchase at Webrick with code \"Stoneheap\".<\/strong><\/p>\n<div class=\"steine-button\" style=\"width: 250px; padding: 10px; border: 0px solid #105F8B; border-radius: 25px; height: 45px; background-color: #105f8b;\"><a style=\"color: #fff; text-align: center; font-weight: 900;\" href=\"https:\/\/www.webrick.com\/wp_collection\/share\/lOC6bKSCLnAY0a65N4uVcOhDh9h9KGDC\/#aid=stoneheap\" rel=\"nofollow noopener\" target=\"_blank\"> Order parts EXTERNALLY now<\/a><\/div>\n<p>&nbsp;<\/p>","protected":false},"excerpt":{"rendered":"<p>Bei dem hier angebotenen Artikel handelt es sich um eine digitale Aufbauanleitung im PDF-Dateiformat. Es sind keine Bauelemente im Angebot enthalten! Bei der Abbildung handelt es sich um ein digital erstelltes Bild und soll lediglich das fertige Produkt darstellen. Anzahl der ben\u00f6tigten Steine: 1447 Schwierigkeitsgrad: \u00a0sehr schwer Altersempfehlung: 18+ Designer: Andi Zus\u00e4tzlich zur Teileliste ben\u00f6tigt [&hellip;]<\/p>","protected":false},"featured_media":14312,"comment_status":"open","ping_status":"closed","template":"","meta":[],"product_brand":[],"product_cat":[43,66,69],"product_tag":[16,30],"class_list":{"0":"post-14307","1":"product","2":"type-product","3":"status-publish","4":"has-post-thumbnail","6":"product_cat-pdf-bauanleitungen","7":"product_cat-pdf-bauanleitungen-pro","8":"product_cat-dampfloks","9":"product_tag-8-noppen","10":"product_tag-dampflok","12":"first","13":"instock","14":"downloadable","15":"virtual","16":"sold-individually","17":"taxable","18":"purchasable","19":"product-type-simple"},"jetpack_sharing_enabled":true,"_links":{"self":[{"href":"https:\/\/stone-heap.com\/en\/wp-json\/wp\/v2\/product\/14307","targetHints":{"allow":["GET"]}}],"collection":[{"href":"https:\/\/stone-heap.com\/en\/wp-json\/wp\/v2\/product"}],"about":[{"href":"https:\/\/stone-heap.com\/en\/wp-json\/wp\/v2\/types\/product"}],"replies":[{"embeddable":true,"href":"https:\/\/stone-heap.com\/en\/wp-json\/wp\/v2\/comments?post=14307"}],"version-history":[{"count":1,"href":"https:\/\/stone-heap.com\/en\/wp-json\/wp\/v2\/product\/14307\/revisions"}],"predecessor-version":[{"id":17180,"href":"https:\/\/stone-heap.com\/en\/wp-json\/wp\/v2\/product\/14307\/revisions\/17180"}],"wp:featuredmedia":[{"embeddable":true,"href":"https:\/\/stone-heap.com\/en\/wp-json\/wp\/v2\/media\/14312"}],"wp:attachment":[{"href":"https:\/\/stone-heap.com\/en\/wp-json\/wp\/v2\/media?parent=14307"}],"wp:term":[{"taxonomy":"product_brand","embeddable":true,"href":"https:\/\/stone-heap.com\/en\/wp-json\/wp\/v2\/product_brand?post=14307"},{"taxonomy":"product_cat","embeddable":true,"href":"https:\/\/stone-heap.com\/en\/wp-json\/wp\/v2\/product_cat?post=14307"},{"taxonomy":"product_tag","embeddable":true,"href":"https:\/\/stone-heap.com\/en\/wp-json\/wp\/v2\/product_tag?post=14307"}],"curies":[{"name":"wp","href":"https:\/\/api.w.org\/{rel}","templated":true}]}}