{"id":14317,"date":"2024-06-16T13:18:39","date_gmt":"2024-06-16T11:18:39","guid":{"rendered":"https:\/\/stone-heap.com\/?post_type=product&#038;p=14317"},"modified":"2025-08-02T21:43:42","modified_gmt":"2025-08-02T19:43:42","slug":"br-182-taurus","status":"publish","type":"product","link":"https:\/\/stone-heap.com\/en\/shop\/pdf-bauanleitungen\/community-designer\/produkt\/br-182-taurus\/","title":{"rendered":"BR 182 &#8222;Taurus&#8220;"},"content":{"rendered":"<p>The item offered here is a digital assembly instruction in PDF file format. <b>There are no construction elements included in the offer! <\/b>The image is a digitally created image and is only intended to represent the finished product. <span data-offset-key=\"5gq6e-0-0\">This model was created by a <a href=\"https:\/\/stone-heap.com\/en\/community-designer\/\"><strong>Community Designer <\/strong><\/a>designed. The assembly instructions have been reviewed and approved by Stone Heap. The instructions are <strong>structured differently<\/strong> like <\/span><span id=\"decorator-ignored-entity-id-41\" data-entity-key=\"41\" data-offset-key=\"5gq6e-1-0\"><span data-offset-key=\"5gq6e-1-0\">our standard PDF assembly instructions<\/span><\/span><span data-offset-key=\"5gq6e-2-0\">. <\/span><\/p>\n<p>Anzahl der ben\u00f6tigten Steine: 919<br \/>\nLevel of difficulty: Hard<br \/>\nAge recommendation: 16+<br \/>\nDesigned by: <a href=\"https:\/\/stone-heap.com\/en\/community-designer\/\">Klemmie<\/a><\/p>\n<p>Die BR 182 oder auch Taurus wird sowohl als Personenzug als auch als G\u00fcterzug eingesetzt. Sie wird in vielen verschiedenen L\u00e4ndern wie Deutschland, der Schweiz oder \u00d6sterreich verwendet, vertrieben, hergestellt und entwickelt , wird die BR 182 von Siemens als Siemens &#8222;ES64U&#8220;.<\/p>\n<p><strong>Save 10% on your first purchase at Webrick with code \"Stoneheap\".<\/strong><\/p>\n<div class=\"steine-button\" style=\"width: 250px; padding: 10px; border: 0px solid #105F8B; border-radius: 25px; height: 45px; background-color: #105f8b;\"><a style=\"color: #fff; text-align: center; font-weight: 900;\" href=\"https:\/\/www.webrick.com\/wp_collection\/share\/SwCMXjIA5IjESTkuW5qh9SSSXEFMpsMR\/#aid=stoneheap\" rel=\"nofollow noopener\" target=\"_blank\"> Order parts EXTERNALLY now<\/a><\/div>\n<p>&nbsp;<\/p>","protected":false},"excerpt":{"rendered":"<p>Bei dem hier angebotenen Artikel handelt es sich um eine digitale Aufbauanleitung im PDF-Dateiformat. Es sind keine Bauelemente im Angebot enthalten! Bei der Abbildung handelt es sich um ein digital erstelltes Bild und soll lediglich das fertige Produkt darstellen. Dieses Modell wurde von einem Community Designer entworfen. Die Aufbauanleitung wurden von Stone Heap \u00fcberpr\u00fcft und [&hellip;]<\/p>","protected":false},"featured_media":14340,"comment_status":"open","ping_status":"closed","template":"","meta":[],"product_brand":[],"product_cat":[252,66,90,43],"product_tag":[16,21,477,50],"class_list":{"0":"post-14317","1":"product","2":"type-product","3":"status-publish","4":"has-post-thumbnail","6":"product_cat-community-designer","7":"product_cat-pdf-bauanleitungen-pro","8":"product_cat-elektroloks-pdf-bauanleitungen-profi","9":"product_cat-pdf-bauanleitungen","10":"product_tag-8-noppen","11":"product_tag-elektrolok","12":"product_tag-klemmie","13":"product_tag-pdf-bauanleitung","15":"first","16":"instock","17":"downloadable","18":"virtual","19":"sold-individually","20":"taxable","21":"purchasable","22":"product-type-simple"},"jetpack_sharing_enabled":true,"_links":{"self":[{"href":"https:\/\/stone-heap.com\/en\/wp-json\/wp\/v2\/product\/14317","targetHints":{"allow":["GET"]}}],"collection":[{"href":"https:\/\/stone-heap.com\/en\/wp-json\/wp\/v2\/product"}],"about":[{"href":"https:\/\/stone-heap.com\/en\/wp-json\/wp\/v2\/types\/product"}],"replies":[{"embeddable":true,"href":"https:\/\/stone-heap.com\/en\/wp-json\/wp\/v2\/comments?post=14317"}],"version-history":[{"count":1,"href":"https:\/\/stone-heap.com\/en\/wp-json\/wp\/v2\/product\/14317\/revisions"}],"predecessor-version":[{"id":17179,"href":"https:\/\/stone-heap.com\/en\/wp-json\/wp\/v2\/product\/14317\/revisions\/17179"}],"wp:featuredmedia":[{"embeddable":true,"href":"https:\/\/stone-heap.com\/en\/wp-json\/wp\/v2\/media\/14340"}],"wp:attachment":[{"href":"https:\/\/stone-heap.com\/en\/wp-json\/wp\/v2\/media?parent=14317"}],"wp:term":[{"taxonomy":"product_brand","embeddable":true,"href":"https:\/\/stone-heap.com\/en\/wp-json\/wp\/v2\/product_brand?post=14317"},{"taxonomy":"product_cat","embeddable":true,"href":"https:\/\/stone-heap.com\/en\/wp-json\/wp\/v2\/product_cat?post=14317"},{"taxonomy":"product_tag","embeddable":true,"href":"https:\/\/stone-heap.com\/en\/wp-json\/wp\/v2\/product_tag?post=14317"}],"curies":[{"name":"wp","href":"https:\/\/api.w.org\/{rel}","templated":true}]}}