{"id":14401,"date":"2024-06-24T22:21:26","date_gmt":"2024-06-24T20:21:26","guid":{"rendered":"https:\/\/stone-heap.com\/?post_type=product&#038;p=14401"},"modified":"2025-08-02T21:43:40","modified_gmt":"2025-08-02T19:43:40","slug":"klima-schneepflug-typ-meiningen","status":"publish","type":"product","link":"https:\/\/stone-heap.com\/en\/shop\/pdf-bauanleitungen\/produkt\/klima-schneepflug-typ-meiningen\/","title":{"rendered":"Klima-Schneepflug Typ Meiningen"},"content":{"rendered":"<p>The item offered here is a digital assembly instruction in PDF file format. <b>There are no construction elements included in the offer! <\/b>The image is a digitally created image and is only intended to represent the finished product.<\/p>\n<p>Anzahl der ben\u00f6tigten Steine: 827<br \/>\nLevel of difficulty: Medium<br \/>\nAge recommendation: 12+<br \/>\nDesigned by: <a href=\"https:\/\/stone-heap.com\/en\/community-designer\/\">TW Bricks<\/a><\/p>\n<p>In den Jahren 1968 bis 1981 wurden f\u00fcr die Deutsche Reichsbahn neue Klima-Schneepfl\u00fcge gefertigt. Da diese haupts\u00e4chlich im Reichbahnausbesserungswerk Meiningen hergestellt wurden erhielten Sie die Bezeichnung Typ Meiningen. Dabei handelt es sich allerdings nicht um komplette Neubauten. Als Basis dienten Einheits-Schlepptender der Bauart T2\u20182\u2018 T32. Auf den vorhandenen Rahmen und Drehgestellen wurde ein neuer Aufbau aufgesetzt. Diese Schneepfl\u00fcge haben keinen eigenen Antrieb und m\u00fcssen von einer Lokomotive geschoben werden. Zu diesem Zweck verf\u00fcgte die erste Serie von 50 St\u00fcck am Heck \u00fcber eine Signalanlage, mit welcher Fahrbefehle an den Lokf\u00fchrer des schiebenden Fahrzeuges \u00fcbermittelt wurden konnten. Sp\u00e4ter gebaute Exemplare erhielten eine Wechselsprechanlage und die Signalanlage entfiel. Im Inneren befinden sich neben dem F\u00fchrerstand ein kleiner Aufenthaltsraum, Bremsluft-Trocknungsanlage, Stromaggregate und Balastgewichte aus Beton. Die Bezeichnung Klima-Schneepflug ist ein Gattungsbegriff und ist benannt nach seinem Erfinder Rudolf Klima.<\/p>\n<p>Das Modell zeigt einen Schneepflug Typ Meiningen der ersten Serie mit Signalanlage am Heck und passt zu 8 Noppen breiten Z\u00fcgen. Durch den Pflugschild hat das Modell \u00dcberbreite. Die Seitenr\u00e4umfl\u00fcgel sind ausschwenkbar. Eine Motorisierung ist, vorbildgerecht, nicht vorgesehen. Das Modell passt auf Standardschienen mit 6 Noppen Spurbreite. Der F\u00fchrerstand verf\u00fcgt \u00fcber eine simple Inneneinrichtung.<\/p>\n<p><strong>Save 10% on your first purchase at Webrick with code \"Stoneheap\".<\/strong><\/p>\n<div class=\"steine-button\" style=\"width: 250px; padding: 10px; border: 0px solid #105F8B; border-radius: 25px; height: 45px; background-color: #105f8b;\"><a style=\"color: #fff; text-align: center; font-weight: 900;\" href=\"https:\/\/www.webrick.com\/wp_collection\/share\/eEznI14QqsaRtbaeeP1r8R9y6swsskMT\/#aid=stoneheap\" rel=\"nofollow noopener\" target=\"_blank\"> Order parts EXTERNALLY now<\/a><\/div>\n<p>&nbsp;<\/p>","protected":false},"excerpt":{"rendered":"<p>Bei dem hier angebotenen Artikel handelt es sich um eine digitale Aufbauanleitung im PDF-Dateiformat. Es sind keine Bauelemente im Angebot enthalten! Bei der Abbildung handelt es sich um ein digital erstelltes Bild und soll lediglich das fertige Produkt darstellen. Anzahl der ben\u00f6tigten Steine: 827 Schwierigkeitsgrad: mittel Altersempfehlung: 12+ Designt by: TW Bricks In den Jahren [&hellip;]<\/p>","protected":false},"featured_media":14405,"comment_status":"open","ping_status":"closed","template":"","meta":[],"product_brand":[],"product_cat":[43,91,252],"product_tag":[16,50,428],"class_list":{"0":"post-14401","1":"product","2":"type-product","3":"status-publish","4":"has-post-thumbnail","6":"product_cat-pdf-bauanleitungen","7":"product_cat-dieselloks-pdf-bauanleitungen-profi","8":"product_cat-community-designer","9":"product_tag-8-noppen","10":"product_tag-pdf-bauanleitung","11":"product_tag-tw-bricks","13":"first","14":"instock","15":"downloadable","16":"virtual","17":"sold-individually","18":"taxable","19":"purchasable","20":"product-type-simple"},"jetpack_sharing_enabled":true,"_links":{"self":[{"href":"https:\/\/stone-heap.com\/en\/wp-json\/wp\/v2\/product\/14401","targetHints":{"allow":["GET"]}}],"collection":[{"href":"https:\/\/stone-heap.com\/en\/wp-json\/wp\/v2\/product"}],"about":[{"href":"https:\/\/stone-heap.com\/en\/wp-json\/wp\/v2\/types\/product"}],"replies":[{"embeddable":true,"href":"https:\/\/stone-heap.com\/en\/wp-json\/wp\/v2\/comments?post=14401"}],"version-history":[{"count":1,"href":"https:\/\/stone-heap.com\/en\/wp-json\/wp\/v2\/product\/14401\/revisions"}],"predecessor-version":[{"id":17174,"href":"https:\/\/stone-heap.com\/en\/wp-json\/wp\/v2\/product\/14401\/revisions\/17174"}],"wp:featuredmedia":[{"embeddable":true,"href":"https:\/\/stone-heap.com\/en\/wp-json\/wp\/v2\/media\/14405"}],"wp:attachment":[{"href":"https:\/\/stone-heap.com\/en\/wp-json\/wp\/v2\/media?parent=14401"}],"wp:term":[{"taxonomy":"product_brand","embeddable":true,"href":"https:\/\/stone-heap.com\/en\/wp-json\/wp\/v2\/product_brand?post=14401"},{"taxonomy":"product_cat","embeddable":true,"href":"https:\/\/stone-heap.com\/en\/wp-json\/wp\/v2\/product_cat?post=14401"},{"taxonomy":"product_tag","embeddable":true,"href":"https:\/\/stone-heap.com\/en\/wp-json\/wp\/v2\/product_tag?post=14401"}],"curies":[{"name":"wp","href":"https:\/\/api.w.org\/{rel}","templated":true}]}}