{"id":14421,"date":"2024-06-25T17:00:13","date_gmt":"2024-06-25T15:00:13","guid":{"rendered":"https:\/\/stone-heap.com\/?post_type=product&#038;p=14421"},"modified":"2025-08-02T21:43:40","modified_gmt":"2025-08-02T19:43:40","slug":"renault-133-14","status":"publish","type":"product","link":"https:\/\/stone-heap.com\/en\/shop\/pdf-bauanleitungen\/produkt\/renault-133-14\/","title":{"rendered":"Renault 133.14"},"content":{"rendered":"<p>The item offered here is a digital assembly instruction in PDF file format. <b>There are no construction elements included in the offer! <\/b>The image is a digitally created image and is only intended to represent the finished product. <span data-offset-key=\"5gq6e-0-0\">This model was created by a <a href=\"https:\/\/stone-heap.com\/en\/community-designer\/\"><strong>Community Designer <\/strong><\/a>designed. The assembly instructions have been reviewed and approved by Stone Heap. The instructions are <strong>structured differently<\/strong> like <\/span><span id=\"decorator-ignored-entity-id-41\" data-entity-key=\"41\" data-offset-key=\"5gq6e-1-0\"><span data-offset-key=\"5gq6e-1-0\">our standard PDF assembly instructions<\/span><\/span><span data-offset-key=\"5gq6e-2-0\">. <\/span><\/p>\n<p>Anzahl der ben\u00f6tigten Steine: 165<br \/>\nLevel of difficulty: Medium<br \/>\nAge recommendation: 8+<br \/>\nDesigned by: <a href=\"https:\/\/stone-heap.com\/en\/community-designer\/\">Stonehinge \u2013 Bricks<\/a><\/p>\n<p>Dieser \u00e4ltere Traktor des franz\u00f6sischen Herstellers Renault ist mit seinen 122 PS in der mittleren Klasse der Renault Traktoren zu angesiedelt. Der Youngtimer wurde von 1986 \u2013 1989 gebaut. Ab und zu sieht man Diese orangenen Schlepper noch auf dem Acker arbeiten. Er verf\u00fcgt \u00fcber eine Heck-Hydraulik mit angedeutetem Oberlenker. Vorn ist die Front-Hydraulik angedeutet. Auf 2 H\u00f6hen befinden sich hinten Anh\u00e4ngerkupplungen f\u00fcr die Aufnahme von verschiedenen Arbeitsger\u00e4ten. Ein Bedienpult im Innenraum ist vorhanden, ebenso ein Lenkrad.<\/p>\n<p><strong>Save 10% on your first purchase at Webrick with code \"Stoneheap\".<\/strong><\/p>\n<div class=\"steine-button\" style=\"width: 250px; padding: 10px; border: 0px solid #105F8B; border-radius: 25px; height: 45px; background-color: #105f8b;\"><a style=\"color: #fff; text-align: center; font-weight: 900;\" href=\"https:\/\/www.webrick.com\/wp_collection\/share\/5gYmtPaThDpPA4JcPMh6e2Yx5UxSnp2T\/#aid=stoneheap\" rel=\"nofollow noopener\" target=\"_blank\"> Order parts EXTERNALLY now<\/a><\/div>\n<p>&nbsp;<\/p>","protected":false},"excerpt":{"rendered":"<p>Bei dem hier angebotenen Artikel handelt es sich um eine digitale Aufbauanleitung im PDF-Dateiformat. Es sind keine Bauelemente im Angebot enthalten! Bei der Abbildung handelt es sich um ein digital erstelltes Bild und soll lediglich das fertige Produkt darstellen. Dieses Modell wurde von einem Community Designer entworfen. Die Aufbauanleitung wurden von Stone Heap \u00fcberpr\u00fcft und [&hellip;]<\/p>","protected":false},"featured_media":14425,"comment_status":"open","ping_status":"closed","template":"","meta":[],"product_brand":[],"product_cat":[43,252],"product_tag":[244,50,478,479],"class_list":{"0":"post-14421","1":"product","2":"type-product","3":"status-publish","4":"has-post-thumbnail","6":"product_cat-pdf-bauanleitungen","7":"product_cat-community-designer","8":"product_tag-fahrzeug","9":"product_tag-pdf-bauanleitung","10":"product_tag-stonehinge-bricks","11":"product_tag-traktor","13":"first","14":"instock","15":"downloadable","16":"virtual","17":"sold-individually","18":"taxable","19":"purchasable","20":"product-type-simple"},"jetpack_sharing_enabled":true,"_links":{"self":[{"href":"https:\/\/stone-heap.com\/en\/wp-json\/wp\/v2\/product\/14421","targetHints":{"allow":["GET"]}}],"collection":[{"href":"https:\/\/stone-heap.com\/en\/wp-json\/wp\/v2\/product"}],"about":[{"href":"https:\/\/stone-heap.com\/en\/wp-json\/wp\/v2\/types\/product"}],"replies":[{"embeddable":true,"href":"https:\/\/stone-heap.com\/en\/wp-json\/wp\/v2\/comments?post=14421"}],"version-history":[{"count":1,"href":"https:\/\/stone-heap.com\/en\/wp-json\/wp\/v2\/product\/14421\/revisions"}],"predecessor-version":[{"id":17172,"href":"https:\/\/stone-heap.com\/en\/wp-json\/wp\/v2\/product\/14421\/revisions\/17172"}],"wp:featuredmedia":[{"embeddable":true,"href":"https:\/\/stone-heap.com\/en\/wp-json\/wp\/v2\/media\/14425"}],"wp:attachment":[{"href":"https:\/\/stone-heap.com\/en\/wp-json\/wp\/v2\/media?parent=14421"}],"wp:term":[{"taxonomy":"product_brand","embeddable":true,"href":"https:\/\/stone-heap.com\/en\/wp-json\/wp\/v2\/product_brand?post=14421"},{"taxonomy":"product_cat","embeddable":true,"href":"https:\/\/stone-heap.com\/en\/wp-json\/wp\/v2\/product_cat?post=14421"},{"taxonomy":"product_tag","embeddable":true,"href":"https:\/\/stone-heap.com\/en\/wp-json\/wp\/v2\/product_tag?post=14421"}],"curies":[{"name":"wp","href":"https:\/\/api.w.org\/{rel}","templated":true}]}}