{"id":15274,"date":"2024-11-24T00:43:34","date_gmt":"2024-11-23T23:43:34","guid":{"rendered":"https:\/\/stone-heap.com\/?post_type=product&#038;p=15274"},"modified":"2026-02-02T23:05:38","modified_gmt":"2026-02-02T22:05:38","slug":"db-br-146-2-185-185-2-traxx-3-in-1","status":"publish","type":"product","link":"https:\/\/stone-heap.com\/en\/shop\/komplettsets\/produkt\/db-br-146-2-185-185-2-traxx-3-in-1\/","title":{"rendered":"DB BR 146.2\/185\/185.2 Traxx 3 in 1"},"content":{"rendered":"<p>The article offered here is a complete set <strong>Including clamp bricks, printed instructions and fully printed box!<\/strong><\/p>\n<p>Number of bricks: 1,548<br \/>\nLevel of difficulty: Medium<br \/>\nModellgr\u00f6\u00dfe: 41 cm x 8 cm x 12 cm<br \/>\nAge recommendation: 14+<br \/>\nMindestradius: R40<br \/>\nMotorisierungsart: min. 1x <a href=\"https:\/\/stone-heap.com\/en\/shop\/zubehoer\/produkt\/buggymotor\/\">Buggy Motor<\/a><\/p>\n<p>The BR 146.2, 185 and 185.2 Traxx are versatile electric locomotives that have been developed for use in both passenger and freight transport. With impressive traction performance and high reliability, they effortlessly handle heavy loads and fast regional connections while offering optimum energy efficiency and operational safety.<\/p>\n<p>Das &#8222;3-in-1 Traxx Set aus Klemmbausteinen&#8220; erm\u00f6glicht es Ihnen, gleich drei Varianten dieser ber\u00fchmten DB-Lokomotiven zu bauen: die BR 146.2 f\u00fcr den Regionalverkehr sowie die BR 185 und BR 185.2 f\u00fcr den G\u00fctertransport. Jedes Modell ist detailgetreu gestaltet und l\u00e4sst Sie die Faszination dieser Lokomotiven hautnah erleben. Tauchen Sie ein in die Welt der Eisenbahntechnik und genie\u00dfen Sie den kreativen Bauprozess, der die Vielfalt und Vielseitigkeit der Traxx-Baureihe auf beeindruckende Weise widerspiegelt.<\/p>\n<p>&nbsp;<\/p>","protected":false},"excerpt":{"rendered":"<p>Bei dem hier angebotenen Artikel handelt es sich um ein Komplettset inklusive Klemmbausteine, bedruckte Anleitung und voll bedruckte Schachtel! Anzahl der Steine: 1.548 Schwierigkeitsgrad: mittel Modellgr\u00f6\u00dfe: 41 cm x 8 cm x 12 cm Altersempfehlung: 14+ Mindestradius: R40 Motorisierungsart: min. 1x Buggy Motor Die BR 146.2, 185 und 185.2 Traxx sind vielseitige elektrische Lokomotiven, die [&hellip;]<\/p>","protected":false},"featured_media":15332,"comment_status":"open","ping_status":"closed","template":"","meta":[],"product_brand":[],"product_cat":[44,555,140],"product_tag":[120],"class_list":{"0":"post-15274","1":"product","2":"type-product","3":"status-publish","4":"has-post-thumbnail","6":"product_cat-komplettsets","7":"product_cat-eisenbahn","8":"product_cat-stone-heap","9":"product_tag-komplettsets","10":"product_shipping_class-set-versand-neu","12":"first","13":"outofstock","14":"taxable","15":"shipping-taxable","16":"product-type-simple"},"jetpack_sharing_enabled":true,"_links":{"self":[{"href":"https:\/\/stone-heap.com\/en\/wp-json\/wp\/v2\/product\/15274","targetHints":{"allow":["GET"]}}],"collection":[{"href":"https:\/\/stone-heap.com\/en\/wp-json\/wp\/v2\/product"}],"about":[{"href":"https:\/\/stone-heap.com\/en\/wp-json\/wp\/v2\/types\/product"}],"replies":[{"embeddable":true,"href":"https:\/\/stone-heap.com\/en\/wp-json\/wp\/v2\/comments?post=15274"}],"version-history":[{"count":5,"href":"https:\/\/stone-heap.com\/en\/wp-json\/wp\/v2\/product\/15274\/revisions"}],"predecessor-version":[{"id":21136,"href":"https:\/\/stone-heap.com\/en\/wp-json\/wp\/v2\/product\/15274\/revisions\/21136"}],"wp:featuredmedia":[{"embeddable":true,"href":"https:\/\/stone-heap.com\/en\/wp-json\/wp\/v2\/media\/15332"}],"wp:attachment":[{"href":"https:\/\/stone-heap.com\/en\/wp-json\/wp\/v2\/media?parent=15274"}],"wp:term":[{"taxonomy":"product_brand","embeddable":true,"href":"https:\/\/stone-heap.com\/en\/wp-json\/wp\/v2\/product_brand?post=15274"},{"taxonomy":"product_cat","embeddable":true,"href":"https:\/\/stone-heap.com\/en\/wp-json\/wp\/v2\/product_cat?post=15274"},{"taxonomy":"product_tag","embeddable":true,"href":"https:\/\/stone-heap.com\/en\/wp-json\/wp\/v2\/product_tag?post=15274"}],"curies":[{"name":"wp","href":"https:\/\/api.w.org\/{rel}","templated":true}]}}