{"id":15318,"date":"2024-11-26T16:13:51","date_gmt":"2024-11-26T15:13:51","guid":{"rendered":"https:\/\/stone-heap.com\/?post_type=product&#038;p=15318"},"modified":"2026-02-02T15:17:54","modified_gmt":"2026-02-02T14:17:54","slug":"dorfkirche","status":"publish","type":"product","link":"https:\/\/stone-heap.com\/en\/shop\/komplettsets\/produkt\/dorfkirche\/","title":{"rendered":"The village church"},"content":{"rendered":"<p>The article offered here is a complete set <strong>Including clamp bricks, printed instructions and fully printed box! <\/strong><\/p>\n<p>Anzahl der Steine: 867<br \/>\nLevel of difficulty: Medium<br \/>\nModellgr\u00f6\u00dfe: 22 cm x 18 cm x 14 cm<br \/>\nAge recommendation: 10+<\/p>\n<p>Tauchen Sie ein in die Geschichte vom idyllischen Dorf Mollmannsdorf in dem die Erfolgsgeschichte von Stone Heap begann. Dieses liebevoll gestaltete Klemmbaustein-Set der Dorfkirche ist mehr als nur ein Bauprojekt \u2013 es ist eine Hommage an unsere Wurzeln und eine Einladung, ein bedeutendes St\u00fcck Tradition Stein f\u00fcr Stein zu erschaffen.<\/p>\n<p>Die Dorfkirche von Mollmannsdorf, mit seinem detailgetreu nachgebildetem Turm, kunstvollen Fenstern und dem sch\u00f6nem Dach, ist ein Ausdruck der einzigartigen Sch\u00f6nheit, die dieses Dorf ausstrahlt. Jedes Bauteil wurde mit Sorgfalt entworfen, um die Atmosph\u00e4re und den Charme dieses historischen Bauwerks einzufangen.<\/p>\n<p>Dieses Set erinnert an die Anf\u00e4nge von Stone Heap, wo aus einer kleinen Idee eine europaweiten Leidenschaft f\u00fcr kreativen Modellbau entstand. Mit dieser Nachbildung holen Sie sich nicht nur ein St\u00fcck Architekturgeschichte nach Hause, sondern auch die Magie und Inspiration eines Ortes, der unsere Reise gepr\u00e4gt hat.<\/p>\n<p>&nbsp;<\/p>\n<p>&nbsp;<\/p>","protected":false},"excerpt":{"rendered":"<p>Bei dem hier angebotenen Artikel handelt es sich um ein Komplettset inklusive Klemmbausteine, bedruckte Anleitung und voll bedruckte Schachtel! Anzahl der Steine: 867 Schwierigkeitsgrad: mittel Modellgr\u00f6\u00dfe: 22 cm x 18 cm x 14 cm Altersempfehlung: 10+ Tauchen Sie ein in die Geschichte vom idyllischen Dorf Mollmannsdorf in dem die Erfolgsgeschichte von Stone Heap begann. Dieses [&hellip;]<\/p>","protected":false},"featured_media":15593,"comment_status":"open","ping_status":"closed","template":"","meta":[],"product_brand":[],"product_cat":[44,140],"product_tag":[120],"class_list":{"0":"post-15318","1":"product","2":"type-product","3":"status-publish","4":"has-post-thumbnail","6":"product_cat-komplettsets","7":"product_cat-stone-heap","8":"product_tag-komplettsets","9":"product_shipping_class-set-versand-neu","11":"first","12":"outofstock","13":"sale","14":"taxable","15":"shipping-taxable","16":"purchasable","17":"product-type-simple"},"jetpack_sharing_enabled":true,"_links":{"self":[{"href":"https:\/\/stone-heap.com\/en\/wp-json\/wp\/v2\/product\/15318","targetHints":{"allow":["GET"]}}],"collection":[{"href":"https:\/\/stone-heap.com\/en\/wp-json\/wp\/v2\/product"}],"about":[{"href":"https:\/\/stone-heap.com\/en\/wp-json\/wp\/v2\/types\/product"}],"replies":[{"embeddable":true,"href":"https:\/\/stone-heap.com\/en\/wp-json\/wp\/v2\/comments?post=15318"}],"version-history":[{"count":3,"href":"https:\/\/stone-heap.com\/en\/wp-json\/wp\/v2\/product\/15318\/revisions"}],"predecessor-version":[{"id":18371,"href":"https:\/\/stone-heap.com\/en\/wp-json\/wp\/v2\/product\/15318\/revisions\/18371"}],"wp:featuredmedia":[{"embeddable":true,"href":"https:\/\/stone-heap.com\/en\/wp-json\/wp\/v2\/media\/15593"}],"wp:attachment":[{"href":"https:\/\/stone-heap.com\/en\/wp-json\/wp\/v2\/media?parent=15318"}],"wp:term":[{"taxonomy":"product_brand","embeddable":true,"href":"https:\/\/stone-heap.com\/en\/wp-json\/wp\/v2\/product_brand?post=15318"},{"taxonomy":"product_cat","embeddable":true,"href":"https:\/\/stone-heap.com\/en\/wp-json\/wp\/v2\/product_cat?post=15318"},{"taxonomy":"product_tag","embeddable":true,"href":"https:\/\/stone-heap.com\/en\/wp-json\/wp\/v2\/product_tag?post=15318"}],"curies":[{"name":"wp","href":"https:\/\/api.w.org\/{rel}","templated":true}]}}