{"id":15393,"date":"2024-12-09T10:58:32","date_gmt":"2024-12-09T09:58:32","guid":{"rendered":"https:\/\/stone-heap.com\/?post_type=product&#038;p=15393"},"modified":"2025-09-25T00:01:52","modified_gmt":"2025-09-24T22:01:52","slug":"littlechild-tiere","status":"publish","type":"product","link":"https:\/\/stone-heap.com\/en\/shop\/zubehoer\/produkt\/littlechild-tiere\/","title":{"rendered":"Littlechild animals"},"content":{"rendered":"<p><strong>Animal figures from all over the world - for big and small explorers<\/strong><\/p>\n<p>Discover a colourful selection of animal figures from all over the world that are perfect for children's hands! From the majestic T-Rex to the mighty lion to the cute koala - these figures bring the animal world directly into the nursery. They playfully encourage imagination, creativity and an understanding of the diversity of our natural world. These animal figures are compatible with large building blocks from leading brands so that they can be seamlessly integrated into existing play worlds. Whether in the jungle, on the farm or in the savannah - with this versatile set, there are no limits to the imagination!<\/p>","protected":false},"excerpt":{"rendered":"<p>Tierfiguren aus aller Welt \u2013 f\u00fcr gro\u00dfe und kleine Entdecker Entdecken Sie eine bunte Auswahl an Tierfiguren aus der ganzen Welt, die perfekt f\u00fcr Kinderh\u00e4nde gemacht sind! Von dem majest\u00e4tischen T-Rex \u00fcber den m\u00e4chtigen L\u00f6wen bis hin zum niedlichen Koala \u2013 diese Figuren bringen die Tierwelt direkt ins Kinderzimmer. Sie f\u00f6rdern spielerisch Fantasie, Kreativit\u00e4t und [&hellip;]<\/p>","protected":false},"featured_media":15423,"comment_status":"open","ping_status":"closed","template":"","meta":[],"product_brand":[],"product_cat":[98,553,513],"product_tag":[480],"class_list":{"0":"post-15393","1":"product","2":"type-product","3":"status-publish","4":"has-post-thumbnail","6":"product_cat-zubehoer","7":"product_cat-little-child","8":"product_cat-littlechild","9":"product_tag-littlechild","10":"product_shipping_class-kleinartikel-versand","11":"pa_set-affe","12":"pa_set-baby-baer","13":"pa_set-baby-loewe","14":"pa_set-baby-reh","15":"pa_set-baby-tiger","16":"pa_set-brontosaurus","17":"pa_set-ente","18":"pa_set-eule","19":"pa_set-flamingo","20":"pa_set-hahn","21":"pa_set-katze-sitzend","22":"pa_set-katze-stehend","23":"pa_set-koala","24":"pa_set-kuh","25":"pa_set-loewe","26":"pa_set-pferd-schwarz","27":"pa_set-pferd-weiss","28":"pa_set-pinguin","29":"pa_set-schaf","30":"pa_set-seeloewe","31":"pa_set-t-rex","32":"pa_set-triceratops","33":"pa_set-vogel","34":"pa_set-waal","35":"pa_set-welpe-beige","36":"pa_set-welpe-braun","37":"pa_set-ziege","39":"first","40":"instock","41":"taxable","42":"shipping-taxable","43":"purchasable","44":"product-type-variable"},"jetpack_sharing_enabled":true,"_links":{"self":[{"href":"https:\/\/stone-heap.com\/en\/wp-json\/wp\/v2\/product\/15393","targetHints":{"allow":["GET"]}}],"collection":[{"href":"https:\/\/stone-heap.com\/en\/wp-json\/wp\/v2\/product"}],"about":[{"href":"https:\/\/stone-heap.com\/en\/wp-json\/wp\/v2\/types\/product"}],"replies":[{"embeddable":true,"href":"https:\/\/stone-heap.com\/en\/wp-json\/wp\/v2\/comments?post=15393"}],"version-history":[{"count":1,"href":"https:\/\/stone-heap.com\/en\/wp-json\/wp\/v2\/product\/15393\/revisions"}],"predecessor-version":[{"id":15889,"href":"https:\/\/stone-heap.com\/en\/wp-json\/wp\/v2\/product\/15393\/revisions\/15889"}],"wp:featuredmedia":[{"embeddable":true,"href":"https:\/\/stone-heap.com\/en\/wp-json\/wp\/v2\/media\/15423"}],"wp:attachment":[{"href":"https:\/\/stone-heap.com\/en\/wp-json\/wp\/v2\/media?parent=15393"}],"wp:term":[{"taxonomy":"product_brand","embeddable":true,"href":"https:\/\/stone-heap.com\/en\/wp-json\/wp\/v2\/product_brand?post=15393"},{"taxonomy":"product_cat","embeddable":true,"href":"https:\/\/stone-heap.com\/en\/wp-json\/wp\/v2\/product_cat?post=15393"},{"taxonomy":"product_tag","embeddable":true,"href":"https:\/\/stone-heap.com\/en\/wp-json\/wp\/v2\/product_tag?post=15393"}],"curies":[{"name":"wp","href":"https:\/\/api.w.org\/{rel}","templated":true}]}}