{"id":15565,"date":"2024-12-07T14:06:21","date_gmt":"2024-12-07T13:06:21","guid":{"rendered":"https:\/\/stone-heap.com\/?post_type=product&#038;p=15565"},"modified":"2026-04-15T19:36:35","modified_gmt":"2026-04-15T17:36:35","slug":"wiener-linien-flexity","status":"publish","type":"product","link":"https:\/\/stone-heap.com\/en\/shop\/komplettsets\/produkt\/wiener-linien-flexity\/","title":{"rendered":"Wiener Linien &#8211; Flexity"},"content":{"rendered":"<p>Number of stones: <span class=\"product-detail-tab-preview-more\"><span style=\"color: #000000\">1.237<\/span><\/span><br \/>\nLevel of difficulty: Easy<br \/>\nAge recommendation: 6+<br \/>\nL\u00e4nge: 55 cm<br \/>\nDesigner: <a href=\"https:\/\/derklassiker.at\/\" rel=\"nofollow noopener\" target=\"_blank\">derKlassiker<\/a><br \/>\nLicensing partner: <a href=\"https:\/\/www.wienerlinien.at\/\" rel=\"nofollow noopener\" target=\"_blank\">Wiener Linien<\/a><\/p>\n<p>Das 1804 Flexity Starterset, bestehend aus 1.237 LEGO\u00ae-Teilen, ist der modernen Niederflur-Stra\u00dfenbahn der Type Flexity gewidmet. Die barrierefreien Fahrzeuge verf\u00fcgen \u00fcber sechs Doppelt\u00fcren, 62 Sitzpl\u00e4tze und 149 Stehpl\u00e4tze und sind seit Ende der 2010er Jahre auf Wiens Stra\u00dfen unterwegs.<\/p>","protected":false},"excerpt":{"rendered":"<p>Anzahl der Steine: 1.237 Schwierigkeitsgrad: Leicht Altersempfehlung: 6+ L\u00e4nge: 55 cm Designer: derKlassiker Lizenzpartner: Wiener Linien Das 1804 Flexity Starterset, bestehend aus 1.237 LEGO\u00ae-Teilen, ist der modernen Niederflur-Stra\u00dfenbahn der Type Flexity gewidmet. Die barrierefreien Fahrzeuge verf\u00fcgen \u00fcber sechs Doppelt\u00fcren, 62 Sitzpl\u00e4tze und 149 Stehpl\u00e4tze und sind seit Ende der 2010er Jahre auf Wiens Stra\u00dfen unterwegs.<\/p>","protected":false},"featured_media":16335,"comment_status":"open","ping_status":"closed","template":"","meta":[],"product_brand":[],"product_cat":[44,128],"product_tag":[120,127,119],"class_list":{"0":"post-15565","1":"product","2":"type-product","3":"status-publish","4":"has-post-thumbnail","6":"product_cat-komplettsets","7":"product_cat-derklassiker","8":"product_tag-komplettsets","9":"product_tag-strassenbahn","10":"product_tag-wiener-linien","11":"product_shipping_class-set-versand-neu","13":"first","14":"outofstock","15":"taxable","16":"shipping-taxable","17":"purchasable","18":"product-type-simple"},"jetpack_sharing_enabled":true,"_links":{"self":[{"href":"https:\/\/stone-heap.com\/en\/wp-json\/wp\/v2\/product\/15565","targetHints":{"allow":["GET"]}}],"collection":[{"href":"https:\/\/stone-heap.com\/en\/wp-json\/wp\/v2\/product"}],"about":[{"href":"https:\/\/stone-heap.com\/en\/wp-json\/wp\/v2\/types\/product"}],"replies":[{"embeddable":true,"href":"https:\/\/stone-heap.com\/en\/wp-json\/wp\/v2\/comments?post=15565"}],"version-history":[{"count":4,"href":"https:\/\/stone-heap.com\/en\/wp-json\/wp\/v2\/product\/15565\/revisions"}],"predecessor-version":[{"id":18212,"href":"https:\/\/stone-heap.com\/en\/wp-json\/wp\/v2\/product\/15565\/revisions\/18212"}],"wp:featuredmedia":[{"embeddable":true,"href":"https:\/\/stone-heap.com\/en\/wp-json\/wp\/v2\/media\/16335"}],"wp:attachment":[{"href":"https:\/\/stone-heap.com\/en\/wp-json\/wp\/v2\/media?parent=15565"}],"wp:term":[{"taxonomy":"product_brand","embeddable":true,"href":"https:\/\/stone-heap.com\/en\/wp-json\/wp\/v2\/product_brand?post=15565"},{"taxonomy":"product_cat","embeddable":true,"href":"https:\/\/stone-heap.com\/en\/wp-json\/wp\/v2\/product_cat?post=15565"},{"taxonomy":"product_tag","embeddable":true,"href":"https:\/\/stone-heap.com\/en\/wp-json\/wp\/v2\/product_tag?post=15565"}],"curies":[{"name":"wp","href":"https:\/\/api.w.org\/{rel}","templated":true}]}}