{"id":15624,"date":"2024-12-09T19:26:00","date_gmt":"2024-12-09T18:26:00","guid":{"rendered":"https:\/\/stone-heap.com\/?post_type=product&#038;p=15624"},"modified":"2025-08-02T21:43:35","modified_gmt":"2025-08-02T19:43:35","slug":"ab4ue-38-1-klasse-schuerzenwagen","status":"publish","type":"product","link":"https:\/\/stone-heap.com\/en\/shop\/pdf-bauanleitungen-pro\/produkt\/ab4ue-38-1-klasse-schuerzenwagen\/","title":{"rendered":"AB4\u00fc-38 &#8222;1. Klasse Sch\u00fcrzenwagen&#8220;"},"content":{"rendered":"<p>The item offered here is a digital assembly instruction in PDF file format. <strong>There are no construction elements included in the offer! <\/strong>The image is a digitally created image and is only intended to represent the finished product.<\/p>\n<p>Anzahl der ben\u00f6tigten Steine: 1850<br \/>\nSchwierigkeitsgrad:\u00a0 Anspruchsvoll<br \/>\nAge recommendation: 14+<br \/>\nDesigner: <a href=\"https:\/\/stone-heap.com\/en\/ueber-uns\/andi-federhofer\/\">Andi<\/a><\/p>\n<p>Sch\u00fcrzenwagen waren f\u00fcr Jahrzehnte der Inbegriff f\u00fcr luxuri\u00f6sen Schnellverkehr auf deutschen Gleisen.<\/p>\n<p>Die ersten Serien w\u00fcrden 1939 gebaut, um passendes schnelllaufendes Wagenmaterial f\u00fcr die damals neuesten Schnellzuglokomotiven wie die Baureihe 01.10, 05, E-18 und E-19 bereitzustellen.<br \/>\nDie exakte Bezeichnung dieses Modells ist \u201eAB4\u00fc-38\u201c, der Wagen stammt genau aus dieser ersten Serie. Wer sich also f\u00fcr seine Schnellzuglok ein standesgem\u00e4\u00dfen Zug zusammenstellen m\u00f6chte ist mit diesem Modell, sowie den anderen Sch\u00fcrzenwagen bei uns im Shop, perfekt beraten.<\/p>\n<p>Der Wagen ist bis auf die vier 1&#215;2 Slope Curved 37352 an den Wagenenden komplett aus Lego baubar, alternativ k\u00f6nnen vier 1&#215;2 Slopes 85984 und dazu vier 1&#215;2 plates verwendet werden.<\/p>\n<p><strong>Save 10% on your first purchase at Webrick with code \"Stoneheap\".<\/strong><\/p>\n<div class=\"steine-button\" style=\"width: 250px; padding: 10px; border: 0px solid #105F8B; border-radius: 25px; height: 45px; background-color: #105f8b;\"><a style=\"color: #fff; text-align: center; font-weight: 900;\" href=\"https:\/\/www.webrick.com\/wp_collection\/share\/INnEP1dsOX4kIkln2FzJfR3BmxPLCzyP\/#aid=stoneheap\" rel=\"nofollow noopener\" target=\"_blank\"> Order parts EXTERNALLY now<\/a><\/div>\n<p>&nbsp;<\/p>","protected":false},"excerpt":{"rendered":"<p>Bei dem hier angebotenen Artikel handelt es sich um eine digitale Aufbauanleitung im PDF-Dateiformat. Es sind keine Bauelemente im Angebot enthalten! Bei der Abbildung handelt es sich um ein digital erstelltes Bild und soll lediglich das fertige Produkt darstellen. Anzahl der ben\u00f6tigten Steine: 1850 Schwierigkeitsgrad:\u00a0 Anspruchsvoll Altersempfehlung: 14+ Designer: Andi Sch\u00fcrzenwagen waren f\u00fcr Jahrzehnte der [&hellip;]<\/p>","protected":false},"featured_media":15629,"comment_status":"open","ping_status":"closed","template":"","meta":[],"product_brand":[],"product_cat":[66,117,43],"product_tag":[16,87,80],"class_list":{"0":"post-15624","1":"product","2":"type-product","3":"status-publish","4":"has-post-thumbnail","6":"product_cat-pdf-bauanleitungen-pro","7":"product_cat-personenwagen-pdf-bauanleitungen-pro","8":"product_cat-pdf-bauanleitungen","9":"product_tag-8-noppen","10":"product_tag-personenwagen","11":"product_tag-wagen","13":"first","14":"instock","15":"downloadable","16":"virtual","17":"sold-individually","18":"taxable","19":"purchasable","20":"product-type-simple"},"jetpack_sharing_enabled":true,"_links":{"self":[{"href":"https:\/\/stone-heap.com\/en\/wp-json\/wp\/v2\/product\/15624","targetHints":{"allow":["GET"]}}],"collection":[{"href":"https:\/\/stone-heap.com\/en\/wp-json\/wp\/v2\/product"}],"about":[{"href":"https:\/\/stone-heap.com\/en\/wp-json\/wp\/v2\/types\/product"}],"replies":[{"embeddable":true,"href":"https:\/\/stone-heap.com\/en\/wp-json\/wp\/v2\/comments?post=15624"}],"version-history":[{"count":1,"href":"https:\/\/stone-heap.com\/en\/wp-json\/wp\/v2\/product\/15624\/revisions"}],"predecessor-version":[{"id":17168,"href":"https:\/\/stone-heap.com\/en\/wp-json\/wp\/v2\/product\/15624\/revisions\/17168"}],"wp:featuredmedia":[{"embeddable":true,"href":"https:\/\/stone-heap.com\/en\/wp-json\/wp\/v2\/media\/15629"}],"wp:attachment":[{"href":"https:\/\/stone-heap.com\/en\/wp-json\/wp\/v2\/media?parent=15624"}],"wp:term":[{"taxonomy":"product_brand","embeddable":true,"href":"https:\/\/stone-heap.com\/en\/wp-json\/wp\/v2\/product_brand?post=15624"},{"taxonomy":"product_cat","embeddable":true,"href":"https:\/\/stone-heap.com\/en\/wp-json\/wp\/v2\/product_cat?post=15624"},{"taxonomy":"product_tag","embeddable":true,"href":"https:\/\/stone-heap.com\/en\/wp-json\/wp\/v2\/product_tag?post=15624"}],"curies":[{"name":"wp","href":"https:\/\/api.w.org\/{rel}","templated":true}]}}