{"id":15829,"date":"2024-12-25T02:04:25","date_gmt":"2024-12-25T01:04:25","guid":{"rendered":"https:\/\/stone-heap.com\/?post_type=product&#038;p=15829"},"modified":"2026-04-13T12:57:11","modified_gmt":"2026-04-13T10:57:11","slug":"tuffi-elefantendame","status":"publish","type":"product","link":"https:\/\/stone-heap.com\/en\/shop\/komplettsets\/produkt\/tuffi-elefantendame\/","title":{"rendered":"Elephant lady \"Tuffi\""},"content":{"rendered":"<p>The article offered here is a complete set <strong>Including clamp bricks, printed instructions and fully printed box! <\/strong><\/p>\n<p>Number of bricks: 39<br \/>\nLevel of difficulty: Easy<br \/>\nModellgr\u00f6\u00dfe: 8 cm x 4,5 cm x 6 cm<br \/>\nAltersempfehlung: 5+<\/p>\n<p>Die weltber\u00fchmte Elefantendame &#8222;Tuffi&#8220; gibt es jetzt zum Selberbauen aus Noppensteinen &#8211; ein wunderbares Geschenk f\u00fcr Klein und Gro\u00df.<\/p>\n<p>Als der Zirkus Althoff im Jahr 1950 in Wuppertal gastierte, sollte das Elefantenm\u00e4dchen Tuffi eine Werbefahrt mit der Schwebebahn unternehmen. Am 21. Juli startete die Fahrt an der Station Alter Markt, doch bereits vor der n\u00e4chsten Station Adlerbr\u00fccke wurde dem kleinen Elefanten das Gedr\u00e4nge zu viel. Laut trompetend dr\u00fcckte sie sich gegen die Au\u00dfenwand der Schwebebahn, die nachgab. Tuffi fiel in die Wupper und \u00fcberlebte den Sturz mit einer kleinen Schramme am Po. Mit dieser Geschichte wurde Tuffi eine kleine Ber\u00fchmtheit, erz\u00e4hlt aus der Stadt mit der Schwebebahn.<\/p>","protected":false},"excerpt":{"rendered":"<p>Bei dem hier angebotenen Artikel handelt es sich um ein Komplettset inklusive Klemmbausteine, bedruckte Anleitung und voll bedruckte Schachtel! Anzahl der Steine: 39 Schwierigkeitsgrad: leicht Modellgr\u00f6\u00dfe: 8 cm x 4,5 cm x 6 cm Altersempfehlung: 5+ Die weltber\u00fchmte Elefantendame &#8222;Tuffi&#8220; gibt es jetzt zum Selberbauen aus Noppensteinen &#8211; ein wunderbares Geschenk f\u00fcr Klein und Gro\u00df. [&hellip;]<\/p>","protected":false},"featured_media":10116,"comment_status":"open","ping_status":"closed","template":"","meta":[],"product_brand":[],"product_cat":[44,140],"product_tag":[120],"class_list":{"0":"post-15829","1":"product","2":"type-product","3":"status-publish","4":"has-post-thumbnail","6":"product_cat-komplettsets","7":"product_cat-stone-heap","8":"product_tag-komplettsets","9":"product_shipping_class-set-versand-neu","11":"first","12":"instock","13":"taxable","14":"shipping-taxable","15":"purchasable","16":"product-type-simple"},"jetpack_sharing_enabled":true,"_links":{"self":[{"href":"https:\/\/stone-heap.com\/en\/wp-json\/wp\/v2\/product\/15829","targetHints":{"allow":["GET"]}}],"collection":[{"href":"https:\/\/stone-heap.com\/en\/wp-json\/wp\/v2\/product"}],"about":[{"href":"https:\/\/stone-heap.com\/en\/wp-json\/wp\/v2\/types\/product"}],"replies":[{"embeddable":true,"href":"https:\/\/stone-heap.com\/en\/wp-json\/wp\/v2\/comments?post=15829"}],"version-history":[{"count":3,"href":"https:\/\/stone-heap.com\/en\/wp-json\/wp\/v2\/product\/15829\/revisions"}],"predecessor-version":[{"id":15855,"href":"https:\/\/stone-heap.com\/en\/wp-json\/wp\/v2\/product\/15829\/revisions\/15855"}],"wp:featuredmedia":[{"embeddable":true,"href":"https:\/\/stone-heap.com\/en\/wp-json\/wp\/v2\/media\/10116"}],"wp:attachment":[{"href":"https:\/\/stone-heap.com\/en\/wp-json\/wp\/v2\/media?parent=15829"}],"wp:term":[{"taxonomy":"product_brand","embeddable":true,"href":"https:\/\/stone-heap.com\/en\/wp-json\/wp\/v2\/product_brand?post=15829"},{"taxonomy":"product_cat","embeddable":true,"href":"https:\/\/stone-heap.com\/en\/wp-json\/wp\/v2\/product_cat?post=15829"},{"taxonomy":"product_tag","embeddable":true,"href":"https:\/\/stone-heap.com\/en\/wp-json\/wp\/v2\/product_tag?post=15829"}],"curies":[{"name":"wp","href":"https:\/\/api.w.org\/{rel}","templated":true}]}}