{"id":16320,"date":"2025-02-02T19:24:50","date_gmt":"2025-02-02T18:24:50","guid":{"rendered":"https:\/\/stone-heap.com\/?post_type=product&#038;p=16320"},"modified":"2025-08-02T21:43:34","modified_gmt":"2025-08-02T19:43:34","slug":"wiener-lokalbahnen-badnerbahn-tw100","status":"publish","type":"product","link":"https:\/\/stone-heap.com\/en\/shop\/komplettsets\/produkt\/wiener-lokalbahnen-badnerbahn-tw100\/","title":{"rendered":"Wiener Lokalbahnen &#8211; Badnerbahn TW100"},"content":{"rendered":"<p>Number of stones: 899<br \/>\nLevel of difficulty: Medium<br \/>\nAge recommendation: 8+<br \/>\nL\u00e4nge: 59 cm<br \/>\nDesigner: <a href=\"https:\/\/derklassiker.at\/\" rel=\"nofollow noopener\" target=\"_blank\">derKlassiker<\/a><br \/>\nLicensing partner: <a href=\"https:\/\/www.wlb.at\/\" rel=\"nofollow noopener\" target=\"_blank\">Wiener Lokalbahn<\/a><\/p>\n<p>Erlebe Wiener Verkehrsgeschichte mit dem detailgetreuen LEGO Modell der TW100 Stra\u00dfenbahn! Diese ikonische Garnitur der Wiener Lokalbahnen, bekannt f\u00fcr ihre markante blau-wei\u00dfe Lackierung, f\u00e4hrt seit Jahrzehnten zwischen Wien und Baden.<\/p>\n<p>Mit liebevoll gestalteten Details wie den typischen Scheinwerfern, realistischen T\u00fcren und einem authentischen Stromabnehmer wird dieses Modell zum Highlight deiner LEGO Stadt. Die Stra\u00dfenbahn ist kompatibel mit LEGO Schienen und kann mit weiteren Waggons erweitert werden.<\/p>","protected":false},"excerpt":{"rendered":"<p>Anzahl der Steine: 899 Schwierigkeitsgrad: mittel Altersempfehlung: 8+ L\u00e4nge: 59 cm Designer: derKlassiker Lizenzpartner: Wiener Lokalbahn Erlebe Wiener Verkehrsgeschichte mit dem detailgetreuen LEGO Modell der TW100 Stra\u00dfenbahn! Diese ikonische Garnitur der Wiener Lokalbahnen, bekannt f\u00fcr ihre markante blau-wei\u00dfe Lackierung, f\u00e4hrt seit Jahrzehnten zwischen Wien und Baden. Mit liebevoll gestalteten Details wie den typischen Scheinwerfern, realistischen [&hellip;]<\/p>","protected":false},"featured_media":16322,"comment_status":"open","ping_status":"closed","template":"","meta":[],"product_brand":[],"product_cat":[44,128],"product_tag":[120,127,253],"class_list":{"0":"post-16320","1":"product","2":"type-product","3":"status-publish","4":"has-post-thumbnail","6":"product_cat-komplettsets","7":"product_cat-derklassiker","8":"product_tag-komplettsets","9":"product_tag-strassenbahn","10":"product_tag-wiener-lokalbahnen","11":"product_shipping_class-set-versand-neu","13":"first","14":"outofstock","15":"taxable","16":"shipping-taxable","17":"purchasable","18":"product-type-simple"},"jetpack_sharing_enabled":true,"_links":{"self":[{"href":"https:\/\/stone-heap.com\/en\/wp-json\/wp\/v2\/product\/16320","targetHints":{"allow":["GET"]}}],"collection":[{"href":"https:\/\/stone-heap.com\/en\/wp-json\/wp\/v2\/product"}],"about":[{"href":"https:\/\/stone-heap.com\/en\/wp-json\/wp\/v2\/types\/product"}],"replies":[{"embeddable":true,"href":"https:\/\/stone-heap.com\/en\/wp-json\/wp\/v2\/comments?post=16320"}],"version-history":[{"count":3,"href":"https:\/\/stone-heap.com\/en\/wp-json\/wp\/v2\/product\/16320\/revisions"}],"predecessor-version":[{"id":16324,"href":"https:\/\/stone-heap.com\/en\/wp-json\/wp\/v2\/product\/16320\/revisions\/16324"}],"wp:featuredmedia":[{"embeddable":true,"href":"https:\/\/stone-heap.com\/en\/wp-json\/wp\/v2\/media\/16322"}],"wp:attachment":[{"href":"https:\/\/stone-heap.com\/en\/wp-json\/wp\/v2\/media?parent=16320"}],"wp:term":[{"taxonomy":"product_brand","embeddable":true,"href":"https:\/\/stone-heap.com\/en\/wp-json\/wp\/v2\/product_brand?post=16320"},{"taxonomy":"product_cat","embeddable":true,"href":"https:\/\/stone-heap.com\/en\/wp-json\/wp\/v2\/product_cat?post=16320"},{"taxonomy":"product_tag","embeddable":true,"href":"https:\/\/stone-heap.com\/en\/wp-json\/wp\/v2\/product_tag?post=16320"}],"curies":[{"name":"wp","href":"https:\/\/api.w.org\/{rel}","templated":true}]}}