{"id":16330,"date":"2025-02-03T11:10:36","date_gmt":"2025-02-03T10:10:36","guid":{"rendered":"https:\/\/stone-heap.com\/?post_type=product&#038;p=16330"},"modified":"2025-10-21T10:36:10","modified_gmt":"2025-10-21T08:36:10","slug":"wiener-linien-strassenbahnwaggon-3-e1","status":"publish","type":"product","link":"https:\/\/stone-heap.com\/en\/shop\/komplettsets\/produkt\/wiener-linien-strassenbahnwaggon-3-e1\/","title":{"rendered":"Wiener Linien &#8211; Stra\u00dfenbahnwaggon 3 E1"},"content":{"rendered":"<p>Anzahl der Steine: 322<br \/>\nLevel of difficulty: Easy<br \/>\nAge recommendation: 7+<br \/>\nL\u00e4nge: 32 cm<br \/>\nDesigner: <a href=\"https:\/\/derklassiker.at\/\" rel=\"nofollow noopener\" target=\"_blank\">derKlassiker<\/a><br \/>\nLicensing partner: <a href=\"https:\/\/www.wienerlinien.at\/\" rel=\"nofollow noopener\" target=\"_blank\">Wiener Linien<\/a><\/p>\n<p>Hol dir ein St\u00fcck Wiener Geschichte in dein LEGO-Universum mit dem legend\u00e4ren Stra\u00dfenbahnwaggon 3 des Typs E1! Als fester Bestandteil der Wiener Linien pr\u00e4gte dieser Beiwagen \u00fcber Jahrzehnte das Stadtbild und erg\u00e4nzte die klassische E1-Stra\u00dfenbahn, um noch mehr Fahrg\u00e4ste komfortabel ans Ziel zu bringen.<\/p>\n<p>Dieses detailgetreue LEGO-Modell \u00fcberzeugt mit originalgetreuen Fenstern, beweglichen T\u00fcren und realistischen Kupplungen zur Verbindung mit dem Triebwagen. Perfekt kompatibel mit LEGO-Schienen, f\u00fcgt sich der Waggon nahtlos in deine Stadtlandschaft ein und macht dein Stra\u00dfenbahn-Set noch authentischer!<\/p>","protected":false},"excerpt":{"rendered":"<p>Anzahl der Steine: 322 Schwierigkeitsgrad: Leicht Altersempfehlung: 7+ L\u00e4nge: 32 cm Designer: derKlassiker Lizenzpartner: Wiener Linien Hol dir ein St\u00fcck Wiener Geschichte in dein LEGO-Universum mit dem legend\u00e4ren Stra\u00dfenbahnwaggon 3 des Typs E1! Als fester Bestandteil der Wiener Linien pr\u00e4gte dieser Beiwagen \u00fcber Jahrzehnte das Stadtbild und erg\u00e4nzte die klassische E1-Stra\u00dfenbahn, um noch mehr Fahrg\u00e4ste [&hellip;]<\/p>","protected":false},"featured_media":16332,"comment_status":"open","ping_status":"closed","template":"","meta":[],"product_brand":[],"product_cat":[44,128],"product_tag":[120,127,119],"class_list":{"0":"post-16330","1":"product","2":"type-product","3":"status-publish","4":"has-post-thumbnail","6":"product_cat-komplettsets","7":"product_cat-derklassiker","8":"product_tag-komplettsets","9":"product_tag-strassenbahn","10":"product_tag-wiener-linien","11":"product_shipping_class-set-versand-neu","13":"first","14":"outofstock","15":"taxable","16":"shipping-taxable","17":"purchasable","18":"product-type-simple"},"jetpack_sharing_enabled":true,"_links":{"self":[{"href":"https:\/\/stone-heap.com\/en\/wp-json\/wp\/v2\/product\/16330","targetHints":{"allow":["GET"]}}],"collection":[{"href":"https:\/\/stone-heap.com\/en\/wp-json\/wp\/v2\/product"}],"about":[{"href":"https:\/\/stone-heap.com\/en\/wp-json\/wp\/v2\/types\/product"}],"replies":[{"embeddable":true,"href":"https:\/\/stone-heap.com\/en\/wp-json\/wp\/v2\/comments?post=16330"}],"version-history":[{"count":2,"href":"https:\/\/stone-heap.com\/en\/wp-json\/wp\/v2\/product\/16330\/revisions"}],"predecessor-version":[{"id":16333,"href":"https:\/\/stone-heap.com\/en\/wp-json\/wp\/v2\/product\/16330\/revisions\/16333"}],"wp:featuredmedia":[{"embeddable":true,"href":"https:\/\/stone-heap.com\/en\/wp-json\/wp\/v2\/media\/16332"}],"wp:attachment":[{"href":"https:\/\/stone-heap.com\/en\/wp-json\/wp\/v2\/media?parent=16330"}],"wp:term":[{"taxonomy":"product_brand","embeddable":true,"href":"https:\/\/stone-heap.com\/en\/wp-json\/wp\/v2\/product_brand?post=16330"},{"taxonomy":"product_cat","embeddable":true,"href":"https:\/\/stone-heap.com\/en\/wp-json\/wp\/v2\/product_cat?post=16330"},{"taxonomy":"product_tag","embeddable":true,"href":"https:\/\/stone-heap.com\/en\/wp-json\/wp\/v2\/product_tag?post=16330"}],"curies":[{"name":"wp","href":"https:\/\/api.w.org\/{rel}","templated":true}]}}