{"id":17130,"date":"2025-08-02T10:39:59","date_gmt":"2025-08-02T08:39:59","guid":{"rendered":"https:\/\/stone-heap.com\/?post_type=product&#038;p=17130"},"modified":"2025-10-06T12:50:12","modified_gmt":"2025-10-06T10:50:12","slug":"1-kg-klemmbausteine-tan","status":"publish","type":"product","link":"https:\/\/stone-heap.com\/en\/shop\/zubehoer\/produkt\/1-kg-klemmbausteine-tan\/","title":{"rendered":"1 kg of building blocks \u2013 Tan"},"content":{"rendered":"<p data-start=\"174\" data-end=\"379\"><strong>Produktbild zeigt ein Beispiel. Der tats\u00e4chliche Inhalt kann farblich und in der Formgebung abweichen. Jedes Paket ist individuell gemischt \u2013 vereinzelt kann es zu leichten Farbabweichungen kommen. Kann auch bedruckte Teile beinhalten.\u00a0<\/strong><\/p>\n<p>Entdecke die bunte Welt der Klemmbausteine mit unserem 1\u202fkg-Paket voller kreativer M\u00f6glichkeiten! Die Steine stammen ausschlie\u00dflich aus erster Hand, sind neu und \u00fcberzeugen durch ihre sehr gute Klemmkraft. Alle enthaltenen Teile sind mit g\u00e4ngigen Klemmbaustein-Marken kompatibel und eignen sich ideal zum Bauen, Erweitern und Experimentieren \u2013 egal ob f\u00fcr Kinder, Sammler oder Hobby-MOCer.Das<\/p>","protected":false},"excerpt":{"rendered":"<p>Produktbild zeigt ein Beispiel. Der tats\u00e4chliche Inhalt kann farblich und in der Formgebung abweichen. Jedes Paket ist individuell gemischt \u2013 vereinzelt kann es zu leichten Farbabweichungen kommen. Kann auch bedruckte Teile beinhalten.\u00a0 Entdecke die bunte Welt der Klemmbausteine mit unserem 1\u202fkg-Paket voller kreativer M\u00f6glichkeiten! Die Steine stammen ausschlie\u00dflich aus erster Hand, sind neu und \u00fcberzeugen [&hellip;]<\/p>","protected":false},"featured_media":17115,"comment_status":"open","ping_status":"closed","template":"","meta":[],"product_brand":[],"product_cat":[98,537],"product_tag":[536,123],"class_list":{"0":"post-17130","1":"product","2":"type-product","3":"status-publish","4":"has-post-thumbnail","6":"product_cat-zubehoer","7":"product_cat-kiloware","8":"product_tag-klemmbausteine","9":"product_tag-zubehoer","10":"product_shipping_class-set-versand-neu","12":"first","13":"outofstock","14":"taxable","15":"shipping-taxable","16":"purchasable","17":"product-type-simple"},"jetpack_sharing_enabled":true,"_links":{"self":[{"href":"https:\/\/stone-heap.com\/en\/wp-json\/wp\/v2\/product\/17130","targetHints":{"allow":["GET"]}}],"collection":[{"href":"https:\/\/stone-heap.com\/en\/wp-json\/wp\/v2\/product"}],"about":[{"href":"https:\/\/stone-heap.com\/en\/wp-json\/wp\/v2\/types\/product"}],"replies":[{"embeddable":true,"href":"https:\/\/stone-heap.com\/en\/wp-json\/wp\/v2\/comments?post=17130"}],"version-history":[{"count":2,"href":"https:\/\/stone-heap.com\/en\/wp-json\/wp\/v2\/product\/17130\/revisions"}],"predecessor-version":[{"id":17147,"href":"https:\/\/stone-heap.com\/en\/wp-json\/wp\/v2\/product\/17130\/revisions\/17147"}],"wp:featuredmedia":[{"embeddable":true,"href":"https:\/\/stone-heap.com\/en\/wp-json\/wp\/v2\/media\/17115"}],"wp:attachment":[{"href":"https:\/\/stone-heap.com\/en\/wp-json\/wp\/v2\/media?parent=17130"}],"wp:term":[{"taxonomy":"product_brand","embeddable":true,"href":"https:\/\/stone-heap.com\/en\/wp-json\/wp\/v2\/product_brand?post=17130"},{"taxonomy":"product_cat","embeddable":true,"href":"https:\/\/stone-heap.com\/en\/wp-json\/wp\/v2\/product_cat?post=17130"},{"taxonomy":"product_tag","embeddable":true,"href":"https:\/\/stone-heap.com\/en\/wp-json\/wp\/v2\/product_tag?post=17130"}],"curies":[{"name":"wp","href":"https:\/\/api.w.org\/{rel}","templated":true}]}}