{"id":17310,"date":"2025-08-08T18:16:48","date_gmt":"2025-08-08T16:16:48","guid":{"rendered":"https:\/\/stone-heap.com\/?post_type=product&#038;p=17310"},"modified":"2026-04-08T10:25:59","modified_gmt":"2026-04-08T08:25:59","slug":"fernbedienung-akkubox","status":"publish","type":"product","link":"https:\/\/stone-heap.com\/en\/shop\/zubehoer\/produkt\/fernbedienung-akkubox\/","title":{"rendered":"Remote control &amp; battery box"},"content":{"rendered":"<p data-start=\"173\" data-end=\"425\">Steuere deine Modelle zuverl\u00e4ssig mit unserem Fernbedienungs- und Akkubox-Set. Gefertigt im Spritzgussverfahren, eignet sich das Set ideal f\u00fcr unterschiedliche Zug- und Fahrzeugmodelle.<\/p>\n<p data-start=\"427\" data-end=\"446\">Lieferumfang:<strong data-start=\"427\" data-end=\"444\"><br \/>\n<\/strong>1\u00d7 Fernbedienung<br \/>\n1\u00d7 Akkubox \/ Power-Modul<br \/>\n1\u00d7 USB-Ladekabel<\/p>\n<p>Highlights:<br \/>\nStufenlose Geschwindigkeitenregelung, besonders geeigent f\u00fcr Eisenbahnmodelle<br \/>\nEinfache Steuerung f\u00fcr diverse Sets und Antriebe<br \/>\nWiederaufladbar \u2013 praktisches Laden per USB<br \/>\nPr\u00e4ziser Spritzguss \u2013 stabile, zuverl\u00e4ssige Verbindungen<br \/>\nKompatibel mit unseren Modellen und g\u00e4ngigen Herstellern<\/p>\n<p>Mit diesem Set r\u00fcstest du deine Modelle schnell und sauber auf \u2013 f\u00fcr mehr Kontrolle, Leistung und Spa\u00df an deinen Klemmbaustein-Projekten.<\/p>","protected":false},"excerpt":{"rendered":"<p>Steuere deine Modelle zuverl\u00e4ssig mit unserem Fernbedienungs- und Akkubox-Set. Gefertigt im Spritzgussverfahren, eignet sich das Set ideal f\u00fcr unterschiedliche Zug- und Fahrzeugmodelle. Lieferumfang: 1\u00d7 Fernbedienung 1\u00d7 Akkubox \/ Power-Modul 1\u00d7 USB-Ladekabel Highlights: Stufenlose Geschwindigkeitenregelung, besonders geeigent f\u00fcr Eisenbahnmodelle Einfache Steuerung f\u00fcr diverse Sets und Antriebe Wiederaufladbar \u2013 praktisches Laden per USB Pr\u00e4ziser Spritzguss \u2013 stabile, [&hellip;]<\/p>","protected":false},"featured_media":17313,"comment_status":"open","ping_status":"closed","template":"","meta":[],"product_brand":[],"product_cat":[98,541],"product_tag":[542,123],"class_list":{"0":"post-17310","1":"product","2":"type-product","3":"status-publish","4":"has-post-thumbnail","6":"product_cat-zubehoer","7":"product_cat-motorisierung","8":"product_tag-motor","9":"product_tag-zubehoer","10":"product_shipping_class-set-versand-neu","12":"first","13":"instock","14":"taxable","15":"shipping-taxable","16":"purchasable","17":"product-type-simple"},"jetpack_sharing_enabled":true,"_links":{"self":[{"href":"https:\/\/stone-heap.com\/en\/wp-json\/wp\/v2\/product\/17310","targetHints":{"allow":["GET"]}}],"collection":[{"href":"https:\/\/stone-heap.com\/en\/wp-json\/wp\/v2\/product"}],"about":[{"href":"https:\/\/stone-heap.com\/en\/wp-json\/wp\/v2\/types\/product"}],"replies":[{"embeddable":true,"href":"https:\/\/stone-heap.com\/en\/wp-json\/wp\/v2\/comments?post=17310"}],"version-history":[{"count":6,"href":"https:\/\/stone-heap.com\/en\/wp-json\/wp\/v2\/product\/17310\/revisions"}],"predecessor-version":[{"id":17319,"href":"https:\/\/stone-heap.com\/en\/wp-json\/wp\/v2\/product\/17310\/revisions\/17319"}],"wp:featuredmedia":[{"embeddable":true,"href":"https:\/\/stone-heap.com\/en\/wp-json\/wp\/v2\/media\/17313"}],"wp:attachment":[{"href":"https:\/\/stone-heap.com\/en\/wp-json\/wp\/v2\/media?parent=17310"}],"wp:term":[{"taxonomy":"product_brand","embeddable":true,"href":"https:\/\/stone-heap.com\/en\/wp-json\/wp\/v2\/product_brand?post=17310"},{"taxonomy":"product_cat","embeddable":true,"href":"https:\/\/stone-heap.com\/en\/wp-json\/wp\/v2\/product_cat?post=17310"},{"taxonomy":"product_tag","embeddable":true,"href":"https:\/\/stone-heap.com\/en\/wp-json\/wp\/v2\/product_tag?post=17310"}],"curies":[{"name":"wp","href":"https:\/\/api.w.org\/{rel}","templated":true}]}}