{"id":17698,"date":"2025-09-14T16:17:39","date_gmt":"2025-09-14T14:17:39","guid":{"rendered":"https:\/\/stone-heap.com\/?post_type=product&#038;p=17698"},"modified":"2026-04-15T18:48:42","modified_gmt":"2026-04-15T16:48:42","slug":"br-323-koef-ii","status":"publish","type":"product","link":"https:\/\/stone-heap.com\/en\/shop\/komplettsets\/produkt\/br-323-koef-ii\/","title":{"rendered":"BR 323 K\u00f6f II"},"content":{"rendered":"<p><strong>The item offered here is a complete set including clamping blocks, printed instructions, and a fully printed box!<\/strong><\/p>\n<p>Anzahl der Steine: 406<br \/>\nLevel of difficulty: Medium<br \/>\nModellgr\u00f6\u00dfe: 14,5 cm x 8 cm x 7 cm<br \/>\nAge recommendation: 14+<br \/>\nMindestradius: R40<br \/>\nMotorisierungsart: <a href=\"https:\/\/stone-heap.com\/en\/shop\/zubehoer\/produkt\/motorisierungskit-circuit-cubes\/\">Circuit Cubes<\/a><\/p>\n<p>Die K\u00f6f II Diesellok aus Klemmbausteinen ist ein offiziell DB-lizenziertes Modell der bekannten Rangierlok der Deutschen Bundesbahn. Sie \u00fcberzeugt durch zahlreiche bedruckten Teilen, die f\u00fcr eine authentische Optik sorgen. Ganz ohne Aufkleber.<\/p>\n<p>Dank einer speziell entwickelten Elektronik (separat erh\u00e4ltlich) ist die Lok motorisierbar und voll funktionsf\u00e4hig auf g\u00e4ngigen Klemmbaustein-Schienen einsetzbar. Kompakt im Design, stark in der Wirkung,\u00a0 ein echtes Highlight f\u00fcr Eisenbahnfans und Klemmbaustein-Sammler.<\/p>","protected":false},"excerpt":{"rendered":"<p>Bei dem hier angebotenen Artikel handelt es sich um ein Komplettset inklusive Klemmbausteine, bedruckte Anleitung und voll bedruckte Schachtel! Anzahl der Steine: 406 Schwierigkeitsgrad: mittel Modellgr\u00f6\u00dfe: 14,5 cm x 8 cm x 7 cm Altersempfehlung: 14+ Mindestradius: R40 Motorisierungsart: Circuit Cubes Die K\u00f6f II Diesellok aus Klemmbausteinen ist ein offiziell DB-lizenziertes Modell der bekannten Rangierlok [&hellip;]<\/p>","protected":false},"featured_media":18395,"comment_status":"open","ping_status":"closed","template":"","meta":[],"product_brand":[],"product_cat":[44,140,555],"product_tag":[26,550],"class_list":{"0":"post-17698","1":"product","2":"type-product","3":"status-publish","4":"has-post-thumbnail","6":"product_cat-komplettsets","7":"product_cat-stone-heap","8":"product_cat-eisenbahn","9":"product_tag-diesellok","10":"product_tag-eisenbahn","11":"product_shipping_class-set-versand-neu","13":"first","14":"instock","15":"taxable","16":"shipping-taxable","17":"purchasable","18":"product-type-simple"},"jetpack_sharing_enabled":true,"_links":{"self":[{"href":"https:\/\/stone-heap.com\/en\/wp-json\/wp\/v2\/product\/17698","targetHints":{"allow":["GET"]}}],"collection":[{"href":"https:\/\/stone-heap.com\/en\/wp-json\/wp\/v2\/product"}],"about":[{"href":"https:\/\/stone-heap.com\/en\/wp-json\/wp\/v2\/types\/product"}],"replies":[{"embeddable":true,"href":"https:\/\/stone-heap.com\/en\/wp-json\/wp\/v2\/comments?post=17698"}],"version-history":[{"count":6,"href":"https:\/\/stone-heap.com\/en\/wp-json\/wp\/v2\/product\/17698\/revisions"}],"predecessor-version":[{"id":18517,"href":"https:\/\/stone-heap.com\/en\/wp-json\/wp\/v2\/product\/17698\/revisions\/18517"}],"wp:featuredmedia":[{"embeddable":true,"href":"https:\/\/stone-heap.com\/en\/wp-json\/wp\/v2\/media\/18395"}],"wp:attachment":[{"href":"https:\/\/stone-heap.com\/en\/wp-json\/wp\/v2\/media?parent=17698"}],"wp:term":[{"taxonomy":"product_brand","embeddable":true,"href":"https:\/\/stone-heap.com\/en\/wp-json\/wp\/v2\/product_brand?post=17698"},{"taxonomy":"product_cat","embeddable":true,"href":"https:\/\/stone-heap.com\/en\/wp-json\/wp\/v2\/product_cat?post=17698"},{"taxonomy":"product_tag","embeddable":true,"href":"https:\/\/stone-heap.com\/en\/wp-json\/wp\/v2\/product_tag?post=17698"}],"curies":[{"name":"wp","href":"https:\/\/api.w.org\/{rel}","templated":true}]}}