{"id":17769,"date":"2025-09-15T11:32:37","date_gmt":"2025-09-15T09:32:37","guid":{"rendered":"https:\/\/stone-heap.com\/?post_type=product&#038;p=17769"},"modified":"2026-04-24T00:00:45","modified_gmt":"2026-04-23T22:00:45","slug":"avmz-801-bvmz-802-ice-1-mittelwagen-1-2-klasse","status":"publish","type":"product","link":"https:\/\/stone-heap.com\/en\/shop\/komplettsets\/produkt\/avmz-801-bvmz-802-ice-1-mittelwagen-1-2-klasse\/","title":{"rendered":"Avmz 801 \/ Bvmz 802 ICE 1 center car, 1st\/2nd class"},"content":{"rendered":"<p><strong>The item offered here is a complete set including clamping blocks, printed instructions, and a fully printed box!<\/strong><\/p>\n<p>Anzahl der Steine: 1.364<br \/>\nLevel of difficulty: Medium<br \/>\nModellgr\u00f6\u00dfe: 53 cm x 7 cm x 8,5 cm<br \/>\nAge recommendation: 14+<br \/>\nMindestradius: R40<\/p>\n<p>Der ICE\u202f1 Mittelwagen ist die perfekte Erweiterung f\u00fcr deinen Klemmbaustein-Hochgeschwindigkeitszug! Mit einem modular abnehmbaren Dach bietet das Modell detaillierten Einblick ins Innere, wo du bedruckte Sitzgarnituren, sowie realistisch gestaltete und bedruckte Displays findest. Wie beim Original wurde auf h\u00f6chste Detailtreue geachtet, selbstverst\u00e4ndlich ganz ohne Sticker, nur mit hochwertigen Prints. Der Wagen l\u00e4sst sich flexibel mit weiteren ICE\u202f1-Sets wie dem Bordrestaurantwagen erweitern und sorgt so f\u00fcr eine authentische Zugkomposition. Ideal f\u00fcr Sammler, Eisenbahnfans und Klemmbaustein-Enthusiasten \u2013 dieser Mittelwagen bringt den Komfort und Stil der Deutschen Bahn direkt zu dir nach Hause.<\/p>","protected":false},"excerpt":{"rendered":"<p>Bei dem hier angebotenen Artikel handelt es sich um ein Komplettset inklusive Klemmbausteine, bedruckte Anleitung und voll bedruckte Schachtel! Anzahl der Steine: 1.364 Schwierigkeitsgrad: mittel Modellgr\u00f6\u00dfe: 53 cm x 7 cm x 8,5 cm Altersempfehlung: 14+ Mindestradius: R40 Der ICE\u202f1 Mittelwagen ist die perfekte Erweiterung f\u00fcr deinen Klemmbaustein-Hochgeschwindigkeitszug! Mit einem modular abnehmbaren Dach bietet das [&hellip;]<\/p>","protected":false},"featured_media":18400,"comment_status":"open","ping_status":"closed","template":"","meta":[],"product_brand":[],"product_cat":[44,140,555],"product_tag":[550,87],"class_list":{"0":"post-17769","1":"product","2":"type-product","3":"status-publish","4":"has-post-thumbnail","6":"product_cat-komplettsets","7":"product_cat-stone-heap","8":"product_cat-eisenbahn","9":"product_tag-eisenbahn","10":"product_tag-personenwagen","11":"product_shipping_class-set-versand-neu","13":"first","14":"instock","15":"taxable","16":"shipping-taxable","17":"purchasable","18":"product-type-simple"},"jetpack_sharing_enabled":true,"_links":{"self":[{"href":"https:\/\/stone-heap.com\/en\/wp-json\/wp\/v2\/product\/17769","targetHints":{"allow":["GET"]}}],"collection":[{"href":"https:\/\/stone-heap.com\/en\/wp-json\/wp\/v2\/product"}],"about":[{"href":"https:\/\/stone-heap.com\/en\/wp-json\/wp\/v2\/types\/product"}],"replies":[{"embeddable":true,"href":"https:\/\/stone-heap.com\/en\/wp-json\/wp\/v2\/comments?post=17769"}],"version-history":[{"count":2,"href":"https:\/\/stone-heap.com\/en\/wp-json\/wp\/v2\/product\/17769\/revisions"}],"predecessor-version":[{"id":17995,"href":"https:\/\/stone-heap.com\/en\/wp-json\/wp\/v2\/product\/17769\/revisions\/17995"}],"wp:featuredmedia":[{"embeddable":true,"href":"https:\/\/stone-heap.com\/en\/wp-json\/wp\/v2\/media\/18400"}],"wp:attachment":[{"href":"https:\/\/stone-heap.com\/en\/wp-json\/wp\/v2\/media?parent=17769"}],"wp:term":[{"taxonomy":"product_brand","embeddable":true,"href":"https:\/\/stone-heap.com\/en\/wp-json\/wp\/v2\/product_brand?post=17769"},{"taxonomy":"product_cat","embeddable":true,"href":"https:\/\/stone-heap.com\/en\/wp-json\/wp\/v2\/product_cat?post=17769"},{"taxonomy":"product_tag","embeddable":true,"href":"https:\/\/stone-heap.com\/en\/wp-json\/wp\/v2\/product_tag?post=17769"}],"curies":[{"name":"wp","href":"https:\/\/api.w.org\/{rel}","templated":true}]}}